{"id":55008,"date":"2025-08-25T18:23:45","date_gmt":"2025-08-25T18:23:45","guid":{"rendered":"https:\/\/senabel.com\/?post_type=product&#038;p=55008"},"modified":"2026-03-01T23:08:54","modified_gmt":"2026-03-01T23:08:54","slug":"gelegodis-med-flera-smaker","status":"publish","type":"product","link":"https:\/\/senabel.com\/sv\/product\/multi-flavored-jelly-candy\/","title":{"rendered":"Gel\u00e9 Dessert med flera smaker 80g"},"content":{"rendered":"<p data-start=\"89\" data-end=\"287\">Njut av en uppfriskande och lekfull smak med <strong data-start=\"115\" data-end=\"143\">Gel\u00e9dessert med flera smaker<\/strong>kombinerar starka f\u00e4rger och uts\u00f6kt smak i varje bit. De \u00e4r perfekta f\u00f6r b\u00e5de barn och vuxna och ger en rolig touch till dina speciella stunder och tillf\u00e4llen.<\/p>\n<p data-start=\"289\" data-end=\"309\"><strong data-start=\"289\" data-end=\"307\">Produktinformation:<\/strong><\/p>\n<ul data-start=\"310\" data-end=\"471\">\n<li data-start=\"310\" data-end=\"333\">\n<p data-start=\"312\" data-end=\"333\">Vikt: 80 g netto<\/p>\n<\/li>\n<li data-start=\"334\" data-end=\"388\">\n<p data-start=\"336\" data-end=\"388\">F\u00f6rpackning: F\u00e4rgglad, f\u00f6rseglad p\u00e5se f\u00f6r att bevara f\u00e4rskheten<\/p>\n<\/li>\n<li data-start=\"389\" data-end=\"471\">\n<p data-start=\"391\" data-end=\"471\">Ingredienser: Socker, glukossirap, gelatin, naturliga och konstgjorda aromer, livsmedelss\u00e4kra f\u00e4rg\u00e4mnen<\/p>\n<\/li>\n<\/ul>\n<p data-start=\"473\" data-end=\"510\"><strong data-start=\"473\" data-end=\"508\">Inneh\u00e5ller gel\u00e9desserter i flera olika smaker:<\/strong><\/p>\n<ul data-start=\"511\" data-end=\"696\">\n<li data-start=\"511\" data-end=\"569\">\n<p data-start=\"513\" data-end=\"569\">En m\u00e4ngd olika former och smaker f\u00f6r en njutbar och distinkt upplevelse.<\/p>\n<\/li>\n<li data-start=\"570\" data-end=\"613\">\n<p data-start=\"572\" data-end=\"613\">Mjuk och tuggv\u00e4nlig konsistens som passar alla \u00e5ldrar.<\/p>\n<\/li>\n<li data-start=\"614\" data-end=\"668\">\n<p data-start=\"616\" data-end=\"668\">Perfekt som mellanm\u00e5l eller som festprylar.<\/p>\n<\/li>\n<li data-start=\"669\" data-end=\"696\">\n<p data-start=\"671\" data-end=\"696\">En halal och s\u00e4ker produkt f\u00f6r barn.<\/p>\n<\/li>\n<\/ul>\n<p data-start=\"698\" data-end=\"720\"><strong data-start=\"698\" data-end=\"718\">F\u00f6rvaringsanvisningar:<\/strong><\/p>\n<ul data-start=\"721\" data-end=\"838\">\n<li data-start=\"721\" data-end=\"779\">\n<p data-start=\"723\" data-end=\"779\">F\u00f6rvaras svalt, torrt och skyddat fr\u00e5n direkt solljus.<\/p>\n<\/li>\n<li data-start=\"780\" data-end=\"838\">\n<p data-start=\"782\" data-end=\"838\">F\u00f6rbrukas b\u00e4st inom den h\u00e5llbarhetstid som anges p\u00e5 f\u00f6rpackningen.<\/p>\n<\/li>\n<\/ul>\n<p data-start=\"840\" data-end=\"861\"><strong data-start=\"840\" data-end=\"859\">Ytterligare information:<\/strong><\/p>\n<ul data-start=\"862\" data-end=\"908\">\n<li data-start=\"862\" data-end=\"890\">\n<p data-start=\"864\" data-end=\"890\">Fri fr\u00e5n m\u00e4ttade fetter.<\/p>\n<\/li>\n<\/ul>\n<p data-start=\"910\" data-end=\"1018\">L\u00e4gg till <strong data-start=\"914\" data-end=\"942\">Gel\u00e9dessert med flera smaker<\/strong> L\u00e4gg den i din korg och ge dig sj\u00e4lv och dina n\u00e4ra och k\u00e4ra en stund av njutning och uppfriskning med varje bit.<\/p>","protected":false},"excerpt":{"rendered":"<p>Njut av en uppfriskande och lekfull smak med <strong data-start=\"115\" data-end=\"143\">Gel\u00e9dessert med flera smaker<\/strong>kombinerar starka f\u00e4rger och uts\u00f6kt smak i varje bit. De \u00e4r perfekta f\u00f6r b\u00e5de barn och vuxna och ger en rolig touch till dina speciella stunder och tillf\u00e4llen.<\/p>","protected":false},"featured_media":55009,"template":"","meta":[],"product_brand":[],"product_cat":[349,377],"product_tag":[],"class_list":{"0":"post-55008","1":"product","2":"type-product","3":"status-publish","4":"has-post-thumbnail","6":"product_cat-349","7":"product_cat-377","9":"first","10":"outofstock","11":"taxable","12":"shipping-taxable","13":"purchasable","14":"product-type-simple"},"_links":{"self":[{"href":"https:\/\/senabel.com\/sv\/wp-json\/wp\/v2\/product\/55008","targetHints":{"allow":["GET"]}}],"collection":[{"href":"https:\/\/senabel.com\/sv\/wp-json\/wp\/v2\/product"}],"about":[{"href":"https:\/\/senabel.com\/sv\/wp-json\/wp\/v2\/types\/product"}],"version-history":[{"count":2,"href":"https:\/\/senabel.com\/sv\/wp-json\/wp\/v2\/product\/55008\/revisions"}],"predecessor-version":[{"id":55337,"href":"https:\/\/senabel.com\/sv\/wp-json\/wp\/v2\/product\/55008\/revisions\/55337"}],"wp:featuredmedia":[{"embeddable":true,"href":"https:\/\/senabel.com\/sv\/wp-json\/wp\/v2\/media\/55009"}],"wp:attachment":[{"href":"https:\/\/senabel.com\/sv\/wp-json\/wp\/v2\/media?parent=55008"}],"wp:term":[{"taxonomy":"product_brand","embeddable":true,"href":"https:\/\/senabel.com\/sv\/wp-json\/wp\/v2\/product_brand?post=55008"},{"taxonomy":"product_cat","embeddable":true,"href":"https:\/\/senabel.com\/sv\/wp-json\/wp\/v2\/product_cat?post=55008"},{"taxonomy":"product_tag","embeddable":true,"href":"https:\/\/senabel.com\/sv\/wp-json\/wp\/v2\/product_tag?post=55008"}],"curies":[{"name":"wp","href":"https:\/\/api.w.org\/{rel}","templated":true}]}}