{"id":55002,"date":"2025-08-26T09:47:34","date_gmt":"2025-08-26T09:47:34","guid":{"rendered":"https:\/\/senabel.com\/?post_type=product&#038;p=55002"},"modified":"2026-04-25T15:25:20","modified_gmt":"2026-04-25T15:25:20","slug":"original-lyxiga-chokladbiskvier","status":"publish","type":"product","link":"https:\/\/senabel.com\/sv\/product\/original-luxury-chocolate-biscuits\/","title":{"rendered":"Original choklad kex f\u00f6r finsmakare"},"content":{"rendered":"<p data-start=\"99\" data-end=\"319\">Njut av en oemotst\u00e5ndlig smak med <strong data-start=\"124\" data-end=\"151\">Fancy chokladkex<\/strong>En kombination av knapriga nybakade kex och en fyllig mj\u00f6lkkr\u00e4m som toppas med ett uts\u00f6kt lager len choklad. Ett perfekt val f\u00f6r choklad\u00e4lskare och avkopplande stunder med kaffe eller te.<\/p>\n<p data-start=\"321\" data-end=\"341\"><strong data-start=\"321\" data-end=\"339\">Produktinformation:<\/strong><\/p>\n<ul data-start=\"342\" data-end=\"551\">\n<li data-start=\"342\" data-end=\"394\">\n<p data-start=\"344\" data-end=\"394\">Vikt: 24 stycken<\/p>\n<\/li>\n<li data-start=\"395\" data-end=\"461\">\n<p data-start=\"397\" data-end=\"461\">F\u00f6rpackning: F\u00f6rseglad kartong f\u00f6r att bevara f\u00e4rskhet och smak<\/p>\n<\/li>\n<li data-start=\"462\" data-end=\"551\">\n<p data-start=\"464\" data-end=\"551\">Ingredienser: Vetemj\u00f6l, socker, mj\u00f6lkkr\u00e4m, vegetabiliskt sm\u00f6r, naturlig choklad, naturliga ingredienser<\/p>\n<\/li>\n<\/ul>\n<p data-start=\"553\" data-end=\"589\"><strong data-start=\"553\" data-end=\"587\">Egenskaper hos lyxiga chokladkex:<\/strong><\/p>\n<ul data-start=\"590\" data-end=\"795\">\n<li data-start=\"590\" data-end=\"639\">\n<p data-start=\"592\" data-end=\"639\">En rik smak som kombinerar krispighet och mjukhet i varje tugga.<\/p>\n<\/li>\n<li data-start=\"640\" data-end=\"693\">\n<p data-start=\"642\" data-end=\"693\">Ett mjukt chokladlager t\u00e4cker den lyxiga mj\u00f6lkkr\u00e4mfyllningen.<\/p>\n<\/li>\n<li data-start=\"694\" data-end=\"747\">\n<p data-start=\"696\" data-end=\"747\">Perfekt att bjuda p\u00e5 eller njuta av som mellanm\u00e5l n\u00e4r som helst.<\/p>\n<\/li>\n<\/ul>\n<p data-start=\"797\" data-end=\"819\"><strong data-start=\"797\" data-end=\"817\">F\u00f6rvaringsanvisningar:<\/strong><\/p>\n<ul data-start=\"820\" data-end=\"936\">\n<li data-start=\"820\" data-end=\"878\">\n<p data-start=\"822\" data-end=\"878\">F\u00f6rvaras svalt, torrt och skyddat fr\u00e5n direkt solljus.<\/p>\n<\/li>\n<li data-start=\"879\" data-end=\"936\">\n<p data-start=\"881\" data-end=\"936\">F\u00f6rbrukas b\u00e4st inom den h\u00e5llbarhetstid som anges p\u00e5 f\u00f6rpackningen.<\/p>\n<\/li>\n<\/ul>\n<p data-start=\"1021\" data-end=\"1113\">V\u00e4lj <strong data-start=\"1026\" data-end=\"1053\">Fancy chokladkex<\/strong> F\u00f6r en lyxig smak som kombinerar h\u00f6g kvalitet och rik smak.<\/p>","protected":false},"excerpt":{"rendered":"<p>Njut av en oemotst\u00e5ndlig smak med <strong data-start=\"124\" data-end=\"151\">Fancy chokladkex<\/strong>En kombination av knapriga nybakade kex och en fyllig mj\u00f6lkkr\u00e4m som toppas med ett uts\u00f6kt lager len choklad. Ett perfekt val f\u00f6r choklad\u00e4lskare och avkopplande stunder med kaffe eller te.<\/p>","protected":false},"featured_media":55003,"template":"","meta":[],"product_brand":[],"product_cat":[349,377],"product_tag":[],"class_list":{"0":"post-55002","1":"product","2":"type-product","3":"status-publish","4":"has-post-thumbnail","6":"product_cat-349","7":"product_cat-377","9":"first","10":"instock","11":"taxable","12":"shipping-taxable","13":"purchasable","14":"product-type-simple"},"_links":{"self":[{"href":"https:\/\/senabel.com\/sv\/wp-json\/wp\/v2\/product\/55002","targetHints":{"allow":["GET"]}}],"collection":[{"href":"https:\/\/senabel.com\/sv\/wp-json\/wp\/v2\/product"}],"about":[{"href":"https:\/\/senabel.com\/sv\/wp-json\/wp\/v2\/types\/product"}],"version-history":[{"count":3,"href":"https:\/\/senabel.com\/sv\/wp-json\/wp\/v2\/product\/55002\/revisions"}],"predecessor-version":[{"id":55007,"href":"https:\/\/senabel.com\/sv\/wp-json\/wp\/v2\/product\/55002\/revisions\/55007"}],"wp:featuredmedia":[{"embeddable":true,"href":"https:\/\/senabel.com\/sv\/wp-json\/wp\/v2\/media\/55003"}],"wp:attachment":[{"href":"https:\/\/senabel.com\/sv\/wp-json\/wp\/v2\/media?parent=55002"}],"wp:term":[{"taxonomy":"product_brand","embeddable":true,"href":"https:\/\/senabel.com\/sv\/wp-json\/wp\/v2\/product_brand?post=55002"},{"taxonomy":"product_cat","embeddable":true,"href":"https:\/\/senabel.com\/sv\/wp-json\/wp\/v2\/product_cat?post=55002"},{"taxonomy":"product_tag","embeddable":true,"href":"https:\/\/senabel.com\/sv\/wp-json\/wp\/v2\/product_tag?post=55002"}],"curies":[{"name":"wp","href":"https:\/\/api.w.org\/{rel}","templated":true}]}}