{"id":54997,"date":"2025-08-26T09:47:20","date_gmt":"2025-08-26T09:47:20","guid":{"rendered":"https:\/\/senabel.com\/?post_type=product&#038;p=54997"},"modified":"2026-04-25T15:25:09","modified_gmt":"2026-04-25T15:25:09","slug":"lyxiga-kex-med-vit-choklad","status":"publish","type":"product","link":"https:\/\/senabel.com\/sv\/product\/luxury-white-chocolate-biscuits\/","title":{"rendered":"Original Vit Choklad Fancy Biscuits"},"content":{"rendered":"<p data-start=\"98\" data-end=\"312\">Njut av en rik och lyxig smak med <strong data-start=\"124\" data-end=\"159\">Fina kex med vit choklad<\/strong>Den kombinerar knaprigheten hos nybakade kex med en fyllning av mj\u00f6lkkr\u00e4m som t\u00e4cks av ett mjukt lager vit choklad. Perfekt f\u00f6r dig som \u00e4lskar raffinerad s\u00f6tma och speciella stunder av g\u00e4stfrihet.<\/p>\n<p data-start=\"314\" data-end=\"334\"><strong data-start=\"314\" data-end=\"332\">Produktinformation:<\/strong><\/p>\n<ul data-start=\"335\" data-end=\"527\">\n<li data-start=\"335\" data-end=\"387\">\n<p data-start=\"337\" data-end=\"387\">Vikt: 24 stycken<\/p>\n<\/li>\n<li data-start=\"388\" data-end=\"445\">\n<p data-start=\"390\" data-end=\"445\">F\u00f6rpackning: En luftt\u00e4t kartong som bevarar f\u00e4rskheten<\/p>\n<\/li>\n<li data-start=\"446\" data-end=\"527\">\n<p data-start=\"448\" data-end=\"527\">Ingredienser: Vetemj\u00f6l, socker, mj\u00f6lkkr\u00e4m, vegetabiliskt sm\u00f6r, vit choklad, naturliga ingredienser<\/p>\n<\/li>\n<\/ul>\n<p data-start=\"529\" data-end=\"573\"><strong data-start=\"529\" data-end=\"571\">Egenskaper f\u00f6r White Chocolate Fancy Biscuits:<\/strong><\/p>\n<ul data-start=\"574\" data-end=\"774\">\n<li data-start=\"574\" data-end=\"624\">\n<p data-start=\"576\" data-end=\"624\">En unik smak som kombinerar krispighet och mjukhet i varje tugga.<\/p>\n<\/li>\n<li data-start=\"625\" data-end=\"661\">\n<p data-start=\"627\" data-end=\"661\">En rik fyllning med lyxig mj\u00f6lkkr\u00e4m.<\/p>\n<\/li>\n<li data-start=\"662\" data-end=\"720\">\n<p data-start=\"664\" data-end=\"720\">Perfekt att servera till kaffe eller te och att njuta av n\u00e4r som helst.<\/p>\n<\/li>\n<li data-start=\"721\" data-end=\"774\">\n<p data-start=\"723\" data-end=\"774\">Praktisk f\u00f6rpackning som bevarar f\u00e4rskhet och smak under l\u00e5ng tid.<\/p>\n<\/li>\n<\/ul>\n<p data-start=\"776\" data-end=\"798\"><strong data-start=\"776\" data-end=\"796\">F\u00f6rvaringsanvisningar:<\/strong><\/p>\n<ul data-start=\"799\" data-end=\"915\">\n<li data-start=\"799\" data-end=\"857\">\n<p data-start=\"801\" data-end=\"857\">F\u00f6rvaras svalt, torrt och skyddat fr\u00e5n direkt solljus.<\/p>\n<\/li>\n<li data-start=\"858\" data-end=\"915\">\n<p data-start=\"860\" data-end=\"915\">F\u00f6rbrukas b\u00e4st inom den h\u00e5llbarhetstid som anges p\u00e5 f\u00f6rpackningen.<\/p>\n<\/li>\n<\/ul>\n<p data-start=\"1000\" data-end=\"1102\">V\u00e4lj <strong data-start=\"1005\" data-end=\"1040\">Fina kex med vit choklad<\/strong> F\u00f6r att ge dina s\u00f6ta stunder en speciell smak som kombinerar kvalitet och l\u00e4ckerhet.<\/p>","protected":false},"excerpt":{"rendered":"<p>Njut av en rik och lyxig smak med <strong data-start=\"124\" data-end=\"159\">Fina kex med vit choklad<\/strong>Den kombinerar knaprigheten hos nybakade kex med en fyllning av mj\u00f6lkkr\u00e4m som t\u00e4cks av ett mjukt lager vit choklad. Perfekt f\u00f6r dig som \u00e4lskar raffinerad s\u00f6tma och speciella stunder av g\u00e4stfrihet.<\/p>","protected":false},"featured_media":54998,"template":"","meta":[],"product_brand":[],"product_cat":[349,377],"product_tag":[],"class_list":{"0":"post-54997","1":"product","2":"type-product","3":"status-publish","4":"has-post-thumbnail","6":"product_cat-349","7":"product_cat-377","9":"first","10":"instock","11":"taxable","12":"shipping-taxable","13":"purchasable","14":"product-type-simple"},"_links":{"self":[{"href":"https:\/\/senabel.com\/sv\/wp-json\/wp\/v2\/product\/54997","targetHints":{"allow":["GET"]}}],"collection":[{"href":"https:\/\/senabel.com\/sv\/wp-json\/wp\/v2\/product"}],"about":[{"href":"https:\/\/senabel.com\/sv\/wp-json\/wp\/v2\/types\/product"}],"version-history":[{"count":2,"href":"https:\/\/senabel.com\/sv\/wp-json\/wp\/v2\/product\/54997\/revisions"}],"predecessor-version":[{"id":55001,"href":"https:\/\/senabel.com\/sv\/wp-json\/wp\/v2\/product\/54997\/revisions\/55001"}],"wp:featuredmedia":[{"embeddable":true,"href":"https:\/\/senabel.com\/sv\/wp-json\/wp\/v2\/media\/54998"}],"wp:attachment":[{"href":"https:\/\/senabel.com\/sv\/wp-json\/wp\/v2\/media?parent=54997"}],"wp:term":[{"taxonomy":"product_brand","embeddable":true,"href":"https:\/\/senabel.com\/sv\/wp-json\/wp\/v2\/product_brand?post=54997"},{"taxonomy":"product_cat","embeddable":true,"href":"https:\/\/senabel.com\/sv\/wp-json\/wp\/v2\/product_cat?post=54997"},{"taxonomy":"product_tag","embeddable":true,"href":"https:\/\/senabel.com\/sv\/wp-json\/wp\/v2\/product_tag?post=54997"}],"curies":[{"name":"wp","href":"https:\/\/api.w.org\/{rel}","templated":true}]}}