{"id":54698,"date":"2025-08-18T16:02:59","date_gmt":"2025-08-18T16:02:59","guid":{"rendered":"https:\/\/senabel.com\/?post_type=product&#038;p=54698"},"modified":"2026-02-15T23:53:29","modified_gmt":"2026-02-15T23:53:29","slug":"honung-4","status":"publish","type":"product","link":"https:\/\/senabel.com\/sv\/product\/honey-3\/","title":{"rendered":"Bachahda Honung 500g"},"content":{"rendered":"<p data-start=\"83\" data-end=\"301\">Sk\u00e4m bort dig sj\u00e4lv med en unik naturupplevelse med <strong data-start=\"116\" data-end=\"139\">Svensk honung i Shahda<\/strong>Presenteras f\u00f6r dig i sin renaste form, som den kom ut ur bikupan. Den kombinerar s\u00f6tma och n\u00e4ringsv\u00e4rde, med en honungskaka som ger en autentisk smak som \u00e5terspeglar naturens prakt.<\/p>\n<p data-start=\"303\" data-end=\"323\"><strong data-start=\"303\" data-end=\"321\">Produktinformation:<\/strong><\/p>\n<ul data-start=\"324\" data-end=\"472\">\n<li data-start=\"324\" data-end=\"358\">\n<p data-start=\"326\" data-end=\"358\">Vikt: 500g netto<\/p>\n<\/li>\n<li data-start=\"359\" data-end=\"424\">\n<p data-start=\"361\" data-end=\"424\">F\u00f6rpackning: Transparent luftt\u00e4t l\u00e5da som bevarar kvaliteten p\u00e5 honung och sirap<\/p>\n<\/li>\n<li data-start=\"425\" data-end=\"472\">\n<p data-start=\"427\" data-end=\"472\">Ingredienser: 100% Ren honung med naturlig honungskaka<\/p>\n<\/li>\n<\/ul>\n<p data-start=\"474\" data-end=\"506\"><strong data-start=\"474\" data-end=\"504\">Funktioner av svensk honung med ett certifikat:<\/strong><\/p>\n<ul data-start=\"507\" data-end=\"708\">\n<li data-start=\"507\" data-end=\"564\">\n<p data-start=\"509\" data-end=\"564\">En rik, naturlig smak som kombinerar ren honung med en f\u00e4rsk honungskaka.<\/p>\n<\/li>\n<li data-start=\"565\" data-end=\"609\">\n<p data-start=\"567\" data-end=\"609\">En naturlig k\u00e4lla till energi, vitaminer och mineraler.<\/p>\n<\/li>\n<li data-start=\"610\" data-end=\"650\">\n<p data-start=\"612\" data-end=\"650\">Hj\u00e4lper till att st\u00e4rka immunf\u00f6rsvaret och f\u00f6rb\u00e4ttra matsm\u00e4ltningen.<\/p>\n<\/li>\n<li data-start=\"651\" data-end=\"708\">\n<p data-start=\"653\" data-end=\"708\">Den kan \u00e4tas direkt eller tills\u00e4ttas i drycker och desserter.<\/p>\n<\/li>\n<\/ul>\n<p data-start=\"851\" data-end=\"873\"><strong data-start=\"851\" data-end=\"871\">F\u00f6rvaringsanvisningar:<\/strong><\/p>\n<ul data-start=\"874\" data-end=\"984\">\n<li data-start=\"874\" data-end=\"932\">\n<p data-start=\"876\" data-end=\"932\">F\u00f6rvaras svalt, torrt och skyddat fr\u00e5n direkt solljus.<\/p>\n<\/li>\n<li data-start=\"933\" data-end=\"984\">\n<p data-start=\"935\" data-end=\"984\">F\u00f6rvara inte i kylsk\u00e5p f\u00f6r att beh\u00e5lla den naturliga konsistensen.<\/p>\n<\/li>\n<\/ul>\n<p data-start=\"986\" data-end=\"1007\"><strong data-start=\"986\" data-end=\"1005\">Ytterligare information:<\/strong><\/p>\n<ul data-start=\"1008\" data-end=\"1120\">\n<li data-start=\"1008\" data-end=\"1071\">\n<p data-start=\"1010\" data-end=\"1071\">100% naturlig produkt, fri fr\u00e5n konserveringsmedel och kemikalier.<\/p>\n<\/li>\n<li data-start=\"1072\" data-end=\"1102\">\n<p data-start=\"1074\" data-end=\"1102\">Passar f\u00f6r hela familjen.<\/p>\n<\/li>\n<li data-start=\"1103\" data-end=\"1120\">\n<p data-start=\"1105\" data-end=\"1120\">Den kommer fr\u00e5n Sverige.<\/p>\n<\/li>\n<\/ul>\n<p data-start=\"1122\" data-end=\"1216\">V\u00e4lj <strong data-start=\"1127\" data-end=\"1150\">Svensk honung i Shahda<\/strong> F\u00f6r en lyxig, naturlig smak som kombinerar \u00e4kta smak med h\u00e4lsof\u00f6rdelar.<\/p>","protected":false},"excerpt":{"rendered":"<p>Sk\u00e4m bort dig sj\u00e4lv med en unik naturupplevelse med <strong data-start=\"116\" data-end=\"139\">Svensk honung i Shahda<\/strong>Presenteras f\u00f6r dig i sin renaste form, som den kom ut ur bikupan. Den kombinerar s\u00f6tma och n\u00e4ringsv\u00e4rde, med en honungskaka som ger en autentisk smak som \u00e5terspeglar naturens prakt.<\/p>","protected":false},"featured_media":54699,"template":"","meta":[],"product_brand":[],"product_cat":[311,310,227],"product_tag":[],"class_list":{"0":"post-54698","1":"product","2":"type-product","3":"status-publish","4":"has-post-thumbnail","6":"product_cat-311","7":"product_cat-310","8":"product_cat-227","10":"first","11":"outofstock","12":"sale","13":"taxable","14":"shipping-taxable","15":"purchasable","16":"product-type-simple"},"_links":{"self":[{"href":"https:\/\/senabel.com\/sv\/wp-json\/wp\/v2\/product\/54698","targetHints":{"allow":["GET"]}}],"collection":[{"href":"https:\/\/senabel.com\/sv\/wp-json\/wp\/v2\/product"}],"about":[{"href":"https:\/\/senabel.com\/sv\/wp-json\/wp\/v2\/types\/product"}],"version-history":[{"count":3,"href":"https:\/\/senabel.com\/sv\/wp-json\/wp\/v2\/product\/54698\/revisions"}],"predecessor-version":[{"id":57207,"href":"https:\/\/senabel.com\/sv\/wp-json\/wp\/v2\/product\/54698\/revisions\/57207"}],"wp:featuredmedia":[{"embeddable":true,"href":"https:\/\/senabel.com\/sv\/wp-json\/wp\/v2\/media\/54699"}],"wp:attachment":[{"href":"https:\/\/senabel.com\/sv\/wp-json\/wp\/v2\/media?parent=54698"}],"wp:term":[{"taxonomy":"product_brand","embeddable":true,"href":"https:\/\/senabel.com\/sv\/wp-json\/wp\/v2\/product_brand?post=54698"},{"taxonomy":"product_cat","embeddable":true,"href":"https:\/\/senabel.com\/sv\/wp-json\/wp\/v2\/product_cat?post=54698"},{"taxonomy":"product_tag","embeddable":true,"href":"https:\/\/senabel.com\/sv\/wp-json\/wp\/v2\/product_tag?post=54698"}],"curies":[{"name":"wp","href":"https:\/\/api.w.org\/{rel}","templated":true}]}}