{"id":54695,"date":"2025-08-22T14:20:14","date_gmt":"2025-08-22T14:20:14","guid":{"rendered":"https:\/\/senabel.com\/?post_type=product&#038;p=54695"},"modified":"2026-01-17T23:18:31","modified_gmt":"2026-01-17T23:18:31","slug":"fin-kanel","status":"publish","type":"product","link":"https:\/\/senabel.com\/sv\/product\/fine-cinnamon\/","title":{"rendered":"Finmald kanel 50 g"},"content":{"rendered":"<p data-start=\"77\" data-end=\"294\">Njut av en autentisk orientalisk smak med fin, lyxig kanel, som ger en aromatisk touch till desserter, drycker och vardagliga r\u00e4tter. Det naturliga kanelpulvret ger dig en rik smak och oemotst\u00e5ndlig varm arom, vilket g\u00f6r det till det perfekta tillskottet i ditt k\u00f6k.<\/p>\n<p data-start=\"296\" data-end=\"316\"><strong data-start=\"296\" data-end=\"314\">Produktinformation:<\/strong><\/p>\n<ul data-start=\"317\" data-end=\"443\">\n<li data-start=\"317\" data-end=\"340\">\n<p data-start=\"319\" data-end=\"340\">Vikt: 50g netto<\/p>\n<\/li>\n<li data-start=\"341\" data-end=\"405\">\n<p data-start=\"343\" data-end=\"405\">F\u00f6rpackning: F\u00f6rseglad p\u00e5se f\u00f6r att bevara f\u00e4rskhet och aromatisk smak<\/p>\n<\/li>\n<li data-start=\"406\" data-end=\"443\">\n<p data-start=\"408\" data-end=\"443\">Ingredienser: 100% mald naturlig kanel<\/p>\n<\/li>\n<\/ul>\n<p data-start=\"445\" data-end=\"472\"><strong data-start=\"445\" data-end=\"470\">Egenskaper hos fin kanel:<\/strong><\/p>\n<ul data-start=\"473\" data-end=\"716\">\n<li data-start=\"473\" data-end=\"544\">\n<p data-start=\"475\" data-end=\"544\">En stark och fyllig smak som passar perfekt till varma drycker som te och kanelmj\u00f6lk.<\/p>\n<\/li>\n<li data-start=\"545\" data-end=\"620\">\n<p data-start=\"547\" data-end=\"620\">Perfekt f\u00f6r \u00f6sterl\u00e4ndska och v\u00e4sterl\u00e4ndska desserter som t\u00e5rtor, kex och bakverk.<\/p>\n<\/li>\n<li data-start=\"621\" data-end=\"667\">\n<p data-start=\"623\" data-end=\"667\">Den ger en speciell smak till ris, k\u00f6tt och s\u00e5ser.<\/p>\n<\/li>\n<li data-start=\"668\" data-end=\"716\">\n<p data-start=\"670\" data-end=\"716\">Rik p\u00e5 antioxidanter och h\u00e4lsofr\u00e4mjande \u00e4mnen.<\/p>\n<\/li>\n<\/ul>\n<p data-start=\"870\" data-end=\"892\"><strong data-start=\"870\" data-end=\"890\">F\u00f6rvaringsanvisningar:<\/strong><\/p>\n<ul data-start=\"893\" data-end=\"995\">\n<li data-start=\"893\" data-end=\"951\">\n<p data-start=\"895\" data-end=\"951\">F\u00f6rvaras svalt, torrt och skyddat fr\u00e5n direkt solljus.<\/p>\n<\/li>\n<li data-start=\"952\" data-end=\"995\">\n<p data-start=\"954\" data-end=\"995\">St\u00e4ng p\u00e5sen ordentligt efter varje anv\u00e4ndning.<\/p>\n<\/li>\n<\/ul>\n<p data-start=\"997\" data-end=\"1018\"><strong data-start=\"997\" data-end=\"1016\">Ytterligare information:<\/strong><\/p>\n<ul data-start=\"1019\" data-end=\"1129\">\n<li data-start=\"1019\" data-end=\"1073\">\n<p data-start=\"1021\" data-end=\"1073\">100% naturlig produkt, fri fr\u00e5n konserveringsmedel och f\u00e4rg\u00e4mnen.<\/p>\n<\/li>\n<li data-start=\"1074\" data-end=\"1111\">\n<p data-start=\"1076\" data-end=\"1111\">L\u00e4mplig f\u00f6r anv\u00e4ndning i hemmet och p\u00e5 restaurang.<\/p>\n<\/li>\n<\/ul>\n<p>&nbsp;<\/p>\n<p data-start=\"1131\" data-end=\"1227\">L\u00e4gg till lyxigt mjuk kanel i ditt k\u00f6k f\u00f6r att skapa aromatiska smaker och g\u00f6ra dina recept \u00e4nnu mer uts\u00f6kta.<\/p>","protected":false},"excerpt":{"rendered":"<p>Njut av en autentisk orientalisk smak med fin, lyxig kanel, som ger en aromatisk touch till desserter, drycker och vardagliga r\u00e4tter. Det naturliga kanelpulvret ger dig en rik smak och oemotst\u00e5ndlig varm arom, vilket g\u00f6r det till det perfekta tillskottet i ditt k\u00f6k.<\/p>","protected":false},"featured_media":54696,"template":"","meta":[],"product_brand":[],"product_cat":[327],"product_tag":[],"class_list":{"0":"post-54695","1":"product","2":"type-product","3":"status-publish","4":"has-post-thumbnail","6":"product_cat-327","8":"first","9":"instock","10":"taxable","11":"shipping-taxable","12":"purchasable","13":"product-type-simple"},"_links":{"self":[{"href":"https:\/\/senabel.com\/sv\/wp-json\/wp\/v2\/product\/54695","targetHints":{"allow":["GET"]}}],"collection":[{"href":"https:\/\/senabel.com\/sv\/wp-json\/wp\/v2\/product"}],"about":[{"href":"https:\/\/senabel.com\/sv\/wp-json\/wp\/v2\/types\/product"}],"version-history":[{"count":1,"href":"https:\/\/senabel.com\/sv\/wp-json\/wp\/v2\/product\/54695\/revisions"}],"predecessor-version":[{"id":54697,"href":"https:\/\/senabel.com\/sv\/wp-json\/wp\/v2\/product\/54695\/revisions\/54697"}],"wp:featuredmedia":[{"embeddable":true,"href":"https:\/\/senabel.com\/sv\/wp-json\/wp\/v2\/media\/54696"}],"wp:attachment":[{"href":"https:\/\/senabel.com\/sv\/wp-json\/wp\/v2\/media?parent=54695"}],"wp:term":[{"taxonomy":"product_brand","embeddable":true,"href":"https:\/\/senabel.com\/sv\/wp-json\/wp\/v2\/product_brand?post=54695"},{"taxonomy":"product_cat","embeddable":true,"href":"https:\/\/senabel.com\/sv\/wp-json\/wp\/v2\/product_cat?post=54695"},{"taxonomy":"product_tag","embeddable":true,"href":"https:\/\/senabel.com\/sv\/wp-json\/wp\/v2\/product_tag?post=54695"}],"curies":[{"name":"wp","href":"https:\/\/api.w.org\/{rel}","templated":true}]}}