{"id":54689,"date":"2025-08-19T11:37:45","date_gmt":"2025-08-19T11:37:45","guid":{"rendered":"https:\/\/senabel.com\/?post_type=product&#038;p=54689"},"modified":"2026-04-23T15:01:19","modified_gmt":"2026-04-23T15:01:19","slug":"malen-kardemumma","status":"publish","type":"product","link":"https:\/\/senabel.com\/sv\/product\/ground-cardamom\/","title":{"rendered":"Mald kardemumma 50 g"},"content":{"rendered":"<p data-start=\"85\" data-end=\"329\">Njut av den autentiska orientaliska smaken med finmald kardemumma, en av de finaste och mest anv\u00e4nda kryddorna i det arabiska och internationella k\u00f6ket. Den har en stark aromatisk doft och en rik smak som ger en of\u00f6rgl\u00f6mlig touch till kaffe, desserter och en m\u00e4ngd olika r\u00e4tter.<\/p>\n<p data-start=\"331\" data-end=\"351\"><strong data-start=\"331\" data-end=\"349\">Produktinformation:<\/strong><\/p>\n<ul data-start=\"352\" data-end=\"487\">\n<li data-start=\"352\" data-end=\"375\">\n<p data-start=\"354\" data-end=\"375\">Vikt: 50g netto<\/p>\n<\/li>\n<li data-start=\"376\" data-end=\"440\">\n<p data-start=\"378\" data-end=\"440\">F\u00f6rpackning: En f\u00f6rseglad p\u00e5se som bevarar f\u00e4rskhet och arom<\/p>\n<\/li>\n<li data-start=\"441\" data-end=\"487\">\n<p data-start=\"443\" data-end=\"487\">Ingredienser: 100% naturligt mald kardemumma av h\u00f6g kvalitet<\/p>\n<\/li>\n<\/ul>\n<p data-start=\"489\" data-end=\"515\"><strong data-start=\"489\" data-end=\"513\">Egenskaper f\u00f6r mald kardemumma:<\/strong><\/p>\n<ul data-start=\"516\" data-end=\"741\">\n<li data-start=\"516\" data-end=\"569\">\n<p data-start=\"518\" data-end=\"569\">En stark, aromatisk smak som f\u00f6rh\u00f6jer b\u00e5de kaffe och mat.<\/p>\n<\/li>\n<li data-start=\"570\" data-end=\"626\">\n<p data-start=\"572\" data-end=\"626\">Rik p\u00e5 antioxidanter och naturliga \u00e4mnen som \u00e4r bra f\u00f6r kroppen.<\/p>\n<\/li>\n<li data-start=\"627\" data-end=\"691\">\n<p data-start=\"629\" data-end=\"691\">Den anv\u00e4nds vid tillagning av arabiskt kaffe och m\u00e5nga orientaliska desserter.<\/p>\n<\/li>\n<li data-start=\"692\" data-end=\"741\">\n<p data-start=\"694\" data-end=\"741\">Ger smak till ris, k\u00f6tt och s\u00e5ser.<\/p>\n<\/li>\n<\/ul>\n<p data-start=\"743\" data-end=\"765\"><strong data-start=\"743\" data-end=\"763\">F\u00f6rvaringsanvisningar:<\/strong><\/p>\n<ul data-start=\"766\" data-end=\"887\">\n<li data-start=\"766\" data-end=\"824\">\n<p data-start=\"768\" data-end=\"824\">F\u00f6rvaras svalt, torrt och skyddat fr\u00e5n direkt solljus.<\/p>\n<\/li>\n<li data-start=\"825\" data-end=\"887\">\n<p data-start=\"827\" data-end=\"887\">F\u00f6rslut p\u00e5sen efter varje anv\u00e4ndning f\u00f6r att bibeh\u00e5lla f\u00e4rskheten.<\/p>\n<\/li>\n<\/ul>\n<p data-start=\"889\" data-end=\"910\"><strong data-start=\"889\" data-end=\"908\">Ytterligare information:<\/strong><\/p>\n<ul data-start=\"911\" data-end=\"1032\">\n<li data-start=\"911\" data-end=\"965\">\n<p data-start=\"913\" data-end=\"965\">100% naturlig produkt, fri fr\u00e5n konserveringsmedel och f\u00e4rg\u00e4mnen.<\/p>\n<\/li>\n<li data-start=\"966\" data-end=\"1014\">\n<p data-start=\"968\" data-end=\"1014\">L\u00e4mplig f\u00f6r daglig anv\u00e4ndning i k\u00f6ket och f\u00f6r dryckestillverkning.<\/p>\n<\/li>\n<li data-start=\"1015\" data-end=\"1032\">\n<p data-start=\"1017\" data-end=\"1032\">Tillverkad i Turkiet.<\/p>\n<\/li>\n<\/ul>\n<p data-start=\"1034\" data-end=\"1131\">Tills\u00e4tt finmald kardemumma i ditt k\u00f6k f\u00f6r att ge dina r\u00e4tter och drycker en unik touch av autentisk aromatisk smak.<\/p>","protected":false},"excerpt":{"rendered":"<p>Njut av den autentiska orientaliska smaken med finmald kardemumma, en av de finaste och mest anv\u00e4nda kryddorna i det arabiska och internationella k\u00f6ket. Den har en stark aromatisk doft och en rik smak som ger en of\u00f6rgl\u00f6mlig touch till kaffe, desserter och en m\u00e4ngd olika r\u00e4tter.<\/p>","protected":false},"featured_media":54690,"template":"","meta":[],"product_brand":[],"product_cat":[327],"product_tag":[],"class_list":{"0":"post-54689","1":"product","2":"type-product","3":"status-publish","4":"has-post-thumbnail","6":"product_cat-327","8":"first","9":"instock","10":"taxable","11":"shipping-taxable","12":"purchasable","13":"product-type-simple"},"_links":{"self":[{"href":"https:\/\/senabel.com\/sv\/wp-json\/wp\/v2\/product\/54689","targetHints":{"allow":["GET"]}}],"collection":[{"href":"https:\/\/senabel.com\/sv\/wp-json\/wp\/v2\/product"}],"about":[{"href":"https:\/\/senabel.com\/sv\/wp-json\/wp\/v2\/types\/product"}],"version-history":[{"count":1,"href":"https:\/\/senabel.com\/sv\/wp-json\/wp\/v2\/product\/54689\/revisions"}],"predecessor-version":[{"id":54691,"href":"https:\/\/senabel.com\/sv\/wp-json\/wp\/v2\/product\/54689\/revisions\/54691"}],"wp:featuredmedia":[{"embeddable":true,"href":"https:\/\/senabel.com\/sv\/wp-json\/wp\/v2\/media\/54690"}],"wp:attachment":[{"href":"https:\/\/senabel.com\/sv\/wp-json\/wp\/v2\/media?parent=54689"}],"wp:term":[{"taxonomy":"product_brand","embeddable":true,"href":"https:\/\/senabel.com\/sv\/wp-json\/wp\/v2\/product_brand?post=54689"},{"taxonomy":"product_cat","embeddable":true,"href":"https:\/\/senabel.com\/sv\/wp-json\/wp\/v2\/product_cat?post=54689"},{"taxonomy":"product_tag","embeddable":true,"href":"https:\/\/senabel.com\/sv\/wp-json\/wp\/v2\/product_tag?post=54689"}],"curies":[{"name":"wp","href":"https:\/\/api.w.org\/{rel}","templated":true}]}}