{"id":54679,"date":"2025-08-18T15:49:24","date_gmt":"2025-08-18T15:49:24","guid":{"rendered":"https:\/\/senabel.com\/?post_type=product&#038;p=54679"},"modified":"2026-02-18T14:41:47","modified_gmt":"2026-02-18T14:41:47","slug":"saudiarabiskt-kaffe","status":"publish","type":"product","link":"https:\/\/senabel.com\/sv\/product\/saudi-arabian-coffee\/","title":{"rendered":"Saudiarabiskt kaffe - Villkor"},"content":{"rendered":"<p data-start=\"103\" data-end=\"361\">Njut av en autentisk smak med v\u00e5rt premiumkaffe fr\u00e5n Saudiarabien, som serveras under praktiska f\u00f6rh\u00e5llanden som garanterar f\u00e4rskhet och autentisk smak i varje kopp. Med sin rika arom och v\u00e4lbalanserade smak som h\u00e4rr\u00f6r fr\u00e5n arvet \u00e4r detta kaffe det perfekta valet f\u00f6r vardaglig g\u00e4stfrihet och speciella tillf\u00e4llen.<\/p>\n<p data-start=\"580\" data-end=\"616\"><strong data-start=\"580\" data-end=\"614\">Egenskaper hos saudiarabiskt kaffe:<\/strong><\/p>\n<ul data-start=\"617\" data-end=\"850\">\n<li data-start=\"617\" data-end=\"665\">\n<p data-start=\"619\" data-end=\"665\">En rik och autentisk smak som \u00e5terspeglar det rika arvet fr\u00e5n Gulfen.<\/p>\n<\/li>\n<li data-start=\"666\" data-end=\"731\">\n<p data-start=\"668\" data-end=\"731\">L\u00e4tt att tillaga tack vare de f\u00e4rdiga kuverten, samtidigt som den fr\u00e4scha smaken bibeh\u00e5lls.<\/p>\n<\/li>\n<li data-start=\"732\" data-end=\"803\">\n<p data-start=\"734\" data-end=\"803\">Perfekt f\u00f6r festliga tillf\u00e4llen eller f\u00f6r att avnjuta en kopp te till vardags.<\/p>\n<\/li>\n<li data-start=\"804\" data-end=\"850\">\n<p data-start=\"806\" data-end=\"850\">F\u00f6rseglade f\u00f6rpackningar bevarar smak och kvalitet under l\u00e4ngre tid.<\/p>\n<\/li>\n<\/ul>\n<p data-start=\"852\" data-end=\"874\"><strong data-start=\"852\" data-end=\"872\">Instruktioner f\u00f6r tillagning:<\/strong><\/p>\n<ul data-start=\"875\" data-end=\"1016\">\n<li data-start=\"875\" data-end=\"961\">\n<p data-start=\"877\" data-end=\"961\">Koka f\u00f6rst upp vattnet, l\u00e4gg sedan i kuvertets inneh\u00e5ll och l\u00e5t koka i n\u00e5gra minuter tills smaken \u00e4r fullt utvecklad.<\/p>\n<\/li>\n<li data-start=\"962\" data-end=\"1016\">\n<p data-start=\"964\" data-end=\"1016\">Du kan tills\u00e4tta mer kardemumma eller saffran efter smak.<\/p>\n<\/li>\n<\/ul>\n<p data-start=\"1018\" data-end=\"1040\"><strong data-start=\"1018\" data-end=\"1038\">F\u00f6rvaringsanvisningar:<\/strong><\/p>\n<ul data-start=\"1041\" data-end=\"1162\">\n<li data-start=\"1041\" data-end=\"1100\">\n<p data-start=\"1043\" data-end=\"1100\">F\u00f6rvara p\u00e5 en sval, torr plats, skyddad fr\u00e5n solljus och fukt.<\/p>\n<\/li>\n<\/ul>\n<p>&nbsp;<\/p>\n<p data-start=\"1269\" data-end=\"1347\">V\u00e4lj saudiarabiskt kaffe f\u00f6r en upplevelse som \u00e5terspeglar arabisk g\u00e4stfrihet och \u00e4kthet.<\/p>","protected":false},"excerpt":{"rendered":"<p>Njut av en autentisk smak med v\u00e5rt premiumkaffe fr\u00e5n Saudiarabien, som serveras under praktiska f\u00f6rh\u00e5llanden som garanterar f\u00e4rskhet och autentisk smak i varje kopp. Med sin rika arom och v\u00e4lbalanserade smak som h\u00e4rr\u00f6r fr\u00e5n arvet \u00e4r detta kaffe det perfekta valet f\u00f6r vardaglig g\u00e4stfrihet och speciella tillf\u00e4llen.<\/p>","protected":false},"featured_media":54681,"template":"","meta":[],"product_brand":[],"product_cat":[282,347],"product_tag":[],"class_list":{"0":"post-54679","1":"product","2":"type-product","3":"status-publish","4":"has-post-thumbnail","6":"product_cat-282","7":"product_cat-347","9":"first","10":"outofstock","11":"taxable","12":"shipping-taxable","13":"purchasable","14":"product-type-simple"},"_links":{"self":[{"href":"https:\/\/senabel.com\/sv\/wp-json\/wp\/v2\/product\/54679","targetHints":{"allow":["GET"]}}],"collection":[{"href":"https:\/\/senabel.com\/sv\/wp-json\/wp\/v2\/product"}],"about":[{"href":"https:\/\/senabel.com\/sv\/wp-json\/wp\/v2\/types\/product"}],"version-history":[{"count":4,"href":"https:\/\/senabel.com\/sv\/wp-json\/wp\/v2\/product\/54679\/revisions"}],"predecessor-version":[{"id":54688,"href":"https:\/\/senabel.com\/sv\/wp-json\/wp\/v2\/product\/54679\/revisions\/54688"}],"wp:featuredmedia":[{"embeddable":true,"href":"https:\/\/senabel.com\/sv\/wp-json\/wp\/v2\/media\/54681"}],"wp:attachment":[{"href":"https:\/\/senabel.com\/sv\/wp-json\/wp\/v2\/media?parent=54679"}],"wp:term":[{"taxonomy":"product_brand","embeddable":true,"href":"https:\/\/senabel.com\/sv\/wp-json\/wp\/v2\/product_brand?post=54679"},{"taxonomy":"product_cat","embeddable":true,"href":"https:\/\/senabel.com\/sv\/wp-json\/wp\/v2\/product_cat?post=54679"},{"taxonomy":"product_tag","embeddable":true,"href":"https:\/\/senabel.com\/sv\/wp-json\/wp\/v2\/product_tag?post=54679"}],"curies":[{"name":"wp","href":"https:\/\/api.w.org\/{rel}","templated":true}]}}