{"id":54373,"date":"2025-08-02T08:40:52","date_gmt":"2025-08-02T08:40:52","guid":{"rendered":"https:\/\/senabel.com\/?post_type=product&#038;p=54373"},"modified":"2025-08-30T10:04:45","modified_gmt":"2025-08-30T10:04:45","slug":"lotuschoklad-med-ran","status":"publish","type":"product","link":"https:\/\/senabel.com\/sv\/product\/lotus-chocolate-with-wafer\/","title":{"rendered":"Lotus choklad med r\u00e5n - 500 g"},"content":{"rendered":"<p data-start=\"82\" data-end=\"288\">Om du gillar den unika lotussmaken \u00e4r de h\u00e4r pralinerna den perfekta kombinationen av knapriga waferkex och fyllig lotusfyllning, t\u00e4ckta av ett lyxigt choklad\u00f6verdrag, vilket ger dig den perfekta balansen mellan konsistens och smak.<\/p>\n<p data-start=\"290\" data-end=\"303\"><strong data-start=\"290\" data-end=\"303\">Funktioner:<\/strong><\/p>\n<ul data-start=\"305\" data-end=\"513\">\n<li data-start=\"305\" data-end=\"348\">\n<p data-start=\"307\" data-end=\"348\">Choklad fylld med lotuskr\u00e4m med en ljus r\u00e5nskiva<\/p>\n<\/li>\n<li data-start=\"349\" data-end=\"398\">\n<p data-start=\"351\" data-end=\"398\">I\u00f6gonfallande lyxf\u00f6rpackning i en i\u00f6gonfallande lila f\u00e4rg med guldutsmyckningar<\/p>\n<\/li>\n<li data-start=\"399\" data-end=\"443\">\n<p data-start=\"401\" data-end=\"443\">Krispig konsistens och fyllig fyllning med \u00e4kta lotussmak<\/p>\n<\/li>\n<li data-start=\"444\" data-end=\"490\">\n<p data-start=\"446\" data-end=\"490\">L\u00e4mplig f\u00f6r servering vid representation och speciella tillf\u00e4llen<\/p>\n<\/li>\n<li data-start=\"491\" data-end=\"513\">\n<p data-start=\"493\" data-end=\"513\">F\u00f6rpackningens vikt: 500g<\/p>\n<\/li>\n<\/ul>\n<p data-start=\"515\" data-end=\"531\"><strong data-start=\"515\" data-end=\"531\">S\u00e4ttet att spara:<\/strong><\/p>\n<ul data-start=\"533\" data-end=\"646\">\n<li data-start=\"533\" data-end=\"588\">\n<p data-start=\"535\" data-end=\"588\">F\u00f6rvaras svalt, torrt och skyddat fr\u00e5n direkt solljus.<\/p>\n<\/li>\n<li data-start=\"589\" data-end=\"646\">\n<p data-start=\"591\" data-end=\"646\">F\u00e5r inte kylas f\u00f6r att undvika att chokladens smak och konsistens f\u00f6r\u00e4ndras.<\/p>\n<\/li>\n<\/ul>","protected":false},"excerpt":{"rendered":"<p>Om du gillar den unika lotussmaken \u00e4r de h\u00e4r pralinerna den perfekta kombinationen av knapriga waferkex och fyllig lotusfyllning, t\u00e4ckta av ett lyxigt choklad\u00f6verdrag, vilket ger dig den perfekta balansen mellan konsistens och smak.<\/p>","protected":false},"featured_media":54374,"template":"","meta":[],"product_brand":[],"product_cat":[297],"product_tag":[],"class_list":{"0":"post-54373","1":"product","2":"type-product","3":"status-publish","4":"has-post-thumbnail","6":"product_cat-297","8":"first","9":"outofstock","10":"taxable","11":"shipping-taxable","12":"purchasable","13":"product-type-simple"},"_links":{"self":[{"href":"https:\/\/senabel.com\/sv\/wp-json\/wp\/v2\/product\/54373","targetHints":{"allow":["GET"]}}],"collection":[{"href":"https:\/\/senabel.com\/sv\/wp-json\/wp\/v2\/product"}],"about":[{"href":"https:\/\/senabel.com\/sv\/wp-json\/wp\/v2\/types\/product"}],"version-history":[{"count":2,"href":"https:\/\/senabel.com\/sv\/wp-json\/wp\/v2\/product\/54373\/revisions"}],"predecessor-version":[{"id":54376,"href":"https:\/\/senabel.com\/sv\/wp-json\/wp\/v2\/product\/54373\/revisions\/54376"}],"wp:featuredmedia":[{"embeddable":true,"href":"https:\/\/senabel.com\/sv\/wp-json\/wp\/v2\/media\/54374"}],"wp:attachment":[{"href":"https:\/\/senabel.com\/sv\/wp-json\/wp\/v2\/media?parent=54373"}],"wp:term":[{"taxonomy":"product_brand","embeddable":true,"href":"https:\/\/senabel.com\/sv\/wp-json\/wp\/v2\/product_brand?post=54373"},{"taxonomy":"product_cat","embeddable":true,"href":"https:\/\/senabel.com\/sv\/wp-json\/wp\/v2\/product_cat?post=54373"},{"taxonomy":"product_tag","embeddable":true,"href":"https:\/\/senabel.com\/sv\/wp-json\/wp\/v2\/product_tag?post=54373"}],"curies":[{"name":"wp","href":"https:\/\/api.w.org\/{rel}","templated":true}]}}