{"id":54369,"date":"2025-08-02T08:38:26","date_gmt":"2025-08-02T08:38:26","guid":{"rendered":"https:\/\/senabel.com\/?post_type=product&#038;p=54369"},"modified":"2025-10-24T10:11:59","modified_gmt":"2025-10-24T10:11:59","slug":"mork-choklad-utan-tillsatser","status":"publish","type":"product","link":"https:\/\/senabel.com\/sv\/product\/plain-dark-chocolate\/","title":{"rendered":"Vanlig m\u00f6rk choklad - 500 g"},"content":{"rendered":"<p data-start=\"80\" data-end=\"353\">F\u00f6r alla som \u00e4lskar m\u00f6rk choklad erbjuder vi en exceptionell upplevelse av rik smak och perfekt konsistens. SADA Dark Chocolates \u00e4r omsorgsfullt f\u00f6rpackade i sm\u00e5 barer och erbjuder den sanna smaken av ren kakao med ett balanserat f\u00f6rh\u00e5llande mellan bitterhet och djup smak, f\u00f6r att passa dina smakl\u00f6kar och ackompanjera dina stunder av avkoppling eller g\u00e4stfrihet.<\/p>\n<p data-start=\"355\" data-end=\"368\"><strong data-start=\"355\" data-end=\"368\">Funktioner:<\/strong><\/p>\n<ul data-start=\"370\" data-end=\"534\">\n<li data-start=\"370\" data-end=\"402\">\n<p data-start=\"372\" data-end=\"402\">Lyxig m\u00f6rk choklad utan fyllning<\/p>\n<\/li>\n<li data-start=\"403\" data-end=\"436\">\n<p data-start=\"405\" data-end=\"436\">En koncentrerad smak f\u00f6r riktiga kakao\u00e4lskare<\/p>\n<\/li>\n<li data-start=\"437\" data-end=\"487\">\n<p data-start=\"439\" data-end=\"487\">Perfekt f\u00f6r att servera g\u00e4stfrihet eller avnjuta med kaffe<\/p>\n<\/li>\n<li data-start=\"488\" data-end=\"511\">\n<p data-start=\"490\" data-end=\"511\">Elegant och l\u00e4tt\u00f6ppnad f\u00f6rpackning<\/p>\n<\/li>\n<li data-start=\"512\" data-end=\"534\">\n<p data-start=\"514\" data-end=\"534\">F\u00f6rpackningens vikt: 500g<\/p>\n<\/li>\n<\/ul>\n<p data-start=\"536\" data-end=\"552\"><strong data-start=\"536\" data-end=\"552\">S\u00e4ttet att spara:<\/strong><\/p>\n<ul data-start=\"554\" data-end=\"661\">\n<li data-start=\"554\" data-end=\"606\">\n<p data-start=\"556\" data-end=\"606\">F\u00f6rvaras svalt, torrt och skyddat fr\u00e5n h\u00f6ga temperaturer.<\/p>\n<\/li>\n<li data-start=\"607\" data-end=\"661\">\n<p data-start=\"609\" data-end=\"661\">Kylning rekommenderas inte f\u00f6r att bevara konsistensen och smaken.<\/p>\n<\/li>\n<\/ul>","protected":false},"excerpt":{"rendered":"<p>F\u00f6r alla som \u00e4lskar m\u00f6rk choklad erbjuder vi en exceptionell upplevelse av rik smak och perfekt konsistens. SADA Dark Chocolates \u00e4r omsorgsfullt f\u00f6rpackade i sm\u00e5 barer och erbjuder den sanna smaken av ren kakao med ett balanserat f\u00f6rh\u00e5llande mellan bitterhet och djup smak, f\u00f6r att passa dina smakl\u00f6kar och ackompanjera dina stunder av avkoppling eller g\u00e4stfrihet.<\/p>","protected":false},"featured_media":54370,"template":"","meta":[],"product_brand":[],"product_cat":[297],"product_tag":[],"class_list":{"0":"post-54369","1":"product","2":"type-product","3":"status-publish","4":"has-post-thumbnail","6":"product_cat-297","8":"first","9":"outofstock","10":"taxable","11":"shipping-taxable","12":"purchasable","13":"product-type-simple"},"_links":{"self":[{"href":"https:\/\/senabel.com\/sv\/wp-json\/wp\/v2\/product\/54369","targetHints":{"allow":["GET"]}}],"collection":[{"href":"https:\/\/senabel.com\/sv\/wp-json\/wp\/v2\/product"}],"about":[{"href":"https:\/\/senabel.com\/sv\/wp-json\/wp\/v2\/types\/product"}],"version-history":[{"count":3,"href":"https:\/\/senabel.com\/sv\/wp-json\/wp\/v2\/product\/54369\/revisions"}],"predecessor-version":[{"id":55792,"href":"https:\/\/senabel.com\/sv\/wp-json\/wp\/v2\/product\/54369\/revisions\/55792"}],"wp:featuredmedia":[{"embeddable":true,"href":"https:\/\/senabel.com\/sv\/wp-json\/wp\/v2\/media\/54370"}],"wp:attachment":[{"href":"https:\/\/senabel.com\/sv\/wp-json\/wp\/v2\/media?parent=54369"}],"wp:term":[{"taxonomy":"product_brand","embeddable":true,"href":"https:\/\/senabel.com\/sv\/wp-json\/wp\/v2\/product_brand?post=54369"},{"taxonomy":"product_cat","embeddable":true,"href":"https:\/\/senabel.com\/sv\/wp-json\/wp\/v2\/product_cat?post=54369"},{"taxonomy":"product_tag","embeddable":true,"href":"https:\/\/senabel.com\/sv\/wp-json\/wp\/v2\/product_tag?post=54369"}],"curies":[{"name":"wp","href":"https:\/\/api.w.org\/{rel}","templated":true}]}}