{"id":54352,"date":"2025-08-02T08:24:45","date_gmt":"2025-08-02T08:24:45","guid":{"rendered":"https:\/\/senabel.com\/?post_type=product&#038;p=54352"},"modified":"2025-08-21T20:33:41","modified_gmt":"2025-08-21T20:33:41","slug":"pistaschchokladtryffel","status":"publish","type":"product","link":"https:\/\/senabel.com\/sv\/product\/pistachio-chocolate-truffle\/","title":{"rendered":"Pistaschchokladtryffel - 500g"},"content":{"rendered":"<p data-start=\"110\" data-end=\"366\">Sk\u00e4m bort dina sinnen med en lyxig upplevelse av v\u00e5ra Pistachio Chocolate Truffles, d\u00e4r rik choklad och f\u00e4rska pistaschsmaker m\u00f6ts f\u00f6r att skapa en oemotst\u00e5ndlig kombination. Varje bit \u00e4r f\u00f6rpackad i lyxigt papper med en elegant touch som g\u00f6r den perfekt f\u00f6r g\u00e4stfrihet eller som en lyxig g\u00e5va.<\/p>\n<p data-start=\"368\" data-end=\"383\"><strong data-start=\"368\" data-end=\"381\">Funktioner:<\/strong><\/p>\n<ul data-start=\"384\" data-end=\"539\">\n<li data-start=\"384\" data-end=\"409\">\n<p data-start=\"386\" data-end=\"409\">Fyllning med rik och frisk pistage<\/p>\n<\/li>\n<li data-start=\"410\" data-end=\"438\">\n<p data-start=\"412\" data-end=\"438\">Lyxig choklad med balanserad smak<\/p>\n<\/li>\n<li data-start=\"439\" data-end=\"476\">\n<p data-start=\"441\" data-end=\"476\">Elegant individuell f\u00f6rpackning som h\u00e5ller den fr\u00e4sch<\/p>\n<\/li>\n<li data-start=\"477\" data-end=\"515\">\n<p data-start=\"479\" data-end=\"515\">L\u00e4mplig f\u00f6r evenemang, g\u00e5vor och representation<\/p>\n<\/li>\n<li data-start=\"516\" data-end=\"539\">\n<p data-start=\"518\" data-end=\"539\">H\u00f6g kvalitet och beroendeframkallande smak<\/p>\n<\/li>\n<\/ul>\n<p data-start=\"541\" data-end=\"669\"><strong data-start=\"541\" data-end=\"558\">Nettovikt:<\/strong> 500 gram<br data-start=\"567\" data-end=\"570\" \/><strong data-start=\"570\" data-end=\"581\">Smaken:<\/strong> Pistaschmandlar<br data-start=\"586\" data-end=\"589\" \/><strong data-start=\"589\" data-end=\"604\">Ursprungsland:<\/strong> Turkiet<\/p>\n<p data-start=\"671\" data-end=\"689\"><strong data-start=\"671\" data-end=\"687\">S\u00e4ttet att spara:<\/strong><\/p>\n<ul data-start=\"690\" data-end=\"775\">\n<li data-start=\"690\" data-end=\"717\">\n<p data-start=\"692\" data-end=\"717\">F\u00f6rvaras p\u00e5 en sval och torr plats<\/p>\n<\/li>\n<li data-start=\"718\" data-end=\"775\">\n<p data-start=\"720\" data-end=\"775\">Uts\u00e4tt den inte f\u00f6r solljus eller h\u00f6ga temperaturer<\/p>\n<\/li>\n<\/ul>","protected":false},"excerpt":{"rendered":"<p>Sk\u00e4m bort dina sinnen med en lyxig upplevelse av v\u00e5ra Pistachio Chocolate Truffles, d\u00e4r rik choklad och f\u00e4rska pistaschsmaker m\u00f6ts f\u00f6r att skapa en oemotst\u00e5ndlig kombination. Varje bit \u00e4r f\u00f6rpackad i lyxigt papper med en elegant touch som g\u00f6r den perfekt f\u00f6r g\u00e4stfrihet eller som en lyxig g\u00e5va.<\/p>","protected":false},"featured_media":54353,"template":"","meta":[],"product_brand":[],"product_cat":[297],"product_tag":[],"class_list":{"0":"post-54352","1":"product","2":"type-product","3":"status-publish","4":"has-post-thumbnail","6":"product_cat-297","8":"first","9":"outofstock","10":"taxable","11":"shipping-taxable","12":"purchasable","13":"product-type-simple"},"_links":{"self":[{"href":"https:\/\/senabel.com\/sv\/wp-json\/wp\/v2\/product\/54352","targetHints":{"allow":["GET"]}}],"collection":[{"href":"https:\/\/senabel.com\/sv\/wp-json\/wp\/v2\/product"}],"about":[{"href":"https:\/\/senabel.com\/sv\/wp-json\/wp\/v2\/types\/product"}],"version-history":[{"count":1,"href":"https:\/\/senabel.com\/sv\/wp-json\/wp\/v2\/product\/54352\/revisions"}],"predecessor-version":[{"id":54354,"href":"https:\/\/senabel.com\/sv\/wp-json\/wp\/v2\/product\/54352\/revisions\/54354"}],"wp:featuredmedia":[{"embeddable":true,"href":"https:\/\/senabel.com\/sv\/wp-json\/wp\/v2\/media\/54353"}],"wp:attachment":[{"href":"https:\/\/senabel.com\/sv\/wp-json\/wp\/v2\/media?parent=54352"}],"wp:term":[{"taxonomy":"product_brand","embeddable":true,"href":"https:\/\/senabel.com\/sv\/wp-json\/wp\/v2\/product_brand?post=54352"},{"taxonomy":"product_cat","embeddable":true,"href":"https:\/\/senabel.com\/sv\/wp-json\/wp\/v2\/product_cat?post=54352"},{"taxonomy":"product_tag","embeddable":true,"href":"https:\/\/senabel.com\/sv\/wp-json\/wp\/v2\/product_tag?post=54352"}],"curies":[{"name":"wp","href":"https:\/\/api.w.org\/{rel}","templated":true}]}}