{"id":54295,"date":"2025-07-31T11:14:36","date_gmt":"2025-07-31T11:14:36","guid":{"rendered":"https:\/\/senabel.com\/?post_type=product&#038;p=54295"},"modified":"2025-11-02T21:18:48","modified_gmt":"2025-11-02T21:18:48","slug":"dadels-och-graddkakor","status":"publish","type":"product","link":"https:\/\/senabel.com\/sv\/product\/date-cream-biscuits\/","title":{"rendered":"Biscuits med dadelgr\u00e4dde - fr\u00e5n Raghad"},"content":{"rendered":"<p data-start=\"143\" data-end=\"240\"><strong data-start=\"178\" data-end=\"240\">Traditionell smak i modern tappning, perfekt till kaffet eller som mellanm\u00e5l.<\/strong><\/p>\n<ul data-start=\"242\" data-end=\"434\">\n<li data-start=\"242\" data-end=\"289\">\n<p data-start=\"244\" data-end=\"289\">Kex fyllda med noggrant utvald naturlig dadelgr\u00e4dde<\/p>\n<\/li>\n<li data-start=\"290\" data-end=\"335\">\n<p data-start=\"292\" data-end=\"335\">Individuellt f\u00f6rpackade f\u00f6r att bevara f\u00e4rskhet och smak<\/p>\n<\/li>\n<li data-start=\"336\" data-end=\"387\">\n<p data-start=\"338\" data-end=\"387\">L\u00e4mplig f\u00f6r representation och evenemang eller f\u00f6r vardagsnjutning<\/p>\n<\/li>\n<li data-start=\"388\" data-end=\"434\">\n<p data-start=\"390\" data-end=\"434\">Praktisk f\u00f6rpackning med genomskinligt lock som visar inneh\u00e5llet p\u00e5 ett snyggt s\u00e4tt<\/p>\n<\/li>\n<\/ul>\n<p data-start=\"436\" data-end=\"581\"><strong data-start=\"498\" data-end=\"510\">F\u00f6rpackning:<\/strong> Deluxe-f\u00f6rpackning med individuell innerf\u00f6rpackning<\/p>\n<p data-start=\"583\" data-end=\"709\"><strong data-start=\"583\" data-end=\"599\">S\u00e4ttet att spara:<\/strong><br data-start=\"599\" data-end=\"602\" \/>F\u00f6rvaras svalt, torrt och skyddat fr\u00e5n fukt och direkt v\u00e4rme. Konsumera inom h\u00e5llbarhetstiden f\u00f6r att s\u00e4kerst\u00e4lla optimal smak.<\/p>","protected":false},"excerpt":{"rendered":"<p>Biscuits fyllda med noggrant utvald naturlig dadelgr\u00e4dde, individuellt f\u00f6rpackade f\u00f6r att bevara f\u00e4rskhet och smak<\/p>","protected":false},"featured_media":54296,"template":"","meta":[],"product_brand":[],"product_cat":[347,377,221],"product_tag":[],"class_list":{"0":"post-54295","1":"product","2":"type-product","3":"status-publish","4":"has-post-thumbnail","6":"product_cat-347","7":"product_cat-377","8":"product_cat-221","10":"first","11":"outofstock","12":"taxable","13":"shipping-taxable","14":"purchasable","15":"product-type-simple"},"_links":{"self":[{"href":"https:\/\/senabel.com\/sv\/wp-json\/wp\/v2\/product\/54295","targetHints":{"allow":["GET"]}}],"collection":[{"href":"https:\/\/senabel.com\/sv\/wp-json\/wp\/v2\/product"}],"about":[{"href":"https:\/\/senabel.com\/sv\/wp-json\/wp\/v2\/types\/product"}],"version-history":[{"count":3,"href":"https:\/\/senabel.com\/sv\/wp-json\/wp\/v2\/product\/54295\/revisions"}],"predecessor-version":[{"id":57122,"href":"https:\/\/senabel.com\/sv\/wp-json\/wp\/v2\/product\/54295\/revisions\/57122"}],"wp:featuredmedia":[{"embeddable":true,"href":"https:\/\/senabel.com\/sv\/wp-json\/wp\/v2\/media\/54296"}],"wp:attachment":[{"href":"https:\/\/senabel.com\/sv\/wp-json\/wp\/v2\/media?parent=54295"}],"wp:term":[{"taxonomy":"product_brand","embeddable":true,"href":"https:\/\/senabel.com\/sv\/wp-json\/wp\/v2\/product_brand?post=54295"},{"taxonomy":"product_cat","embeddable":true,"href":"https:\/\/senabel.com\/sv\/wp-json\/wp\/v2\/product_cat?post=54295"},{"taxonomy":"product_tag","embeddable":true,"href":"https:\/\/senabel.com\/sv\/wp-json\/wp\/v2\/product_tag?post=54295"}],"curies":[{"name":"wp","href":"https:\/\/api.w.org\/{rel}","templated":true}]}}