{"id":54267,"date":"2025-07-30T11:54:01","date_gmt":"2025-07-30T11:54:01","guid":{"rendered":"https:\/\/senabel.com\/?post_type=product&#038;p=54267"},"modified":"2026-01-26T11:46:03","modified_gmt":"2026-01-26T11:46:03","slug":"blandade-turkiska-delikatesser-800-g","status":"publish","type":"product","link":"https:\/\/senabel.com\/sv\/product\/assorted-turkish-delight-800gr\/","title":{"rendered":"Blandad turkisk komfort - 800g"},"content":{"rendered":"<p data-start=\"106\" data-end=\"334\">En unik kombination av de finaste turkiska Raha i en m\u00e4ngd olika smaker och fyllningar som pistage, hasseln\u00f6t, valn\u00f6t, cashew och kokos, med inslag av rullad Raha toppad med krispig kadayef. Ett rikt sortiment som tillfredsst\u00e4ller alla smaker och ger dig en autentisk orientalisk upplevelse.<\/p>\n<p data-start=\"336\" data-end=\"362\"><strong data-start=\"336\" data-end=\"362\">Komfortfunktioner:<\/strong><\/p>\n<ul data-start=\"364\" data-end=\"555\">\n<li data-start=\"364\" data-end=\"426\">\n<p data-start=\"366\" data-end=\"426\">Stor variation av smaker: Pistasch, hasseln\u00f6t, valn\u00f6t, konafa, fikon, kokosn\u00f6t<\/p>\n<\/li>\n<li data-start=\"427\" data-end=\"455\">\n<p data-start=\"429\" data-end=\"455\">Sl\u00e4ta lager och gener\u00f6st fyllda<\/p>\n<\/li>\n<li data-start=\"456\" data-end=\"509\">\n<p data-start=\"458\" data-end=\"509\">En balanserad smak av naturlig s\u00f6tma och lyxiga n\u00f6tter<\/p>\n<\/li>\n<li data-start=\"510\" data-end=\"555\">\n<p data-start=\"512\" data-end=\"555\">L\u00e4mplig f\u00f6r servering vid evenemang eller som en lyxig present<\/p>\n<\/li>\n<\/ul>\n<p data-start=\"557\" data-end=\"578\"><strong data-start=\"557\" data-end=\"578\">Vikt:<\/strong><\/p>\n<ul data-start=\"580\" data-end=\"672\">\n<li data-start=\"580\" data-end=\"625\">\n<p data-start=\"582\" data-end=\"625\">800g<\/p>\n<\/li>\n<\/ul>\n<p data-start=\"674\" data-end=\"694\"><strong data-start=\"674\" data-end=\"694\">F\u00f6rvaringsanvisningar:<\/strong><\/p>\n<p data-start=\"696\" data-end=\"816\">F\u00f6rvaras svalt, torrt och skyddat fr\u00e5n solljus och fukt<br data-start=\"749\" data-end=\"752\" \/>Konsumeras inom tv\u00e5 veckor efter \u00f6ppnandet f\u00f6r att bevara smak och f\u00e4rskhet<\/p>\n<p data-start=\"818\" data-end=\"867\" data-is-last-node=\"\" data-is-only-node=\"\">En autentisk turkisk smak i ett lyxigt sortiment.<\/p>","protected":false},"excerpt":{"rendered":"<p>En unik kombination av de finaste turkiska Raha i en m\u00e4ngd olika smaker och fyllningar som pistage, hasseln\u00f6t, valn\u00f6t, cashew och kokos, med inslag av rullad Raha toppad med krispig kadayef. Ett rikt sortiment som tillfredsst\u00e4ller alla smaker och ger dig en autentisk orientalisk upplevelse.<\/p>","protected":false},"featured_media":53934,"template":"","meta":[],"product_brand":[],"product_cat":[347,299],"product_tag":[],"class_list":{"0":"post-54267","1":"product","2":"type-product","3":"status-publish","4":"has-post-thumbnail","6":"product_cat-347","7":"product_cat-299","9":"first","10":"outofstock","11":"taxable","12":"shipping-taxable","13":"purchasable","14":"product-type-simple"},"_links":{"self":[{"href":"https:\/\/senabel.com\/sv\/wp-json\/wp\/v2\/product\/54267","targetHints":{"allow":["GET"]}}],"collection":[{"href":"https:\/\/senabel.com\/sv\/wp-json\/wp\/v2\/product"}],"about":[{"href":"https:\/\/senabel.com\/sv\/wp-json\/wp\/v2\/types\/product"}],"version-history":[{"count":1,"href":"https:\/\/senabel.com\/sv\/wp-json\/wp\/v2\/product\/54267\/revisions"}],"predecessor-version":[{"id":54268,"href":"https:\/\/senabel.com\/sv\/wp-json\/wp\/v2\/product\/54267\/revisions\/54268"}],"wp:featuredmedia":[{"embeddable":true,"href":"https:\/\/senabel.com\/sv\/wp-json\/wp\/v2\/media\/53934"}],"wp:attachment":[{"href":"https:\/\/senabel.com\/sv\/wp-json\/wp\/v2\/media?parent=54267"}],"wp:term":[{"taxonomy":"product_brand","embeddable":true,"href":"https:\/\/senabel.com\/sv\/wp-json\/wp\/v2\/product_brand?post=54267"},{"taxonomy":"product_cat","embeddable":true,"href":"https:\/\/senabel.com\/sv\/wp-json\/wp\/v2\/product_cat?post=54267"},{"taxonomy":"product_tag","embeddable":true,"href":"https:\/\/senabel.com\/sv\/wp-json\/wp\/v2\/product_tag?post=54267"}],"curies":[{"name":"wp","href":"https:\/\/api.w.org\/{rel}","templated":true}]}}