{"id":54254,"date":"2025-07-30T11:41:35","date_gmt":"2025-07-30T11:41:35","guid":{"rendered":"https:\/\/senabel.com\/?post_type=product&#038;p=54254"},"modified":"2026-02-10T16:03:39","modified_gmt":"2026-02-10T16:03:39","slug":"premium-saltade-cashewnotter-och","status":"publish","type":"product","link":"https:\/\/senabel.com\/sv\/product\/%d9%85%d9%83%d8%b3%d8%b1%d8%a7%d8%aa-%d9%85%d8%b4%d9%83%d9%84%d8%a9-%d9%85%d8%a7%d9%84%d8%ad%d8%a9-%d9%81%d8%a7%d8%ae%d8%b1%d8%a9-%d9%85%d9%86-%d8%a7%d9%84%d9%83%d8%a7%d8%ac%d9%88-%d9%88%d8%a7%d9%84\/","title":{"rendered":"Cashew, Mandel och Pistage Premium Salty Mixed Nuts 900g"},"content":{"rendered":"<p>Upplev smaken av en blandning av premiumn\u00f6tter, en balanserad blandning av cashewn\u00f6tter, mandlar och pistagen\u00f6tter av h\u00f6gsta kvalitet.<\/p>\n<p>Uppt\u00e4ck l\u00e4ckerheten med mixade n\u00f6tter som kombinerar tre av de godaste n\u00f6tterna: Cashewn\u00f6tter, mandlar och pistagen\u00f6tter.<br \/>\nMed h\u00f6g kvalitet, perfekt krispighet och naturlig smak \u00e4r det h\u00e4r sortimentet ett utm\u00e4rkt mellanm\u00e5l f\u00f6r dig och din familj.<\/p>\n<h3>Egenskaper hos blandade n\u00f6tter:<\/h3>\n<p><strong>Ingredienser<\/strong>: Cashewn\u00f6tter, mandlar, pistagen\u00f6tter.<br \/>\n<strong>Vikt:<\/strong> 900 gram.<br \/>\n<strong>Kvalitet:<\/strong> Noggrant utvalda f\u00f6r perfekt krispighet och rik, naturlig smak.<br \/>\n<strong>Balanserad smak:<\/strong> En uts\u00f6kt kombination av flera smaker som tillfredsst\u00e4ller alla smaker.<br \/>\n<strong>H\u00e4lsosamma ingredienser:<\/strong> Rik p\u00e5 nyttiga n\u00e4rings\u00e4mnen, t.ex. proteiner, fibrer och viktiga mineraler.<\/p>\n<p><span style=\"color: #008000;\"><strong>F\u00f6rvaringsanvisningar:<\/strong><\/span><br \/>\nF\u00f6r att bevara smaken och kvaliteten p\u00e5 dina mixade n\u00f6tter ska du f\u00f6rvara dem p\u00e5 en sval och torr plats, skyddad fr\u00e5n fukt och direkt solljus.<\/p>\n<p>K\u00f6p dina premiummixade n\u00f6tter nu fr\u00e5n v\u00e5r onlinebutik!<\/p>","protected":false},"excerpt":{"rendered":"<p>Upplev smaken av premium cashew-, mandel- och pistagen\u00f6tter av h\u00f6gsta kvalitet.<\/p>","protected":false},"featured_media":39933,"template":"","meta":[],"product_brand":[],"product_cat":[308],"product_tag":[],"class_list":{"0":"post-54254","1":"product","2":"type-product","3":"status-publish","4":"has-post-thumbnail","6":"product_cat-308","8":"first","9":"instock","10":"taxable","11":"shipping-taxable","12":"purchasable","13":"product-type-simple"},"_links":{"self":[{"href":"https:\/\/senabel.com\/sv\/wp-json\/wp\/v2\/product\/54254","targetHints":{"allow":["GET"]}}],"collection":[{"href":"https:\/\/senabel.com\/sv\/wp-json\/wp\/v2\/product"}],"about":[{"href":"https:\/\/senabel.com\/sv\/wp-json\/wp\/v2\/types\/product"}],"version-history":[{"count":4,"href":"https:\/\/senabel.com\/sv\/wp-json\/wp\/v2\/product\/54254\/revisions"}],"predecessor-version":[{"id":55090,"href":"https:\/\/senabel.com\/sv\/wp-json\/wp\/v2\/product\/54254\/revisions\/55090"}],"wp:featuredmedia":[{"embeddable":true,"href":"https:\/\/senabel.com\/sv\/wp-json\/wp\/v2\/media\/39933"}],"wp:attachment":[{"href":"https:\/\/senabel.com\/sv\/wp-json\/wp\/v2\/media?parent=54254"}],"wp:term":[{"taxonomy":"product_brand","embeddable":true,"href":"https:\/\/senabel.com\/sv\/wp-json\/wp\/v2\/product_brand?post=54254"},{"taxonomy":"product_cat","embeddable":true,"href":"https:\/\/senabel.com\/sv\/wp-json\/wp\/v2\/product_cat?post=54254"},{"taxonomy":"product_tag","embeddable":true,"href":"https:\/\/senabel.com\/sv\/wp-json\/wp\/v2\/product_tag?post=54254"}],"curies":[{"name":"wp","href":"https:\/\/api.w.org\/{rel}","templated":true}]}}