{"id":54251,"date":"2025-07-30T12:16:11","date_gmt":"2025-07-30T12:16:11","guid":{"rendered":"https:\/\/senabel.com\/?post_type=product&#038;p=54251"},"modified":"2025-12-03T15:31:24","modified_gmt":"2025-12-03T15:31:24","slug":"senabel-golden-box-erbjudande","status":"publish","type":"product","link":"https:\/\/senabel.com\/sv\/product\/senabel-golden-box-offer\/","title":{"rendered":"Snapple Golden Box Erbjudande"},"content":{"rendered":"<p data-start=\"119\" data-end=\"182\"><strong data-start=\"119\" data-end=\"182\">\ud83c\udf81 Golden Box Erbjudande - Lyx och smak i en och samma l\u00e5da<\/strong><\/p>\n<p data-start=\"184\" data-end=\"440\">Kombinera lyx, variation och \u00e4kthet med Sanabels Golden Box-erbjudande - ett noggrant utvalt urval som passar alla smaker och tillf\u00e4llen. Oavsett om du vill ge bort en g\u00e5va eller unna dig sj\u00e4lv och dina n\u00e4ra och k\u00e4ra, erbjuder den h\u00e4r boxen ett oemotst\u00e5ndligt urval av h\u00f6gkvalitativa s\u00f6tsaker, n\u00f6tter och drycker.<\/p>\n<p data-start=\"894\" data-end=\"922\"><strong data-start=\"894\" data-end=\"922\">Varf\u00f6r du kommer att \u00e4lska den h\u00e4r buketten.<\/strong><\/p>\n<ul data-start=\"924\" data-end=\"1116\">\n<li data-start=\"924\" data-end=\"979\">\n<p data-start=\"926\" data-end=\"979\">Kombinerar \u00e4kta orientaliska s\u00f6tsaker med premiumn\u00f6tter till ett attraktivt pris.<\/p>\n<\/li>\n<li data-start=\"980\" data-end=\"1017\">\n<p data-start=\"982\" data-end=\"1017\">Perfekt som en lyxig g\u00e5va eller som en speciell behandling.<\/p>\n<\/li>\n<li data-start=\"1018\" data-end=\"1061\">\n<p data-start=\"1020\" data-end=\"1061\">Elegant f\u00f6rpackning och rikt inneh\u00e5ll som tillgodoser olika smaker.<\/p>\n<\/li>\n<li data-start=\"1062\" data-end=\"1116\">\n<p data-start=\"1064\" data-end=\"1116\">H\u00f6g kvalitet fr\u00e5n noggrant utvalda komponenter fr\u00e5n de b\u00e4sta leverant\u00f6rerna.<\/p>\n<\/li>\n<\/ul>\n<p data-start=\"1118\" data-end=\"1134\"><strong data-start=\"1118\" data-end=\"1134\">S\u00e4ttet att spara:<\/strong><\/p>\n<ul data-start=\"1136\" data-end=\"1283\">\n<li data-start=\"1136\" data-end=\"1192\">\n<p data-start=\"1138\" data-end=\"1192\">F\u00f6rvaras svalt, torrt och skyddat fr\u00e5n direkt solljus.<\/p>\n<\/li>\n<li data-start=\"1193\" data-end=\"1283\">\n<p data-start=\"1195\" data-end=\"1283\">Godis och n\u00f6tter b\u00f6r \u00e4tas inom 30 dagar efter att f\u00f6rpackningen \u00f6ppnats f\u00f6r att bevara den ursprungliga smaken.<\/p>\n<\/li>\n<\/ul>","protected":false},"excerpt":{"rendered":"<p>Kombinera lyx, variation och \u00e4kthet med Sanabels Golden Box-erbjudande - ett noggrant utvalt urval som passar alla smaker och tillf\u00e4llen. Oavsett om du vill ge bort en g\u00e5va eller unna dig sj\u00e4lv och dina n\u00e4ra och k\u00e4ra, erbjuder den h\u00e4r boxen ett oemotst\u00e5ndligt urval av h\u00f6gkvalitativa s\u00f6tsaker, n\u00f6tter och drycker.<\/p>","protected":false},"featured_media":54420,"template":"","meta":[],"product_brand":[],"product_cat":[347,456,220,310,282,299,227,308],"product_tag":[],"class_list":{"0":"post-54251","1":"product","2":"type-product","3":"status-publish","4":"has-post-thumbnail","6":"product_cat-347","7":"product_cat-456","8":"product_cat-220","9":"product_cat-310","10":"product_cat-282","11":"product_cat-299","12":"product_cat-227","13":"product_cat-308","15":"first","16":"outofstock","17":"sale","18":"featured","19":"taxable","20":"shipping-taxable","21":"purchasable","22":"product-type-woosb"},"_links":{"self":[{"href":"https:\/\/senabel.com\/sv\/wp-json\/wp\/v2\/product\/54251","targetHints":{"allow":["GET"]}}],"collection":[{"href":"https:\/\/senabel.com\/sv\/wp-json\/wp\/v2\/product"}],"about":[{"href":"https:\/\/senabel.com\/sv\/wp-json\/wp\/v2\/types\/product"}],"version-history":[{"count":9,"href":"https:\/\/senabel.com\/sv\/wp-json\/wp\/v2\/product\/54251\/revisions"}],"predecessor-version":[{"id":54922,"href":"https:\/\/senabel.com\/sv\/wp-json\/wp\/v2\/product\/54251\/revisions\/54922"}],"wp:featuredmedia":[{"embeddable":true,"href":"https:\/\/senabel.com\/sv\/wp-json\/wp\/v2\/media\/54420"}],"wp:attachment":[{"href":"https:\/\/senabel.com\/sv\/wp-json\/wp\/v2\/media?parent=54251"}],"wp:term":[{"taxonomy":"product_brand","embeddable":true,"href":"https:\/\/senabel.com\/sv\/wp-json\/wp\/v2\/product_brand?post=54251"},{"taxonomy":"product_cat","embeddable":true,"href":"https:\/\/senabel.com\/sv\/wp-json\/wp\/v2\/product_cat?post=54251"},{"taxonomy":"product_tag","embeddable":true,"href":"https:\/\/senabel.com\/sv\/wp-json\/wp\/v2\/product_tag?post=54251"}],"curies":[{"name":"wp","href":"https:\/\/api.w.org\/{rel}","templated":true}]}}