{"id":54053,"date":"2025-07-24T11:48:32","date_gmt":"2025-07-24T11:48:32","guid":{"rendered":"https:\/\/senabel.com\/?post_type=product&#038;p=54053"},"modified":"2026-01-29T14:39:27","modified_gmt":"2026-01-29T14:39:27","slug":"baby-shower-presentkorg-for-flickor","status":"publish","type":"product","link":"https:\/\/senabel.com\/sv\/product\/baby-shower-favor-box-for-girls-basket\/","title":{"rendered":"F\u00f6rlossningskit f\u00f6r flicka - Korg"},"content":{"rendered":"<p data-start=\"34\" data-end=\"95\"><strong data-start=\"34\" data-end=\"95\">Presentask f\u00f6r flickors f\u00f6delse - rund korg i plast med blommig design<\/strong><\/p>\n<p data-start=\"97\" data-end=\"257\">Den h\u00e4r mjuka, feminina rosa runda korgl\u00e5dan \u00e4r tillverkad av h\u00e5llbar plast och \u00e4r perfekt f\u00f6r att f\u00f6rvara choklad, kl\u00e4der eller andra sm\u00e5 f\u00f6rem\u00e5l p\u00e5 ett elegant och i\u00f6gonfallande s\u00e4tt.<\/p>\n<p data-start=\"259\" data-end=\"277\"><strong data-start=\"259\" data-end=\"277\">Funktioner i fodralet:<\/strong><\/p>\n<ul data-start=\"279\" data-end=\"418\">\n<li data-start=\"279\" data-end=\"307\">\n<p data-start=\"281\" data-end=\"307\">Modern och attraktiv korgdesign<\/p>\n<\/li>\n<li data-start=\"308\" data-end=\"346\">\n<p data-start=\"310\" data-end=\"346\">Rosa f\u00e4rg f\u00f6r flickors f\u00f6delsedagar<\/p>\n<\/li>\n<li data-start=\"347\" data-end=\"390\">\n<p data-start=\"349\" data-end=\"390\">L\u00e4tt att \u00f6ppna och st\u00e4nga med ett lock med flip-top<\/p>\n<\/li>\n<li data-start=\"391\" data-end=\"418\">\n<p data-start=\"393\" data-end=\"418\">L\u00e4tt och enkel att dosera<\/p>\n<\/li>\n<\/ul>\n<p data-start=\"420\" data-end=\"438\"><strong data-start=\"420\" data-end=\"438\">Produktinformation:<\/strong><\/p>\n<ul data-start=\"440\" data-end=\"535\">\n<li data-start=\"440\" data-end=\"453\">\n<p data-start=\"442\" data-end=\"453\">F\u00e4rgen: Rosa<\/p>\n<\/li>\n<li data-start=\"454\" data-end=\"487\">\n<p data-start=\"456\" data-end=\"487\">Formen: \u00d6ppen cirkul\u00e4r med topplock<\/p>\n<\/li>\n<li data-start=\"506\" data-end=\"535\">\n<p data-start=\"508\" data-end=\"535\">Kategori: F\u00f6delseformer - Flickor<\/p>\n<\/li>\n<\/ul>\n<p data-start=\"537\" data-end=\"604\"><strong data-start=\"537\" data-end=\"549\">M\u00e5tt:<\/strong><\/p>\n<p data-start=\"537\" data-end=\"604\">5*5*7<\/p>","protected":false},"excerpt":{"rendered":"<p>Den h\u00e4r mjuka, feminina rosa runda korgl\u00e5dan \u00e4r tillverkad av h\u00e5llbar plast och \u00e4r perfekt f\u00f6r att f\u00f6rvara choklad, kl\u00e4der eller andra sm\u00e5 f\u00f6rem\u00e5l p\u00e5 ett elegant och i\u00f6gonfallande s\u00e4tt.<\/p>","protected":false},"featured_media":54054,"template":"","meta":[],"product_brand":[],"product_cat":[444,347,446],"product_tag":[],"class_list":{"0":"post-54053","1":"product","2":"type-product","3":"status-publish","4":"has-post-thumbnail","6":"product_cat-444","7":"product_cat-347","8":"product_cat-446","10":"first","11":"outofstock","12":"taxable","13":"shipping-taxable","14":"purchasable","15":"product-type-simple"},"_links":{"self":[{"href":"https:\/\/senabel.com\/sv\/wp-json\/wp\/v2\/product\/54053","targetHints":{"allow":["GET"]}}],"collection":[{"href":"https:\/\/senabel.com\/sv\/wp-json\/wp\/v2\/product"}],"about":[{"href":"https:\/\/senabel.com\/sv\/wp-json\/wp\/v2\/types\/product"}],"version-history":[{"count":3,"href":"https:\/\/senabel.com\/sv\/wp-json\/wp\/v2\/product\/54053\/revisions"}],"predecessor-version":[{"id":54114,"href":"https:\/\/senabel.com\/sv\/wp-json\/wp\/v2\/product\/54053\/revisions\/54114"}],"wp:featuredmedia":[{"embeddable":true,"href":"https:\/\/senabel.com\/sv\/wp-json\/wp\/v2\/media\/54054"}],"wp:attachment":[{"href":"https:\/\/senabel.com\/sv\/wp-json\/wp\/v2\/media?parent=54053"}],"wp:term":[{"taxonomy":"product_brand","embeddable":true,"href":"https:\/\/senabel.com\/sv\/wp-json\/wp\/v2\/product_brand?post=54053"},{"taxonomy":"product_cat","embeddable":true,"href":"https:\/\/senabel.com\/sv\/wp-json\/wp\/v2\/product_cat?post=54053"},{"taxonomy":"product_tag","embeddable":true,"href":"https:\/\/senabel.com\/sv\/wp-json\/wp\/v2\/product_tag?post=54053"}],"curies":[{"name":"wp","href":"https:\/\/api.w.org\/{rel}","templated":true}]}}