{"id":54011,"date":"2025-07-24T11:56:25","date_gmt":"2025-07-24T11:56:25","guid":{"rendered":"https:\/\/senabel.com\/?post_type=product&#038;p=54011"},"modified":"2026-01-29T14:44:06","modified_gmt":"2026-01-29T14:44:06","slug":"lyxig-vip-loge","status":"publish","type":"product","link":"https:\/\/senabel.com\/sv\/product\/luxury-hospitality-box\/","title":{"rendered":"Lyxig g\u00e4stfrihetsbox med p\u00e4rlrosa lock"},"content":{"rendered":"<p data-start=\"114\" data-end=\"334\">F\u00f6rdela dina festg\u00e5vor med denna intrikat designade l\u00e5da, med en raffinerad elfenbensf\u00e4rgad finish och ett p\u00e4rlroslock som ger en speciell elegans. Den har ett mjukt spetsband runt sidorna och \u00e4r ett feminint och elegant val f\u00f6r desserter, kl\u00e4der eller presenter.<\/p>\n<p data-start=\"336\" data-end=\"354\"><strong data-start=\"336\" data-end=\"354\">Funktioner i fodralet:<\/strong><\/p>\n<ul data-start=\"356\" data-end=\"521\">\n<li data-start=\"356\" data-end=\"385\">\n<p data-start=\"358\" data-end=\"385\">Lyxig design i elegant elfenbensf\u00e4rg<\/p>\n<\/li>\n<li data-start=\"386\" data-end=\"419\">\n<p data-start=\"388\" data-end=\"419\">Lock med dekor av p\u00e4rlrosor<\/p>\n<\/li>\n<li data-start=\"420\" data-end=\"467\">\n<p data-start=\"422\" data-end=\"467\">Ett mjukt spetsband f\u00f6rst\u00e4rker den lyxiga looken<\/p>\n<\/li>\n<li data-start=\"468\" data-end=\"521\">\n<p data-start=\"470\" data-end=\"521\">Perfekt f\u00f6r br\u00f6llop, f\u00f6rlovningar eller exklusiva evenemang<\/p>\n<\/li>\n<\/ul>\n<p data-start=\"523\" data-end=\"541\"><strong data-start=\"523\" data-end=\"541\">Produktinformation:<\/strong><\/p>\n<ul data-start=\"543\" data-end=\"666\">\n<li data-start=\"543\" data-end=\"569\">\n<p data-start=\"545\" data-end=\"569\">F\u00e4rgen: Elfenben (Off-White)<\/p>\n<\/li>\n<li data-start=\"570\" data-end=\"598\">\n<p data-start=\"572\" data-end=\"598\">Form: Rund med korrugerade kanter<\/p>\n<\/li>\n<li data-start=\"646\" data-end=\"666\">\n<p data-start=\"648\" data-end=\"666\">Kategori: \u00c4ktenskap och f\u00f6rlovning<\/p>\n<\/li>\n<\/ul>\n<p data-start=\"668\" data-end=\"743\"><strong data-start=\"668\" data-end=\"680\">M\u00e5tt:<\/strong><\/p>\n<p data-start=\"668\" data-end=\"743\">H\u00f6jd: 5 cm<br data-start=\"685\" data-end=\"688\" \/>Bredd: 5cm<br data-start=\"701\" data-end=\"704\" \/>H\u00f6jd: 4 cm<\/p>","protected":false},"excerpt":{"rendered":"<p>F\u00f6rdela dina festg\u00e5vor med denna intrikat designade l\u00e5da, med en raffinerad elfenbensf\u00e4rgad finish och ett p\u00e4rlroslock som ger en speciell elegans. Den har ett mjukt spetsband runt sidorna och \u00e4r ett feminint och elegant val f\u00f6r desserter, kl\u00e4der eller presenter.<\/p>","protected":false},"featured_media":54012,"template":"","meta":[],"product_brand":[],"product_cat":[444,445,347],"product_tag":[],"class_list":{"0":"post-54011","1":"product","2":"type-product","3":"status-publish","4":"has-post-thumbnail","6":"product_cat-444","7":"product_cat-445","8":"product_cat-347","10":"first","11":"outofstock","12":"taxable","13":"shipping-taxable","14":"purchasable","15":"product-type-simple"},"_links":{"self":[{"href":"https:\/\/senabel.com\/sv\/wp-json\/wp\/v2\/product\/54011","targetHints":{"allow":["GET"]}}],"collection":[{"href":"https:\/\/senabel.com\/sv\/wp-json\/wp\/v2\/product"}],"about":[{"href":"https:\/\/senabel.com\/sv\/wp-json\/wp\/v2\/types\/product"}],"version-history":[{"count":4,"href":"https:\/\/senabel.com\/sv\/wp-json\/wp\/v2\/product\/54011\/revisions"}],"predecessor-version":[{"id":54134,"href":"https:\/\/senabel.com\/sv\/wp-json\/wp\/v2\/product\/54011\/revisions\/54134"}],"wp:featuredmedia":[{"embeddable":true,"href":"https:\/\/senabel.com\/sv\/wp-json\/wp\/v2\/media\/54012"}],"wp:attachment":[{"href":"https:\/\/senabel.com\/sv\/wp-json\/wp\/v2\/media?parent=54011"}],"wp:term":[{"taxonomy":"product_brand","embeddable":true,"href":"https:\/\/senabel.com\/sv\/wp-json\/wp\/v2\/product_brand?post=54011"},{"taxonomy":"product_cat","embeddable":true,"href":"https:\/\/senabel.com\/sv\/wp-json\/wp\/v2\/product_cat?post=54011"},{"taxonomy":"product_tag","embeddable":true,"href":"https:\/\/senabel.com\/sv\/wp-json\/wp\/v2\/product_tag?post=54011"}],"curies":[{"name":"wp","href":"https:\/\/api.w.org\/{rel}","templated":true}]}}