{"id":53975,"date":"2025-07-24T11:57:58","date_gmt":"2025-07-24T11:57:58","guid":{"rendered":"https:\/\/senabel.com\/?post_type=product&#038;p=53975"},"modified":"2026-01-29T14:42:54","modified_gmt":"2026-01-29T14:42:54","slug":"gyllene-gastlada","status":"publish","type":"product","link":"https:\/\/senabel.com\/sv\/product\/golden-hospitality-box\/","title":{"rendered":"Lyxig hexagonal g\u00e4stfrihetsbox i guld - br\u00f6llop och f\u00f6rlovning"},"content":{"rendered":"<p data-start=\"210\" data-end=\"439\">L\u00e4gg till en touch av lyx och sofistikering till dina speciella tillf\u00e4llen med v\u00e5r Gold Hospitality Box med sin unika hexagonala design och gl\u00e4nsande guldf\u00e4rg. En elegant urholkad l\u00e5da med intrikata blommotiv, perfekt f\u00f6r servering av godis, choklad eller kl\u00e4der vid f\u00f6rlovningar och br\u00f6llop.<\/p>\n<p data-start=\"441\" data-end=\"459\"><strong data-start=\"441\" data-end=\"459\">Funktioner i fodralet:<\/strong><\/p>\n<ul data-start=\"461\" data-end=\"725\">\n<li data-start=\"461\" data-end=\"497\">\n<p data-start=\"463\" data-end=\"497\">Slitstark design med attraktiv guldfinish<\/p>\n<\/li>\n<li data-start=\"498\" data-end=\"543\">\n<p data-start=\"500\" data-end=\"543\">H\u00e5lmotiv p\u00e5 locket ger en lyxig k\u00e4nsla<\/p>\n<\/li>\n<li data-start=\"544\" data-end=\"605\">\n<p data-start=\"546\" data-end=\"605\">Perfekt f\u00f6r servering av lyxiga godsaker, choklad eller n\u00f6tter<\/p>\n<\/li>\n<li data-start=\"606\" data-end=\"659\">\n<p data-start=\"608\" data-end=\"659\">Ett utm\u00e4rkt val f\u00f6r f\u00f6rlovnings- och br\u00f6llopsfavoriter<\/p>\n<\/li>\n<li data-start=\"660\" data-end=\"725\">\n<p data-start=\"662\" data-end=\"725\">\u00c5teranv\u00e4ndbar som dekorativt f\u00f6rem\u00e5l eller liten minnesbox<\/p>\n<\/li>\n<\/ul>\n<p data-start=\"727\" data-end=\"745\"><strong data-start=\"727\" data-end=\"745\">Produktinformation:<\/strong><\/p>\n<ul data-start=\"747\" data-end=\"838\">\n<li data-start=\"747\" data-end=\"763\">\n<p data-start=\"749\" data-end=\"763\">Form: Hexagonal<\/p>\n<\/li>\n<li data-start=\"764\" data-end=\"784\">\n<p data-start=\"766\" data-end=\"784\">F\u00e4rg: Gl\u00e4nsande guld<\/p>\n<\/li>\n<li data-start=\"785\" data-end=\"838\">\n<p data-start=\"787\" data-end=\"838\">Anv\u00e4ndning: Event Hospitality (Br\u00f6llop, F\u00f6rlovning, High-end Party)<\/p>\n<\/li>\n<\/ul>\n<p><strong data-start=\"657\" data-end=\"669\">M\u00e5tt:<\/strong><br data-start=\"669\" data-end=\"672\" \/>L\u00e4ngd: 6 cm<br data-start=\"685\" data-end=\"688\" \/>Bredd: 4cm<br data-start=\"701\" data-end=\"704\" \/>H\u00f6jd: 4 cm<\/p>\n<p data-start=\"840\" data-end=\"931\">En l\u00e5da som ger lyx till dina speciella stunder... f\u00f6r det \u00e4r de sm\u00e5 detaljerna som skapar de stora minnena.<\/p>","protected":false},"excerpt":{"rendered":"<p>L\u00e4gg till en touch av lyx och sofistikering till dina speciella tillf\u00e4llen med v\u00e5r Gold Hospitality Box med sin unika hexagonala design och gl\u00e4nsande guldf\u00e4rg. En elegant urholkad l\u00e5da med intrikata blommotiv, perfekt f\u00f6r servering av godis, choklad eller kl\u00e4der vid f\u00f6rlovningar och br\u00f6llop.<\/p>","protected":false},"featured_media":53976,"template":"","meta":[],"product_brand":[],"product_cat":[444,445,347],"product_tag":[],"class_list":{"0":"post-53975","1":"product","2":"type-product","3":"status-publish","4":"has-post-thumbnail","6":"product_cat-444","7":"product_cat-445","8":"product_cat-347","10":"first","11":"outofstock","12":"taxable","13":"shipping-taxable","14":"purchasable","15":"product-type-simple"},"_links":{"self":[{"href":"https:\/\/senabel.com\/sv\/wp-json\/wp\/v2\/product\/53975","targetHints":{"allow":["GET"]}}],"collection":[{"href":"https:\/\/senabel.com\/sv\/wp-json\/wp\/v2\/product"}],"about":[{"href":"https:\/\/senabel.com\/sv\/wp-json\/wp\/v2\/types\/product"}],"version-history":[{"count":4,"href":"https:\/\/senabel.com\/sv\/wp-json\/wp\/v2\/product\/53975\/revisions"}],"predecessor-version":[{"id":54141,"href":"https:\/\/senabel.com\/sv\/wp-json\/wp\/v2\/product\/53975\/revisions\/54141"}],"wp:featuredmedia":[{"embeddable":true,"href":"https:\/\/senabel.com\/sv\/wp-json\/wp\/v2\/media\/53976"}],"wp:attachment":[{"href":"https:\/\/senabel.com\/sv\/wp-json\/wp\/v2\/media?parent=53975"}],"wp:term":[{"taxonomy":"product_brand","embeddable":true,"href":"https:\/\/senabel.com\/sv\/wp-json\/wp\/v2\/product_brand?post=53975"},{"taxonomy":"product_cat","embeddable":true,"href":"https:\/\/senabel.com\/sv\/wp-json\/wp\/v2\/product_cat?post=53975"},{"taxonomy":"product_tag","embeddable":true,"href":"https:\/\/senabel.com\/sv\/wp-json\/wp\/v2\/product_tag?post=53975"}],"curies":[{"name":"wp","href":"https:\/\/api.w.org\/{rel}","templated":true}]}}