{"id":53939,"date":"2025-07-23T11:56:40","date_gmt":"2025-07-23T11:56:40","guid":{"rendered":"https:\/\/senabel.com\/?post_type=product&#038;p=53939"},"modified":"2025-11-26T15:05:33","modified_gmt":"2025-11-26T15:05:33","slug":"blandade-turkiska-delikatesser-2","status":"publish","type":"product","link":"https:\/\/senabel.com\/sv\/product\/turkish-delight-assorted-roll\/","title":{"rendered":"Raha turkisk rulle blandad - 800 g"},"content":{"rendered":"<p data-start=\"77\" data-end=\"335\">En lyxig samling turkiska Raha f\u00f6rpackade i innovativa smaker och rika fyllningar, med en m\u00e4ngd olika kr\u00e4miga fyllningar i choklad eller mjuk vit glasyr, och en yttre f\u00f6rpackning av lyxiga n\u00f6tter som pistaschmandlar, mandlar, jordn\u00f6tter, med en vacker touch av kokos och tranb\u00e4r.<\/p>\n<p data-start=\"337\" data-end=\"369\"><strong data-start=\"337\" data-end=\"369\">F\u00f6rdelarna med en formad rullkomfort:<\/strong><\/p>\n<ul data-start=\"371\" data-end=\"597\">\n<li data-start=\"371\" data-end=\"403\">\n<p data-start=\"373\" data-end=\"403\">5 distinkta smaker i en f\u00f6rpackning<\/p>\n<\/li>\n<li data-start=\"404\" data-end=\"468\">\n<p data-start=\"406\" data-end=\"468\">L\u00e4tta kr\u00e4miga fyllningar toppade med ett lager choklad eller vit glasyr<\/p>\n<\/li>\n<li data-start=\"469\" data-end=\"517\">\n<p data-start=\"471\" data-end=\"517\">En rik, krispig topping med hela n\u00f6tter<\/p>\n<\/li>\n<li data-start=\"518\" data-end=\"563\">\n<p data-start=\"520\" data-end=\"563\">En balanserad smak av s\u00f6tma, m\u00f6rhet och krispighet<\/p>\n<\/li>\n<li data-start=\"564\" data-end=\"597\">\n<p data-start=\"566\" data-end=\"597\">Perfekt f\u00f6r representation eller som en snygg present<\/p>\n<\/li>\n<\/ul>\n<p data-start=\"599\" data-end=\"625\"><strong data-start=\"599\" data-end=\"616\">Nettovikt:<\/strong> 800 gram<\/p>\n<p data-start=\"627\" data-end=\"647\"><strong data-start=\"627\" data-end=\"647\">F\u00f6rvaringsanvisningar:<\/strong><\/p>\n<p data-start=\"649\" data-end=\"758\">F\u00f6rvaras svalt, torrt och skyddat fr\u00e5n solljus<br data-start=\"693\" data-end=\"696\" \/>F\u00f6r b\u00e4sta smak och konsistens, konsumeras b\u00e4st inom 14 dagar efter \u00f6ppnandet<\/p>\n<p data-start=\"760\" data-end=\"830\" data-is-last-node=\"\" data-is-only-node=\"\">Njutningen av en orientalisk dessert med en oemotst\u00e5ndlig turkisk elegans... i ett smakrikt paket.<\/p>","protected":false},"excerpt":{"rendered":"<p>En lyxig samling turkiska Raha f\u00f6rpackade i innovativa smaker och rika fyllningar, med en m\u00e4ngd olika kr\u00e4miga fyllningar i choklad eller mjuk vit glasyr, och en yttre f\u00f6rpackning av lyxiga n\u00f6tter som pistaschmandlar, mandlar, jordn\u00f6tter, med en vacker touch av kokos och tranb\u00e4r.<\/p>","protected":false},"featured_media":53940,"template":"","meta":[],"product_brand":[],"product_cat":[347,299],"product_tag":[],"class_list":{"0":"post-53939","1":"product","2":"type-product","3":"status-publish","4":"has-post-thumbnail","6":"product_cat-347","7":"product_cat-299","9":"first","10":"outofstock","11":"taxable","12":"shipping-taxable","13":"purchasable","14":"product-type-simple"},"_links":{"self":[{"href":"https:\/\/senabel.com\/sv\/wp-json\/wp\/v2\/product\/53939","targetHints":{"allow":["GET"]}}],"collection":[{"href":"https:\/\/senabel.com\/sv\/wp-json\/wp\/v2\/product"}],"about":[{"href":"https:\/\/senabel.com\/sv\/wp-json\/wp\/v2\/types\/product"}],"version-history":[{"count":3,"href":"https:\/\/senabel.com\/sv\/wp-json\/wp\/v2\/product\/53939\/revisions"}],"predecessor-version":[{"id":55171,"href":"https:\/\/senabel.com\/sv\/wp-json\/wp\/v2\/product\/53939\/revisions\/55171"}],"wp:featuredmedia":[{"embeddable":true,"href":"https:\/\/senabel.com\/sv\/wp-json\/wp\/v2\/media\/53940"}],"wp:attachment":[{"href":"https:\/\/senabel.com\/sv\/wp-json\/wp\/v2\/media?parent=53939"}],"wp:term":[{"taxonomy":"product_brand","embeddable":true,"href":"https:\/\/senabel.com\/sv\/wp-json\/wp\/v2\/product_brand?post=53939"},{"taxonomy":"product_cat","embeddable":true,"href":"https:\/\/senabel.com\/sv\/wp-json\/wp\/v2\/product_cat?post=53939"},{"taxonomy":"product_tag","embeddable":true,"href":"https:\/\/senabel.com\/sv\/wp-json\/wp\/v2\/product_tag?post=53939"}],"curies":[{"name":"wp","href":"https:\/\/api.w.org\/{rel}","templated":true}]}}