{"id":53871,"date":"2025-07-19T12:39:08","date_gmt":"2025-07-19T12:39:08","guid":{"rendered":"https:\/\/senabel.com\/?post_type=product&#038;p=53871"},"modified":"2026-03-08T11:09:20","modified_gmt":"2026-03-08T11:09:20","slug":"turkisk-delight-rull-med-roda-bar-och-fylld-med-galaxkram-och-mandel","status":"publish","type":"product","link":"https:\/\/senabel.com\/sv\/product\/turkish-delight-roll-with-red-berries-and-filled-with-galaxy-cream-and-almonds\/","title":{"rendered":"Kalkonrulle med hallon fylld med galaxkr\u00e4m och mandel - 400 g"},"content":{"rendered":"<p data-start=\"147\" data-end=\"328\">En unik upplevelse som kombinerar en lyxig smak med ett bl\u00e4ndande utseende. Inslagen i ett naturligt \u00f6verdrag av r\u00f6da b\u00e4r, fylld med rik Galaxy-kr\u00e4m och rostade mandelbitar, \u00e4r det en perfekt balans mellan s\u00f6tma och krispighet i varje tugga.<\/p>\n<p data-start=\"330\" data-end=\"369\"><strong data-start=\"330\" data-end=\"369\">Galaxy Raspberry Cream:<\/strong><\/p>\n<ul data-start=\"371\" data-end=\"530\">\n<li data-start=\"371\" data-end=\"411\">\n<p data-start=\"373\" data-end=\"411\">Len fyllning med lyxig smak av galaxkr\u00e4m<\/p>\n<\/li>\n<li data-start=\"412\" data-end=\"452\">\n<p data-start=\"414\" data-end=\"452\">Ett elastiskt komfortlager med en naturlig r\u00f6db\u00e4rsfinish<\/p>\n<\/li>\n<li data-start=\"453\" data-end=\"496\">\n<p data-start=\"455\" data-end=\"496\">Rostade mandlar ger textur och fyllig smak<\/p>\n<\/li>\n<li data-start=\"497\" data-end=\"530\">\n<p data-start=\"499\" data-end=\"530\">Uppfriskande smak och i\u00f6gonfallande f\u00e4rg<\/p>\n<\/li>\n<\/ul>\n<p data-start=\"532\" data-end=\"550\"><strong data-start=\"532\" data-end=\"550\">Produktinformation:<\/strong><\/p>\n<p data-start=\"552\" data-end=\"608\">Nettovikt: 400g<\/p>\n<p data-start=\"610\" data-end=\"630\"><strong data-start=\"610\" data-end=\"630\">F\u00f6rvaringsanvisningar:<\/strong><\/p>\n<p data-start=\"632\" data-end=\"729\">F\u00f6rvara p\u00e5 en sval, torr plats, skyddad fr\u00e5n v\u00e4rme och fukt<br data-start=\"682\" data-end=\"685\" \/>B\u00e4st att konsumera inom tv\u00e5 veckor efter \u00f6ppnandet<\/p>\n<p data-start=\"731\" data-end=\"784\" data-is-last-node=\"\" data-is-only-node=\"\">Raspberry Galaxy Cream... ditt eleganta val f\u00f6r varje tillf\u00e4lle.<\/p>","protected":false},"excerpt":{"rendered":"<p>En unik upplevelse som kombinerar en lyxig smak med ett bl\u00e4ndande utseende. Inslagen i ett naturligt \u00f6verdrag av r\u00f6da b\u00e4r, fylld med rik Galaxy-kr\u00e4m och rostade mandelbitar, \u00e4r det en perfekt balans mellan s\u00f6tma och krispighet i varje tugga.<\/p>","protected":false},"featured_media":53872,"template":"","meta":[],"product_brand":[],"product_cat":[299,227],"product_tag":[],"class_list":{"0":"post-53871","1":"product","2":"type-product","3":"status-publish","4":"has-post-thumbnail","6":"product_cat-299","7":"product_cat-227","9":"first","10":"outofstock","11":"sale","12":"taxable","13":"shipping-taxable","14":"purchasable","15":"product-type-simple"},"_links":{"self":[{"href":"https:\/\/senabel.com\/sv\/wp-json\/wp\/v2\/product\/53871","targetHints":{"allow":["GET"]}}],"collection":[{"href":"https:\/\/senabel.com\/sv\/wp-json\/wp\/v2\/product"}],"about":[{"href":"https:\/\/senabel.com\/sv\/wp-json\/wp\/v2\/types\/product"}],"version-history":[{"count":2,"href":"https:\/\/senabel.com\/sv\/wp-json\/wp\/v2\/product\/53871\/revisions"}],"predecessor-version":[{"id":53874,"href":"https:\/\/senabel.com\/sv\/wp-json\/wp\/v2\/product\/53871\/revisions\/53874"}],"wp:featuredmedia":[{"embeddable":true,"href":"https:\/\/senabel.com\/sv\/wp-json\/wp\/v2\/media\/53872"}],"wp:attachment":[{"href":"https:\/\/senabel.com\/sv\/wp-json\/wp\/v2\/media?parent=53871"}],"wp:term":[{"taxonomy":"product_brand","embeddable":true,"href":"https:\/\/senabel.com\/sv\/wp-json\/wp\/v2\/product_brand?post=53871"},{"taxonomy":"product_cat","embeddable":true,"href":"https:\/\/senabel.com\/sv\/wp-json\/wp\/v2\/product_cat?post=53871"},{"taxonomy":"product_tag","embeddable":true,"href":"https:\/\/senabel.com\/sv\/wp-json\/wp\/v2\/product_tag?post=53871"}],"curies":[{"name":"wp","href":"https:\/\/api.w.org\/{rel}","templated":true}]}}