{"id":53836,"date":"2025-07-19T12:51:01","date_gmt":"2025-07-19T12:51:01","guid":{"rendered":"https:\/\/senabel.com\/?post_type=product&#038;p=53836"},"modified":"2025-12-19T12:36:46","modified_gmt":"2025-12-19T12:36:46","slug":"turkisk-delikatess-med-russin-granatapple-och-pistaschnotter","status":"publish","type":"product","link":"https:\/\/senabel.com\/sv\/product\/turkish-delight-with-raisins-pomegranate-and-pistachios\/","title":{"rendered":"Granat\u00e4pple och pistage Comfort - 500 g"},"content":{"rendered":"<p data-start=\"162\" data-end=\"380\">Uppt\u00e4ck en lyxig smak av orientaliska smaker med Sanabel Pomegranate Pistachio Raisin Raha. En harmonisk kombination av den naturliga syran i russin och granat\u00e4pple, kompletterad med hela pistagen\u00f6tter, skapar en unik smak- och konsistensupplevelse.<\/p>\n<p data-start=\"382\" data-end=\"419\"><strong data-start=\"382\" data-end=\"419\">Granat\u00e4pple och pistage russin komfort funktioner:<\/strong><\/p>\n<ul data-start=\"421\" data-end=\"566\">\n<li data-start=\"421\" data-end=\"463\">\n<p data-start=\"423\" data-end=\"463\">Tillverkad med naturliga extrakt fr\u00e5n russin och granat\u00e4pple<\/p>\n<\/li>\n<li data-start=\"464\" data-end=\"498\">\n<p data-start=\"466\" data-end=\"498\">Inneh\u00e5ller hela, lyxiga pistagen\u00f6tter<\/p>\n<\/li>\n<li data-start=\"499\" data-end=\"529\">\n<p data-start=\"501\" data-end=\"529\">Mjuk konsistens med en rik, fruktig smak<\/p>\n<\/li>\n<li data-start=\"530\" data-end=\"566\">\n<p data-start=\"532\" data-end=\"566\">Inga konstgjorda f\u00e4rg\u00e4mnen eller tillsatta smak\u00e4mnen<\/p>\n<\/li>\n<\/ul>\n<p data-start=\"568\" data-end=\"586\"><strong data-start=\"568\" data-end=\"586\">Produktinformation:<\/strong><\/p>\n<p data-start=\"588\" data-end=\"644\">Nettovikt: 500g<\/p>\n<p data-start=\"646\" data-end=\"666\"><strong data-start=\"646\" data-end=\"666\">F\u00f6rvaringsanvisningar:<\/strong><\/p>\n<p data-start=\"668\" data-end=\"772\">F\u00f6rvaras svalt, torrt och skyddat fr\u00e5n solljus<br data-start=\"712\" data-end=\"715\" \/>F\u00f6rslut v\u00e4l efter \u00f6ppnandet f\u00f6r att bevara smak och f\u00e4rskhet<\/p>\n<p data-start=\"774\" data-end=\"842\" data-is-last-node=\"\" data-is-only-node=\"\">Granat\u00e4pple och Pistasch Rashek fr\u00e5n Sanabel... en lyxig orientalisk dessert med turkisk smak.<\/p>","protected":false},"excerpt":{"rendered":"<p>Uppt\u00e4ck en lyxig smak av orientaliska smaker med Sanabel Pomegranate Pistachio Raisin Raha. En harmonisk kombination av den naturliga syran i russin och granat\u00e4pple, kompletterad med hela pistagen\u00f6tter, skapar en unik smak- och konsistensupplevelse.<\/p>","protected":false},"featured_media":53837,"template":"","meta":[],"product_brand":[],"product_cat":[347,299],"product_tag":[],"class_list":{"0":"post-53836","1":"product","2":"type-product","3":"status-publish","4":"has-post-thumbnail","6":"product_cat-347","7":"product_cat-299","9":"first","10":"outofstock","11":"taxable","12":"shipping-taxable","13":"purchasable","14":"product-type-simple"},"_links":{"self":[{"href":"https:\/\/senabel.com\/sv\/wp-json\/wp\/v2\/product\/53836","targetHints":{"allow":["GET"]}}],"collection":[{"href":"https:\/\/senabel.com\/sv\/wp-json\/wp\/v2\/product"}],"about":[{"href":"https:\/\/senabel.com\/sv\/wp-json\/wp\/v2\/types\/product"}],"version-history":[{"count":4,"href":"https:\/\/senabel.com\/sv\/wp-json\/wp\/v2\/product\/53836\/revisions"}],"predecessor-version":[{"id":56973,"href":"https:\/\/senabel.com\/sv\/wp-json\/wp\/v2\/product\/53836\/revisions\/56973"}],"wp:featuredmedia":[{"embeddable":true,"href":"https:\/\/senabel.com\/sv\/wp-json\/wp\/v2\/media\/53837"}],"wp:attachment":[{"href":"https:\/\/senabel.com\/sv\/wp-json\/wp\/v2\/media?parent=53836"}],"wp:term":[{"taxonomy":"product_brand","embeddable":true,"href":"https:\/\/senabel.com\/sv\/wp-json\/wp\/v2\/product_brand?post=53836"},{"taxonomy":"product_cat","embeddable":true,"href":"https:\/\/senabel.com\/sv\/wp-json\/wp\/v2\/product_cat?post=53836"},{"taxonomy":"product_tag","embeddable":true,"href":"https:\/\/senabel.com\/sv\/wp-json\/wp\/v2\/product_tag?post=53836"}],"curies":[{"name":"wp","href":"https:\/\/api.w.org\/{rel}","templated":true}]}}