{"id":53785,"date":"2025-07-18T18:05:48","date_gmt":"2025-07-18T18:05:48","guid":{"rendered":"https:\/\/senabel.com\/?post_type=product&#038;p=53785"},"modified":"2025-10-09T12:44:43","modified_gmt":"2025-10-09T12:44:43","slug":"turkisk-gladje-med-rosor","status":"publish","type":"product","link":"https:\/\/senabel.com\/sv\/product\/turkish-delight-with-roses\/","title":{"rendered":"Vanlig rosenpalm - 400g"},"content":{"rendered":"<p data-start=\"95\" data-end=\"134\"><strong data-start=\"95\" data-end=\"134\">Rose comfort - en mjuk touch med en autentisk smak<\/strong><\/p>\n<p data-start=\"136\" data-end=\"286\">Njut av den orientaliska smakens magi i varje tugga av denna lyxiga rosentr\u00f6st. Mjuka kuber med en ljusrosa f\u00e4rg, toppade med fint socker, \u00e5terspeglar andan av arabisk g\u00e4stfrihet och tilltalar alla smaker.<\/p>\n<p data-start=\"288\" data-end=\"310\"><strong data-start=\"288\" data-end=\"310\">Egenskaper hos rosenpalmen:<\/strong><\/p>\n<ul data-start=\"312\" data-end=\"443\">\n<li data-start=\"312\" data-end=\"349\">\n<p data-start=\"314\" data-end=\"349\">Den karakteristiska smaken av naturlig rosenessens<\/p>\n<\/li>\n<li data-start=\"350\" data-end=\"379\">\n<p data-start=\"352\" data-end=\"379\">Mjuk konsistens som f\u00f6rsiktigt sm\u00e4lter i munnen<\/p>\n<\/li>\n<li data-start=\"380\" data-end=\"409\">\n<p data-start=\"382\" data-end=\"409\">Kr\u00e4m- och n\u00f6tfri<\/p>\n<\/li>\n<li data-start=\"410\" data-end=\"443\">\n<p data-start=\"412\" data-end=\"443\">En elegant rosa f\u00e4rg f\u00f6r alla tillf\u00e4llen<\/p>\n<\/li>\n<\/ul>\n<p data-start=\"445\" data-end=\"463\"><strong data-start=\"445\" data-end=\"463\">Produktinformation:<\/strong><\/p>\n<ul data-start=\"465\" data-end=\"517\">\n<li data-start=\"465\" data-end=\"491\">\n<p data-start=\"467\" data-end=\"491\">Nettovikt: 400g<\/p>\n<\/li>\n<li data-start=\"492\" data-end=\"517\">\n<p data-start=\"494\" data-end=\"517\">Form: Homogena kuber<\/p>\n<\/li>\n<\/ul>\n<p data-start=\"519\" data-end=\"539\"><strong data-start=\"519\" data-end=\"539\">F\u00f6rvaringsanvisningar:<\/strong><\/p>\n<ul data-start=\"541\" data-end=\"649\">\n<li data-start=\"541\" data-end=\"589\">\n<p data-start=\"543\" data-end=\"589\">F\u00f6rvaras svalt, torrt och skyddat fr\u00e5n solljus<\/p>\n<\/li>\n<li data-start=\"590\" data-end=\"649\">\n<p data-start=\"592\" data-end=\"649\">F\u00f6rslut v\u00e4l efter \u00f6ppnandet f\u00f6r att bevara smak och f\u00e4rskhet<\/p>\n<\/li>\n<\/ul>\n<p data-start=\"651\" data-end=\"703\" data-is-last-node=\"\" data-is-only-node=\"\"><strong data-start=\"651\" data-end=\"703\" data-is-last-node=\"\">Snapple's Rose Comfort... Den sofistikerade smaken i de enklaste detaljerna.<\/strong><\/p>","protected":false},"excerpt":{"rendered":"<p>Njut av den orientaliska smakens magi i varje tugga av denna lyxiga rosentr\u00f6st. Mjuka kuber med en ljusrosa f\u00e4rg, toppade med fint socker, \u00e5terspeglar andan av arabisk g\u00e4stfrihet och tilltalar alla smaker.<\/p>","protected":false},"featured_media":53786,"template":"","meta":[],"product_brand":[],"product_cat":[299,347],"product_tag":[],"class_list":{"0":"post-53785","1":"product","2":"type-product","3":"status-publish","4":"has-post-thumbnail","6":"product_cat-299","7":"product_cat-347","9":"first","10":"outofstock","11":"taxable","12":"shipping-taxable","13":"purchasable","14":"product-type-simple"},"_links":{"self":[{"href":"https:\/\/senabel.com\/sv\/wp-json\/wp\/v2\/product\/53785","targetHints":{"allow":["GET"]}}],"collection":[{"href":"https:\/\/senabel.com\/sv\/wp-json\/wp\/v2\/product"}],"about":[{"href":"https:\/\/senabel.com\/sv\/wp-json\/wp\/v2\/types\/product"}],"version-history":[{"count":3,"href":"https:\/\/senabel.com\/sv\/wp-json\/wp\/v2\/product\/53785\/revisions"}],"predecessor-version":[{"id":53815,"href":"https:\/\/senabel.com\/sv\/wp-json\/wp\/v2\/product\/53785\/revisions\/53815"}],"wp:featuredmedia":[{"embeddable":true,"href":"https:\/\/senabel.com\/sv\/wp-json\/wp\/v2\/media\/53786"}],"wp:attachment":[{"href":"https:\/\/senabel.com\/sv\/wp-json\/wp\/v2\/media?parent=53785"}],"wp:term":[{"taxonomy":"product_brand","embeddable":true,"href":"https:\/\/senabel.com\/sv\/wp-json\/wp\/v2\/product_brand?post=53785"},{"taxonomy":"product_cat","embeddable":true,"href":"https:\/\/senabel.com\/sv\/wp-json\/wp\/v2\/product_cat?post=53785"},{"taxonomy":"product_tag","embeddable":true,"href":"https:\/\/senabel.com\/sv\/wp-json\/wp\/v2\/product_tag?post=53785"}],"curies":[{"name":"wp","href":"https:\/\/api.w.org\/{rel}","templated":true}]}}