{"id":53781,"date":"2025-07-18T18:06:20","date_gmt":"2025-07-18T18:06:20","guid":{"rendered":"https:\/\/senabel.com\/?post_type=product&#038;p=53781"},"modified":"2025-09-09T08:34:04","modified_gmt":"2025-09-09T08:34:04","slug":"turkisk-lackerhet-med-granatapple","status":"publish","type":"product","link":"https:\/\/senabel.com\/sv\/product\/turkish-delight-with-pomegranate\/","title":{"rendered":"Vanlig Raha med granat\u00e4pple - 400g"},"content":{"rendered":"<p data-start=\"109\" data-end=\"148\"><strong data-start=\"109\" data-end=\"148\">Pomegranate Raha - en orientalisk smak med en modern twist<\/strong><\/p>\n<p data-start=\"150\" data-end=\"306\">L\u00e5t s\u00f6tman fr\u00e5n naturligt granat\u00e4pple f\u00e4ngsla dina sinnen i en mjuk komfort som sm\u00e4lter f\u00f6rsiktigt i munnen. L\u00e4ckra kuber belagda med en fin sockerbel\u00e4ggning, i en attraktiv rosa f\u00e4rg, \u00e5terspeglar \u00e4ktheten i smaken och n\u00f6jet med presentationen.<\/p>\n<p data-start=\"308\" data-end=\"331\"><strong data-start=\"308\" data-end=\"331\">Komfortfunktioner f\u00f6r granat\u00e4pple:<\/strong><\/p>\n<ul data-start=\"333\" data-end=\"441\">\n<li data-start=\"333\" data-end=\"356\">\n<p data-start=\"335\" data-end=\"356\">Naturlig smak med granat\u00e4pple<\/p>\n<\/li>\n<li data-start=\"357\" data-end=\"381\">\n<p data-start=\"359\" data-end=\"381\">Mjuk konsistens som sm\u00e4lter smidigt<\/p>\n<\/li>\n<li data-start=\"382\" data-end=\"411\">\n<p data-start=\"384\" data-end=\"411\">Kr\u00e4m- och n\u00f6tfri<\/p>\n<\/li>\n<li data-start=\"412\" data-end=\"441\">\n<p data-start=\"414\" data-end=\"441\">Ljusrosa f\u00e4rg f\u00f6r att v\u00e4cka aptiten<\/p>\n<\/li>\n<\/ul>\n<p data-start=\"443\" data-end=\"461\"><strong data-start=\"443\" data-end=\"461\">Produktinformation:<\/strong><\/p>\n<ul data-start=\"463\" data-end=\"515\">\n<li data-start=\"463\" data-end=\"489\">\n<p data-start=\"465\" data-end=\"489\">Nettovikt: 400g<\/p>\n<\/li>\n<li data-start=\"490\" data-end=\"515\">\n<p data-start=\"492\" data-end=\"515\">Form: Homogena kuber<\/p>\n<\/li>\n<\/ul>\n<p data-start=\"517\" data-end=\"537\"><strong data-start=\"517\" data-end=\"537\">F\u00f6rvaringsanvisningar:<\/strong><\/p>\n<ul data-start=\"539\" data-end=\"626\">\n<li data-start=\"539\" data-end=\"566\">\n<p data-start=\"541\" data-end=\"566\">F\u00f6rvaras p\u00e5 en sval och torr plats<\/p>\n<\/li>\n<li data-start=\"567\" data-end=\"626\">\n<p data-start=\"569\" data-end=\"626\">F\u00f6rslut v\u00e4l efter \u00f6ppnandet f\u00f6r att bevara f\u00e4rskhet och smak<\/p>\n<\/li>\n<\/ul>\n<p data-start=\"628\" data-end=\"669\" data-is-last-node=\"\" data-is-only-node=\"\"><strong data-start=\"628\" data-end=\"669\" data-is-last-node=\"\">Sanabels Pomegranate Comfort... Enkelhet n\u00e4r den \u00e4r som b\u00e4st<\/strong><\/p>","protected":false},"excerpt":{"rendered":"<p>L\u00e5t s\u00f6tman fr\u00e5n naturligt granat\u00e4pple f\u00e4ngsla dina sinnen i en mjuk komfort som sm\u00e4lter f\u00f6rsiktigt i munnen. L\u00e4ckra kuber belagda med en fin sockerbel\u00e4ggning, i en attraktiv rosa f\u00e4rg, \u00e5terspeglar \u00e4ktheten i smaken och n\u00f6jet med presentationen.<\/p>","protected":false},"featured_media":53782,"template":"","meta":[],"product_brand":[],"product_cat":[347,299],"product_tag":[],"class_list":{"0":"post-53781","1":"product","2":"type-product","3":"status-publish","4":"has-post-thumbnail","6":"product_cat-347","7":"product_cat-299","9":"first","10":"outofstock","11":"taxable","12":"shipping-taxable","13":"purchasable","14":"product-type-simple"},"_links":{"self":[{"href":"https:\/\/senabel.com\/sv\/wp-json\/wp\/v2\/product\/53781","targetHints":{"allow":["GET"]}}],"collection":[{"href":"https:\/\/senabel.com\/sv\/wp-json\/wp\/v2\/product"}],"about":[{"href":"https:\/\/senabel.com\/sv\/wp-json\/wp\/v2\/types\/product"}],"version-history":[{"count":3,"href":"https:\/\/senabel.com\/sv\/wp-json\/wp\/v2\/product\/53781\/revisions"}],"predecessor-version":[{"id":53816,"href":"https:\/\/senabel.com\/sv\/wp-json\/wp\/v2\/product\/53781\/revisions\/53816"}],"wp:featuredmedia":[{"embeddable":true,"href":"https:\/\/senabel.com\/sv\/wp-json\/wp\/v2\/media\/53782"}],"wp:attachment":[{"href":"https:\/\/senabel.com\/sv\/wp-json\/wp\/v2\/media?parent=53781"}],"wp:term":[{"taxonomy":"product_brand","embeddable":true,"href":"https:\/\/senabel.com\/sv\/wp-json\/wp\/v2\/product_brand?post=53781"},{"taxonomy":"product_cat","embeddable":true,"href":"https:\/\/senabel.com\/sv\/wp-json\/wp\/v2\/product_cat?post=53781"},{"taxonomy":"product_tag","embeddable":true,"href":"https:\/\/senabel.com\/sv\/wp-json\/wp\/v2\/product_tag?post=53781"}],"curies":[{"name":"wp","href":"https:\/\/api.w.org\/{rel}","templated":true}]}}