{"id":53770,"date":"2025-07-18T18:07:37","date_gmt":"2025-07-18T18:07:37","guid":{"rendered":"https:\/\/senabel.com\/?post_type=product&#038;p=53770"},"modified":"2025-09-03T11:57:10","modified_gmt":"2025-09-03T11:57:10","slug":"turkisk-lackerhet-med-hasselnotter","status":"publish","type":"product","link":"https:\/\/senabel.com\/sv\/product\/turkish-delight-with-hazelnuts\/","title":{"rendered":"Hasseln\u00f6t Turkish Delight - 400g"},"content":{"rendered":"<p data-start=\"92\" data-end=\"138\"><strong data-start=\"92\" data-end=\"138\">Hazelnut Raha - hasseln\u00f6tternas krispighet med Rahas mjukhet<\/strong><\/p>\n<p data-start=\"140\" data-end=\"332\">Kombinera rik smak och balanserad konsistens med den behagliga smaken av kokosn\u00f6tskl\u00e4dda hasseln\u00f6tter. En unik kombination av s\u00f6tma, knaprighet fr\u00e5n rostade hasseln\u00f6tter och en subtil smak av kokos... ett perfekt val f\u00f6r dig som vill ha det b\u00e4sta i varje tugga.<\/p>\n<p data-start=\"334\" data-end=\"357\"><strong data-start=\"334\" data-end=\"357\">Komfortfunktioner med hasseln\u00f6t:<\/strong><\/p>\n<ul data-start=\"359\" data-end=\"526\">\n<li data-start=\"359\" data-end=\"403\">\n<p data-start=\"361\" data-end=\"403\">Mjuk kokosn\u00f6tsbelagd handflata<\/p>\n<\/li>\n<li data-start=\"404\" data-end=\"444\">\n<p data-start=\"406\" data-end=\"444\">Sp\u00e4ckad med hela och rostade hasseln\u00f6tter<\/p>\n<\/li>\n<li data-start=\"445\" data-end=\"488\">\n<p data-start=\"447\" data-end=\"488\">Naturlig smak utan artificiella fyllmedel eller tillsatser<\/p>\n<\/li>\n<li data-start=\"489\" data-end=\"526\">\n<p data-start=\"491\" data-end=\"526\">Levererar en rik och tillfredsst\u00e4llande upplevelse i varje bit<\/p>\n<\/li>\n<\/ul>\n<p data-start=\"528\" data-end=\"546\"><strong data-start=\"528\" data-end=\"546\">Produktinformation:<\/strong><\/p>\n<ul data-start=\"548\" data-end=\"632\">\n<li data-start=\"548\" data-end=\"574\">\n<p data-start=\"550\" data-end=\"574\">Nettovikt: 400g<\/p>\n<\/li>\n<li data-start=\"575\" data-end=\"632\">\n<p data-start=\"577\" data-end=\"632\">Formen: Kvadrater toppade med kokosn\u00f6t och garnerade med hela hasseln\u00f6tter<\/p>\n<\/li>\n<\/ul>\n<p data-start=\"634\" data-end=\"654\"><strong data-start=\"634\" data-end=\"654\">F\u00f6rvaringsanvisningar:<\/strong><\/p>\n<ul data-start=\"656\" data-end=\"770\">\n<li data-start=\"656\" data-end=\"710\">\n<p data-start=\"658\" data-end=\"710\">F\u00f6rvara p\u00e5 en sval, torr plats, skyddad fr\u00e5n fukt och v\u00e4rme<\/p>\n<\/li>\n<li data-start=\"711\" data-end=\"770\">\n<p data-start=\"713\" data-end=\"770\">F\u00f6rslut v\u00e4l efter \u00f6ppnandet f\u00f6r att bevara smak och f\u00e4rskhet<\/p>\n<\/li>\n<\/ul>\n<p data-start=\"772\" data-end=\"835\" data-is-last-node=\"\" data-is-only-node=\"\"><strong data-start=\"772\" data-end=\"835\" data-is-last-node=\"\">Snapples hasseln\u00f6tspalm... den perfekta balansen mellan mjukhet och krispighet.<\/strong><\/p>","protected":false},"excerpt":{"rendered":"<p>Kombinera rik smak och balanserad konsistens med den behagliga smaken av kokosn\u00f6tskl\u00e4dda hasseln\u00f6tter. En unik kombination av s\u00f6tma, knaprighet fr\u00e5n rostade hasseln\u00f6tter och en subtil smak av kokos... ett perfekt val f\u00f6r dig som vill ha det b\u00e4sta i varje tugga.<\/p>","protected":false},"featured_media":53830,"template":"","meta":[],"product_brand":[],"product_cat":[347,299],"product_tag":[],"class_list":{"0":"post-53770","1":"product","2":"type-product","3":"status-publish","4":"has-post-thumbnail","6":"product_cat-347","7":"product_cat-299","9":"first","10":"outofstock","11":"taxable","12":"shipping-taxable","13":"purchasable","14":"product-type-simple"},"_links":{"self":[{"href":"https:\/\/senabel.com\/sv\/wp-json\/wp\/v2\/product\/53770","targetHints":{"allow":["GET"]}}],"collection":[{"href":"https:\/\/senabel.com\/sv\/wp-json\/wp\/v2\/product"}],"about":[{"href":"https:\/\/senabel.com\/sv\/wp-json\/wp\/v2\/types\/product"}],"version-history":[{"count":1,"href":"https:\/\/senabel.com\/sv\/wp-json\/wp\/v2\/product\/53770\/revisions"}],"predecessor-version":[{"id":53772,"href":"https:\/\/senabel.com\/sv\/wp-json\/wp\/v2\/product\/53770\/revisions\/53772"}],"wp:featuredmedia":[{"embeddable":true,"href":"https:\/\/senabel.com\/sv\/wp-json\/wp\/v2\/media\/53830"}],"wp:attachment":[{"href":"https:\/\/senabel.com\/sv\/wp-json\/wp\/v2\/media?parent=53770"}],"wp:term":[{"taxonomy":"product_brand","embeddable":true,"href":"https:\/\/senabel.com\/sv\/wp-json\/wp\/v2\/product_brand?post=53770"},{"taxonomy":"product_cat","embeddable":true,"href":"https:\/\/senabel.com\/sv\/wp-json\/wp\/v2\/product_cat?post=53770"},{"taxonomy":"product_tag","embeddable":true,"href":"https:\/\/senabel.com\/sv\/wp-json\/wp\/v2\/product_tag?post=53770"}],"curies":[{"name":"wp","href":"https:\/\/api.w.org\/{rel}","templated":true}]}}