{"id":53764,"date":"2025-07-18T18:07:48","date_gmt":"2025-07-18T18:07:48","guid":{"rendered":"https:\/\/senabel.com\/?post_type=product&#038;p=53764"},"modified":"2026-03-21T16:59:16","modified_gmt":"2026-03-21T16:59:16","slug":"turkisk-delikatess-med-mynta","status":"publish","type":"product","link":"https:\/\/senabel.com\/sv\/product\/turkish-delight-with-mint\/","title":{"rendered":"Raha med vanlig mynta - 400g"},"content":{"rendered":"<p data-start=\"104\" data-end=\"146\"><strong data-start=\"104\" data-end=\"146\">Raha Mint - en uppfriskande smak som sm\u00e4lter i munnen<\/strong><\/p>\n<p data-start=\"148\" data-end=\"338\">Njut av de naturliga smakerna av mint med varje bit av denna lyxiga mintkomfort. En mjuk konsistens, en sval och uppfriskande smak, en uppfriskande doft - denna komfort \u00e4r inte bara en godisbit, utan en stund av lugn och ro som en sval bris en sommardag.<\/p>\n<p data-start=\"340\" data-end=\"364\"><strong data-start=\"340\" data-end=\"364\">Mint komfortfunktioner:<\/strong><\/p>\n<ul data-start=\"366\" data-end=\"529\">\n<li data-start=\"366\" data-end=\"407\">\n<p data-start=\"368\" data-end=\"407\">Tillverkad av de finaste ingredienserna med naturliga smaker<\/p>\n<\/li>\n<li data-start=\"408\" data-end=\"451\">\n<p data-start=\"410\" data-end=\"451\">Den uppfriskande mintsmaken \u00e4r s\u00e4ker p\u00e5 att tillfredsst\u00e4lla alla smaker<\/p>\n<\/li>\n<li data-start=\"452\" data-end=\"491\">\n<p data-start=\"454\" data-end=\"491\">Mjuka och belagda med str\u00f6socker f\u00f6r att f\u00f6rhindra att de fastnar<\/p>\n<\/li>\n<li data-start=\"492\" data-end=\"529\">\n<p data-start=\"494\" data-end=\"529\">Perfekt f\u00f6r g\u00e4stfrihet eller en l\u00e4tt vardagsf\u00f6rt\u00e4ring<\/p>\n<\/li>\n<\/ul>\n<p data-start=\"531\" data-end=\"549\"><strong data-start=\"531\" data-end=\"549\">Produktinformation:<\/strong><\/p>\n<ul data-start=\"551\" data-end=\"638\">\n<li data-start=\"551\" data-end=\"577\">\n<p data-start=\"553\" data-end=\"577\">Nettovikt: 400g<\/p>\n<\/li>\n<li data-start=\"578\" data-end=\"638\">\n<p data-start=\"580\" data-end=\"638\">Formen: Sm\u00e5 fyrkanter i ljusgr\u00f6n f\u00e4rg, belagda med florsocker<\/p>\n<\/li>\n<\/ul>\n<p data-start=\"640\" data-end=\"660\"><strong data-start=\"640\" data-end=\"660\">F\u00f6rvaringsanvisningar:<\/strong><\/p>\n<ul data-start=\"662\" data-end=\"762\">\n<li data-start=\"662\" data-end=\"710\">\n<p data-start=\"664\" data-end=\"710\">F\u00f6rvaras svalt, torrt och skyddat fr\u00e5n solljus<\/p>\n<\/li>\n<li data-start=\"711\" data-end=\"762\">\n<p data-start=\"713\" data-end=\"762\">F\u00f6rslut paketet v\u00e4l efter \u00f6ppnandet f\u00f6r att bevara f\u00e4rskheten<\/p>\n<\/li>\n<\/ul>\n<p data-start=\"764\" data-end=\"864\" data-is-last-node=\"\" data-is-only-node=\"\"><strong data-start=\"764\" data-end=\"821\">Snapple Mint Comfort... en uppfriskande touch med en autentisk orientalisk smak.<\/strong><br data-start=\"821\" data-end=\"824\" \/><strong data-start=\"824\" data-end=\"864\" data-is-last-node=\"\">Best\u00e4ll nu och ge din dag en annan smak.<\/strong><\/p>","protected":false},"excerpt":{"rendered":"<p>Njut av de naturliga smakerna av mint med varje bit av denna lyxiga mintkomfort. En mjuk konsistens, en sval och uppfriskande smak, en uppfriskande doft - denna komfort \u00e4r inte bara en godisbit, utan en stund av lugn och ro som en sval bris en sommardag.<\/p>","protected":false},"featured_media":53765,"template":"","meta":[],"product_brand":[],"product_cat":[347,299],"product_tag":[],"class_list":{"0":"post-53764","1":"product","2":"type-product","3":"status-publish","4":"has-post-thumbnail","6":"product_cat-347","7":"product_cat-299","9":"first","10":"instock","11":"taxable","12":"shipping-taxable","13":"purchasable","14":"product-type-simple"},"_links":{"self":[{"href":"https:\/\/senabel.com\/sv\/wp-json\/wp\/v2\/product\/53764","targetHints":{"allow":["GET"]}}],"collection":[{"href":"https:\/\/senabel.com\/sv\/wp-json\/wp\/v2\/product"}],"about":[{"href":"https:\/\/senabel.com\/sv\/wp-json\/wp\/v2\/types\/product"}],"version-history":[{"count":2,"href":"https:\/\/senabel.com\/sv\/wp-json\/wp\/v2\/product\/53764\/revisions"}],"predecessor-version":[{"id":53818,"href":"https:\/\/senabel.com\/sv\/wp-json\/wp\/v2\/product\/53764\/revisions\/53818"}],"wp:featuredmedia":[{"embeddable":true,"href":"https:\/\/senabel.com\/sv\/wp-json\/wp\/v2\/media\/53765"}],"wp:attachment":[{"href":"https:\/\/senabel.com\/sv\/wp-json\/wp\/v2\/media?parent=53764"}],"wp:term":[{"taxonomy":"product_brand","embeddable":true,"href":"https:\/\/senabel.com\/sv\/wp-json\/wp\/v2\/product_brand?post=53764"},{"taxonomy":"product_cat","embeddable":true,"href":"https:\/\/senabel.com\/sv\/wp-json\/wp\/v2\/product_cat?post=53764"},{"taxonomy":"product_tag","embeddable":true,"href":"https:\/\/senabel.com\/sv\/wp-json\/wp\/v2\/product_tag?post=53764"}],"curies":[{"name":"wp","href":"https:\/\/api.w.org\/{rel}","templated":true}]}}