{"id":53730,"date":"2025-07-16T12:12:43","date_gmt":"2025-07-16T12:12:43","guid":{"rendered":"https:\/\/senabel.com\/?post_type=product&#038;p=53730"},"modified":"2025-08-04T11:32:45","modified_gmt":"2025-08-04T11:32:45","slug":"lavita","status":"publish","type":"product","link":"https:\/\/senabel.com\/sv\/product\/lavita\/","title":{"rendered":"Lavita - Kakaogr\u00e4dde Wafer - 24 stycken"},"content":{"rendered":"<p data-start=\"86\" data-end=\"308\">Njut av en rik och chokladig smak med Katakets Wafer Lavita, lager av krispiga kex fyllda med len kakaokr\u00e4m, toppade med f\u00f6rtrollande smaker som g\u00f6r det till det perfekta mellanm\u00e5let n\u00e4r som helst p\u00e5 dagen.<\/p>\n<p data-start=\"310\" data-end=\"489\"><strong data-start=\"310\" data-end=\"323\">Funktioner:<\/strong><br data-start=\"323\" data-end=\"326\" \/>- Len och l\u00e4cker kakaokr\u00e4m<br data-start=\"352\" data-end=\"355\" \/>- Krispig konsistens som sm\u00e4lter i munnen<br data-start=\"380\" data-end=\"383\" \/>- Stor f\u00f6rpackning med 24 delar som \u00e4r l\u00e4mplig att dela eller ge bort<br data-start=\"436\" data-end=\"439\" \/>- Tillverkad av Katakit - ett betrott varum\u00e4rke i konfektyrv\u00e4rlden<\/p>\n<p data-start=\"491\" data-end=\"539\" data-is-last-node=\"\" data-is-only-node=\"\">\ud83c\udf6b <strong data-start=\"494\" data-end=\"539\" data-is-last-node=\"\">Upplev Lavita nu - Best\u00e4ll nu<\/strong><\/p>","protected":false},"excerpt":{"rendered":"<p>Njut av en rik och chokladig smak med Katakets Wafer Lavita, lager av krispiga kex fyllda med len kakaokr\u00e4m, toppade med f\u00f6rtrollande smaker som g\u00f6r det till det perfekta mellanm\u00e5let n\u00e4r som helst p\u00e5 dagen.<\/p>","protected":false},"featured_media":53731,"template":"","meta":[],"product_brand":[],"product_cat":[377],"product_tag":[],"class_list":{"0":"post-53730","1":"product","2":"type-product","3":"status-publish","4":"has-post-thumbnail","6":"product_cat-377","8":"first","9":"outofstock","10":"taxable","11":"shipping-taxable","12":"purchasable","13":"product-type-simple"},"_links":{"self":[{"href":"https:\/\/senabel.com\/sv\/wp-json\/wp\/v2\/product\/53730","targetHints":{"allow":["GET"]}}],"collection":[{"href":"https:\/\/senabel.com\/sv\/wp-json\/wp\/v2\/product"}],"about":[{"href":"https:\/\/senabel.com\/sv\/wp-json\/wp\/v2\/types\/product"}],"version-history":[{"count":2,"href":"https:\/\/senabel.com\/sv\/wp-json\/wp\/v2\/product\/53730\/revisions"}],"predecessor-version":[{"id":53733,"href":"https:\/\/senabel.com\/sv\/wp-json\/wp\/v2\/product\/53730\/revisions\/53733"}],"wp:featuredmedia":[{"embeddable":true,"href":"https:\/\/senabel.com\/sv\/wp-json\/wp\/v2\/media\/53731"}],"wp:attachment":[{"href":"https:\/\/senabel.com\/sv\/wp-json\/wp\/v2\/media?parent=53730"}],"wp:term":[{"taxonomy":"product_brand","embeddable":true,"href":"https:\/\/senabel.com\/sv\/wp-json\/wp\/v2\/product_brand?post=53730"},{"taxonomy":"product_cat","embeddable":true,"href":"https:\/\/senabel.com\/sv\/wp-json\/wp\/v2\/product_cat?post=53730"},{"taxonomy":"product_tag","embeddable":true,"href":"https:\/\/senabel.com\/sv\/wp-json\/wp\/v2\/product_tag?post=53730"}],"curies":[{"name":"wp","href":"https:\/\/api.w.org\/{rel}","templated":true}]}}