{"id":53723,"date":"2025-07-16T12:15:50","date_gmt":"2025-07-16T12:15:50","guid":{"rendered":"https:\/\/senabel.com\/?post_type=product&#038;p=53723"},"modified":"2025-12-20T17:43:05","modified_gmt":"2025-12-20T17:43:05","slug":"rubinrod-extra-choklad","status":"publish","type":"product","link":"https:\/\/senabel.com\/sv\/product\/ruby-extra-chocolate\/","title":{"rendered":"Ruby Extra Choklad - 24 stycken"},"content":{"rendered":"<p data-start=\"79\" data-end=\"211\">En krispig wafer fylld med en l\u00e4cker kakaogr\u00e4dde och toppad med ett sl\u00e4tt lager rik choklad.<\/p>\n<p data-start=\"213\" data-end=\"395\"><strong data-start=\"213\" data-end=\"226\">Funktioner:<\/strong><br data-start=\"226\" data-end=\"229\" \/>- Balanserad kakaosmak<br data-start=\"256\" data-end=\"259\" \/>- Perfekta lager av wafer och gr\u00e4dde<br data-start=\"318\" data-end=\"321\" data-is-only-node=\"\" \/>- Perfekt storlek f\u00f6r skolan, jobbet eller som mellanm\u00e5l<br data-start=\"362\" data-end=\"365\" \/>- Produkter fr\u00e5n Chicks - p\u00e5litlig kvalitet<\/p>\n<p data-start=\"397\" data-end=\"473\">En f\u00f6rpackning inneh\u00e5ller <strong data-start=\"418\" data-end=\"429\">24 stycken<\/strong> - Perfekt att dela med sig av eller avnjuta i etapper.<\/p>\n<p data-start=\"475\" data-end=\"506\" data-is-last-node=\"\" data-is-only-node=\"\">\ud83c\udf6b <strong data-start=\"478\" data-end=\"506\" data-is-last-node=\"\">Utnyttja erbjudandet och best\u00e4ll nu<\/strong><\/p>","protected":false},"excerpt":{"rendered":"<p>En krispig wafer fylld med en l\u00e4cker kakaogr\u00e4dde och toppad med ett sl\u00e4tt lager rik choklad.<\/p>","protected":false},"featured_media":55422,"template":"","meta":[],"product_brand":[],"product_cat":[377,347],"product_tag":[],"class_list":{"0":"post-53723","1":"product","2":"type-product","3":"status-publish","4":"has-post-thumbnail","6":"product_cat-377","7":"product_cat-347","9":"first","10":"outofstock","11":"taxable","12":"shipping-taxable","13":"purchasable","14":"product-type-simple"},"_links":{"self":[{"href":"https:\/\/senabel.com\/sv\/wp-json\/wp\/v2\/product\/53723","targetHints":{"allow":["GET"]}}],"collection":[{"href":"https:\/\/senabel.com\/sv\/wp-json\/wp\/v2\/product"}],"about":[{"href":"https:\/\/senabel.com\/sv\/wp-json\/wp\/v2\/types\/product"}],"version-history":[{"count":4,"href":"https:\/\/senabel.com\/sv\/wp-json\/wp\/v2\/product\/53723\/revisions"}],"predecessor-version":[{"id":55425,"href":"https:\/\/senabel.com\/sv\/wp-json\/wp\/v2\/product\/53723\/revisions\/55425"}],"wp:featuredmedia":[{"embeddable":true,"href":"https:\/\/senabel.com\/sv\/wp-json\/wp\/v2\/media\/55422"}],"wp:attachment":[{"href":"https:\/\/senabel.com\/sv\/wp-json\/wp\/v2\/media?parent=53723"}],"wp:term":[{"taxonomy":"product_brand","embeddable":true,"href":"https:\/\/senabel.com\/sv\/wp-json\/wp\/v2\/product_brand?post=53723"},{"taxonomy":"product_cat","embeddable":true,"href":"https:\/\/senabel.com\/sv\/wp-json\/wp\/v2\/product_cat?post=53723"},{"taxonomy":"product_tag","embeddable":true,"href":"https:\/\/senabel.com\/sv\/wp-json\/wp\/v2\/product_tag?post=53723"}],"curies":[{"name":"wp","href":"https:\/\/api.w.org\/{rel}","templated":true}]}}