{"id":53719,"date":"2025-07-16T12:17:15","date_gmt":"2025-07-16T12:17:15","guid":{"rendered":"https:\/\/senabel.com\/?post_type=product&#038;p=53719"},"modified":"2025-10-26T12:28:18","modified_gmt":"2025-10-26T12:28:18","slug":"ruby-extra-med-hasselnot","status":"publish","type":"product","link":"https:\/\/senabel.com\/sv\/product\/ruby-extra-with-hazelnut\/","title":{"rendered":"Ruby Extra Hasseln\u00f6t - 12 stycken"},"content":{"rendered":"<p data-start=\"68\" data-end=\"185\">Krispiga muffins t\u00e4ckta med lyxig hasseln\u00f6tskr\u00e4m, allt t\u00e4ckt av en rik chokladglasyr.<\/p>\n<p data-start=\"187\" data-end=\"354\"><strong data-start=\"187\" data-end=\"200\">Funktioner:<\/strong><br data-start=\"200\" data-end=\"203\" \/>- L\u00e4cker hasseln\u00f6tssmak<br data-start=\"227\" data-end=\"230\" \/>- Balanserade lager av wafer och gr\u00e4dde<br data-start=\"264\" data-end=\"267\" \/>- Praktisk f\u00f6rpackning som bevarar f\u00e4rskheten<br data-start=\"297\" data-end=\"300\" data-is-only-node=\"\" \/>- L\u00e4mplig f\u00f6r barn och vuxna<br data-start=\"323\" data-end=\"326\" \/>- Perfekt som mellanm\u00e5l eller tilltugg<\/p>\n<p data-start=\"356\" data-end=\"442\">L\u00e5da inneh\u00e5llande <strong data-start=\"371\" data-end=\"382\">24 stycken<\/strong> - Den perfekta m\u00e4ngden att dela eller njuta av n\u00e4r som helst p\u00e5 dagen.<\/p>\n<p data-start=\"444\" data-end=\"514\" data-is-last-node=\"\" data-is-only-node=\"\">\ud83c\udf6b <strong data-start=\"447\" data-end=\"514\" data-is-last-node=\"\">Best\u00e4ll nu och upplev njutningen av choklad\u00f6verdragna hasseln\u00f6tter<\/strong><\/p>","protected":false},"excerpt":{"rendered":"<p>Krispiga muffins t\u00e4ckta med lyxig hasseln\u00f6tskr\u00e4m, allt t\u00e4ckt av en rik chokladglasyr.<\/p>","protected":false},"featured_media":55420,"template":"","meta":[],"product_brand":[],"product_cat":[377,347],"product_tag":[],"class_list":{"0":"post-53719","1":"product","2":"type-product","3":"status-publish","4":"has-post-thumbnail","6":"product_cat-377","7":"product_cat-347","9":"first","10":"outofstock","11":"taxable","12":"shipping-taxable","13":"purchasable","14":"product-type-simple"},"_links":{"self":[{"href":"https:\/\/senabel.com\/sv\/wp-json\/wp\/v2\/product\/53719","targetHints":{"allow":["GET"]}}],"collection":[{"href":"https:\/\/senabel.com\/sv\/wp-json\/wp\/v2\/product"}],"about":[{"href":"https:\/\/senabel.com\/sv\/wp-json\/wp\/v2\/types\/product"}],"version-history":[{"count":3,"href":"https:\/\/senabel.com\/sv\/wp-json\/wp\/v2\/product\/53719\/revisions"}],"predecessor-version":[{"id":56526,"href":"https:\/\/senabel.com\/sv\/wp-json\/wp\/v2\/product\/53719\/revisions\/56526"}],"wp:featuredmedia":[{"embeddable":true,"href":"https:\/\/senabel.com\/sv\/wp-json\/wp\/v2\/media\/55420"}],"wp:attachment":[{"href":"https:\/\/senabel.com\/sv\/wp-json\/wp\/v2\/media?parent=53719"}],"wp:term":[{"taxonomy":"product_brand","embeddable":true,"href":"https:\/\/senabel.com\/sv\/wp-json\/wp\/v2\/product_brand?post=53719"},{"taxonomy":"product_cat","embeddable":true,"href":"https:\/\/senabel.com\/sv\/wp-json\/wp\/v2\/product_cat?post=53719"},{"taxonomy":"product_tag","embeddable":true,"href":"https:\/\/senabel.com\/sv\/wp-json\/wp\/v2\/product_tag?post=53719"}],"curies":[{"name":"wp","href":"https:\/\/api.w.org\/{rel}","templated":true}]}}