{"id":53715,"date":"2025-07-16T12:19:59","date_gmt":"2025-07-16T12:19:59","guid":{"rendered":"https:\/\/senabel.com\/?post_type=product&#038;p=53715"},"modified":"2025-12-23T18:37:39","modified_gmt":"2025-12-23T18:37:39","slug":"arabiskt-kaffe","status":"publish","type":"product","link":"https:\/\/senabel.com\/sv\/product\/arabic-coffee\/","title":{"rendered":"Arabiskt snabbkaffe - 1 liter"},"content":{"rendered":"<p data-start=\"71\" data-end=\"141\"><strong data-start=\"71\" data-end=\"141\">Arabiskt snabbkaffe med kardemummab\u00f6na - med lyxkardemumma - ger 1 liter<\/strong><\/p>\n<p data-start=\"143\" data-end=\"250\">Uppt\u00e4ck smaken av \u00e4kta arabiskt kaffe, blandat med den finaste kardemumman, med balanserade och rika smaker som \u00e5terspeglar det arabiska arvet.<\/p>\n<p data-start=\"252\" data-end=\"447\"><strong data-start=\"252\" data-end=\"265\">Funktioner:<\/strong><br data-start=\"265\" data-end=\"268\" \/>- Arabiskt snabbkaffe<br data-start=\"294\" data-end=\"297\" \/>- Fylld med premiumkardemumma f\u00f6r \u00f6kad smak<br data-start=\"333\" data-end=\"336\" \/>- Idealisk f\u00f6r arabiska evenemang och g\u00e4stfrihet<br data-start=\"371\" data-end=\"374\" \/>- L\u00e4tt att tillreda - tills\u00e4tt bara vatten och f\u00f6lj instruktionerna<br data-start=\"420\" data-end=\"423\" \/>- Serverar 1 liter<\/p>\n<p data-start=\"449\" data-end=\"515\">\u2615 Perfekt f\u00f6r \u00e4kta kaffe\u00e4lskare som inte kompromissar med smak och kvalitet.<\/p>\n<p data-start=\"517\" data-end=\"564\">\u00a0Ett perfekt s\u00e4tt att g\u00f6ra ditt arabiska kaffe n\u00e4r som helst.<\/p>\n<p data-start=\"566\" data-end=\"610\" data-is-last-node=\"\" data-is-only-node=\"\">\ud83d\uded2 <strong data-start=\"569\" data-end=\"610\" data-is-last-node=\"\">Best\u00e4ll nu och njut av autentiska arabiska smaker<\/strong><\/p>","protected":false},"excerpt":{"rendered":"<p>Uppt\u00e4ck smaken av \u00e4kta arabiskt kaffe, blandat med den finaste kardemumman, med balanserade och rika smaker som \u00e5terspeglar det arabiska arvet.<\/p>\n<p>F\u00f6rpackningen inneh\u00e5ller 10 dosp\u00e5sar<\/p>","protected":false},"featured_media":53716,"template":"","meta":[],"product_brand":[],"product_cat":[347,282],"product_tag":[],"class_list":{"0":"post-53715","1":"product","2":"type-product","3":"status-publish","4":"has-post-thumbnail","6":"product_cat-347","7":"product_cat-282","9":"first","10":"outofstock","11":"taxable","12":"shipping-taxable","13":"purchasable","14":"product-type-simple"},"_links":{"self":[{"href":"https:\/\/senabel.com\/sv\/wp-json\/wp\/v2\/product\/53715","targetHints":{"allow":["GET"]}}],"collection":[{"href":"https:\/\/senabel.com\/sv\/wp-json\/wp\/v2\/product"}],"about":[{"href":"https:\/\/senabel.com\/sv\/wp-json\/wp\/v2\/types\/product"}],"version-history":[{"count":2,"href":"https:\/\/senabel.com\/sv\/wp-json\/wp\/v2\/product\/53715\/revisions"}],"predecessor-version":[{"id":53736,"href":"https:\/\/senabel.com\/sv\/wp-json\/wp\/v2\/product\/53715\/revisions\/53736"}],"wp:featuredmedia":[{"embeddable":true,"href":"https:\/\/senabel.com\/sv\/wp-json\/wp\/v2\/media\/53716"}],"wp:attachment":[{"href":"https:\/\/senabel.com\/sv\/wp-json\/wp\/v2\/media?parent=53715"}],"wp:term":[{"taxonomy":"product_brand","embeddable":true,"href":"https:\/\/senabel.com\/sv\/wp-json\/wp\/v2\/product_brand?post=53715"},{"taxonomy":"product_cat","embeddable":true,"href":"https:\/\/senabel.com\/sv\/wp-json\/wp\/v2\/product_cat?post=53715"},{"taxonomy":"product_tag","embeddable":true,"href":"https:\/\/senabel.com\/sv\/wp-json\/wp\/v2\/product_tag?post=53715"}],"curies":[{"name":"wp","href":"https:\/\/api.w.org\/{rel}","templated":true}]}}