{"id":53712,"date":"2025-07-16T12:20:48","date_gmt":"2025-07-16T12:20:48","guid":{"rendered":"https:\/\/senabel.com\/?post_type=product&#038;p=53712"},"modified":"2025-12-15T11:55:27","modified_gmt":"2025-12-15T11:55:27","slug":"fint-semolina-2","status":"publish","type":"product","link":"https:\/\/senabel.com\/sv\/product\/fine-semolina-2\/","title":{"rendered":"Rose fint gryn - 800g"},"content":{"rendered":"<p data-start=\"64\" data-end=\"158\">Mjuk konsistens och autentisk smak f\u00f6r dina hemlagade favoritrecept.<\/p>\n<p data-start=\"160\" data-end=\"354\">Wards fina semolina \u00e4r idealisk f\u00f6r att g\u00f6ra de mest uts\u00f6kta desserter och bakverk, s\u00e5som namoura, basbousa, maamoul, och anv\u00e4nds ocks\u00e5 f\u00f6r att g\u00f6ra semolina med mj\u00f6lk eller halva. Den fina konsistensen g\u00f6r den l\u00e4tt att blanda och kombinera med andra ingredienser.<\/p>\n<p data-start=\"356\" data-end=\"557\"><strong data-start=\"356\" data-end=\"369\">Funktioner:<\/strong><br data-start=\"369\" data-end=\"372\" \/>- Tillverkad av 100% ren vetegryn<br data-start=\"405\" data-end=\"408\" \/>- Smidig konsistens som sm\u00e4lter l\u00e4tt i beredningen<br data-start=\"442\" data-end=\"445\" \/>- Inga konserveringsmedel eller f\u00e4rg\u00e4mnen<br data-start=\"481\" data-end=\"484\" \/>- L\u00e4mplig f\u00f6r daglig anv\u00e4ndning i det arabiska k\u00f6ket<\/p>\n<p data-start=\"559\" data-end=\"608\">\u00a0<strong>Nettovikt:<\/strong> 800 gram<\/p>\n<p data-start=\"610\" data-end=\"670\">\u00a0Perfekt f\u00f6r yrkesverksamma och hemmafruar - traditionell smak och p\u00e5litlig kvalitet.<\/p>\n<p data-start=\"672\" data-end=\"707\" data-is-last-node=\"\" data-is-only-node=\"\">\ud83d\uded2 <strong data-start=\"675\" data-end=\"707\" data-is-last-node=\"\">Best\u00e4ll nu och upplev skillnaden sj\u00e4lv<\/strong><\/p>","protected":false},"excerpt":{"rendered":"<p>Wards fina semolina \u00e4r idealisk f\u00f6r att g\u00f6ra de mest uts\u00f6kta desserter och bakverk, s\u00e5som namoura, basbousa, maamoul, och anv\u00e4nds ocks\u00e5 f\u00f6r att g\u00f6ra semolina med mj\u00f6lk eller halva. Den fina konsistensen g\u00f6r den l\u00e4tt att blanda och kombinera med andra ingredienser.<\/p>","protected":false},"featured_media":53713,"template":"","meta":[],"product_brand":[],"product_cat":[349,441,347],"product_tag":[],"class_list":{"0":"post-53712","1":"product","2":"type-product","3":"status-publish","4":"has-post-thumbnail","6":"product_cat-349","7":"product_cat-441","8":"product_cat-347","10":"first","11":"outofstock","12":"taxable","13":"shipping-taxable","14":"purchasable","15":"product-type-simple"},"_links":{"self":[{"href":"https:\/\/senabel.com\/sv\/wp-json\/wp\/v2\/product\/53712","targetHints":{"allow":["GET"]}}],"collection":[{"href":"https:\/\/senabel.com\/sv\/wp-json\/wp\/v2\/product"}],"about":[{"href":"https:\/\/senabel.com\/sv\/wp-json\/wp\/v2\/types\/product"}],"version-history":[{"count":3,"href":"https:\/\/senabel.com\/sv\/wp-json\/wp\/v2\/product\/53712\/revisions"}],"predecessor-version":[{"id":53735,"href":"https:\/\/senabel.com\/sv\/wp-json\/wp\/v2\/product\/53712\/revisions\/53735"}],"wp:featuredmedia":[{"embeddable":true,"href":"https:\/\/senabel.com\/sv\/wp-json\/wp\/v2\/media\/53713"}],"wp:attachment":[{"href":"https:\/\/senabel.com\/sv\/wp-json\/wp\/v2\/media?parent=53712"}],"wp:term":[{"taxonomy":"product_brand","embeddable":true,"href":"https:\/\/senabel.com\/sv\/wp-json\/wp\/v2\/product_brand?post=53712"},{"taxonomy":"product_cat","embeddable":true,"href":"https:\/\/senabel.com\/sv\/wp-json\/wp\/v2\/product_cat?post=53712"},{"taxonomy":"product_tag","embeddable":true,"href":"https:\/\/senabel.com\/sv\/wp-json\/wp\/v2\/product_tag?post=53712"}],"curies":[{"name":"wp","href":"https:\/\/api.w.org\/{rel}","templated":true}]}}