{"id":53708,"date":"2025-07-16T12:20:59","date_gmt":"2025-07-16T12:20:59","guid":{"rendered":"https:\/\/senabel.com\/?post_type=product&#038;p=53708"},"modified":"2025-10-27T21:04:02","modified_gmt":"2025-10-27T21:04:02","slug":"grovt-semolina","status":"publish","type":"product","link":"https:\/\/senabel.com\/sv\/product\/coarse-semolina\/","title":{"rendered":"Rosens grova gryn - 800g"},"content":{"rendered":"<p data-start=\"63\" data-end=\"150\">Perfekt f\u00f6r att g\u00f6ra de mest uts\u00f6kta desserter och bakverk.<\/p>\n<p data-start=\"152\" data-end=\"342\">Coarse Ward Semolina \u00e4r av h\u00f6g kvalitet och perfekt f\u00f6r att f\u00f6rbereda traditionella r\u00e4tter som harissa, basbousa, kanafa samt maamoul. Det anv\u00e4nds ocks\u00e5 till arabiska br\u00f6d och bakverk som kr\u00e4ver en fast konsistens.<\/p>\n<p data-start=\"344\" data-end=\"547\"><strong data-start=\"344\" data-end=\"357\">Funktioner:<\/strong><br data-start=\"357\" data-end=\"360\" \/>- Tillverkad av 100% ren vetegryn<br data-start=\"392\" data-end=\"395\" \/>- Utm\u00e4rkt grov konsistens f\u00f6r sirapsliknande recept och rika desserter<br data-start=\"441\" data-end=\"444\" \/>- Inga konserveringsmedel eller tillsatser<br data-start=\"480\" data-end=\"483\" \/>- En bra k\u00e4lla till fibrer och kolhydrater<\/p>\n<p data-start=\"344\" data-end=\"547\"><br data-start=\"515\" data-end=\"518\" \/><strong>\u00a0Nettovikt:<\/strong> 800 gram<\/p>\n<p data-start=\"600\" data-end=\"656\">\u00a0Varje recept blir s\u00f6tare med grov rosensemolina - kvaliteten du kan lita p\u00e5.<\/p>\n<p data-start=\"658\" data-end=\"701\" data-is-last-node=\"\" data-is-only-node=\"\">\ud83d\uded2 <strong data-start=\"661\" data-end=\"701\" data-is-last-node=\"\">Best\u00e4ll nu och b\u00f6rja tillaga dina favoritr\u00e4tter<\/strong><\/p>","protected":false},"excerpt":{"rendered":"<p>Coarse Ward Semolina \u00e4r av h\u00f6g kvalitet och perfekt f\u00f6r att f\u00f6rbereda traditionella r\u00e4tter som harissa, basbousa, kanafa samt maamoul. Det anv\u00e4nds ocks\u00e5 till arabiska br\u00f6d och bakverk som kr\u00e4ver en fast konsistens.<\/p>","protected":false},"featured_media":53709,"template":"","meta":[],"product_brand":[],"product_cat":[349,441,347],"product_tag":[],"class_list":{"0":"post-53708","1":"product","2":"type-product","3":"status-publish","4":"has-post-thumbnail","6":"product_cat-349","7":"product_cat-441","8":"product_cat-347","10":"first","11":"outofstock","12":"taxable","13":"shipping-taxable","14":"purchasable","15":"product-type-simple"},"_links":{"self":[{"href":"https:\/\/senabel.com\/sv\/wp-json\/wp\/v2\/product\/53708","targetHints":{"allow":["GET"]}}],"collection":[{"href":"https:\/\/senabel.com\/sv\/wp-json\/wp\/v2\/product"}],"about":[{"href":"https:\/\/senabel.com\/sv\/wp-json\/wp\/v2\/types\/product"}],"version-history":[{"count":2,"href":"https:\/\/senabel.com\/sv\/wp-json\/wp\/v2\/product\/53708\/revisions"}],"predecessor-version":[{"id":53711,"href":"https:\/\/senabel.com\/sv\/wp-json\/wp\/v2\/product\/53708\/revisions\/53711"}],"wp:featuredmedia":[{"embeddable":true,"href":"https:\/\/senabel.com\/sv\/wp-json\/wp\/v2\/media\/53709"}],"wp:attachment":[{"href":"https:\/\/senabel.com\/sv\/wp-json\/wp\/v2\/media?parent=53708"}],"wp:term":[{"taxonomy":"product_brand","embeddable":true,"href":"https:\/\/senabel.com\/sv\/wp-json\/wp\/v2\/product_brand?post=53708"},{"taxonomy":"product_cat","embeddable":true,"href":"https:\/\/senabel.com\/sv\/wp-json\/wp\/v2\/product_cat?post=53708"},{"taxonomy":"product_tag","embeddable":true,"href":"https:\/\/senabel.com\/sv\/wp-json\/wp\/v2\/product_tag?post=53708"}],"curies":[{"name":"wp","href":"https:\/\/api.w.org\/{rel}","templated":true}]}}