{"id":53705,"date":"2025-07-16T12:21:11","date_gmt":"2025-07-16T12:21:11","guid":{"rendered":"https:\/\/senabel.com\/?post_type=product&#038;p=53705"},"modified":"2026-01-11T12:15:38","modified_gmt":"2026-01-11T12:15:38","slug":"fint-semolina","status":"publish","type":"product","link":"https:\/\/senabel.com\/sv\/product\/fine-semolina\/","title":{"rendered":"fin semolina (kik\u00e4rtor) fr\u00e5n ros - 800g"},"content":{"rendered":"<p data-start=\"64\" data-end=\"151\">Den grundl\u00e4ggande ingrediensen i de mest popul\u00e4ra orientaliska desserterna.<\/p>\n<p data-start=\"153\" data-end=\"360\">Rose Semolina \u00e4r en mycket mjuk och h\u00f6gkvalitativ semolina, perfekt f\u00f6r att g\u00f6ra namoura, harissa, maamoul, kakor och m\u00e5nga \u00f6sterl\u00e4ndska och v\u00e4sterl\u00e4ndska desserter. Den anv\u00e4nds ocks\u00e5 i vissa br\u00f6d- och konditorirecept.<\/p>\n<p data-start=\"362\" data-end=\"565\"><strong data-start=\"362\" data-end=\"375\">Funktioner:<\/strong><br data-start=\"375\" data-end=\"378\" \/>- Tillverkad av 100% ren vetegryn<br data-start=\"411\" data-end=\"414\" \/>- Ultrafin konsistens f\u00f6r perfekt resultat i desserter<br data-start=\"456\" data-end=\"459\" \/>- Fri fr\u00e5n tillsatser och konserveringsmedel<br data-start=\"493\" data-end=\"496\" \/>- Rik p\u00e5 kolhydrater och v\u00e4xtproteiner<\/p>\n<p data-start=\"567\" data-end=\"616\">\u00a0<strong>Nettovikt:<\/strong> 800 gram<\/p>\n<p data-start=\"618\" data-end=\"661\">\u00a0F\u00e5 dina recept att fungera f\u00f6rsta g\u00e5ngen med Semolina Ward.<\/p>\n<p data-start=\"663\" data-end=\"710\" data-is-last-node=\"\" data-is-only-node=\"\">\ud83d\uded2 <strong data-start=\"666\" data-end=\"710\" data-is-last-node=\"\">Best\u00e4ll nu och g\u00f6r dina egna skr\u00e4ddarsydda desserter<\/strong><\/p>","protected":false},"excerpt":{"rendered":"<p>Rose Semolina \u00e4r en mycket mjuk och h\u00f6gkvalitativ semolina, perfekt f\u00f6r att g\u00f6ra namoura, harissa, maamoul, kakor och m\u00e5nga \u00f6sterl\u00e4ndska och v\u00e4sterl\u00e4ndska desserter. Den anv\u00e4nds ocks\u00e5 i vissa br\u00f6d- och konditorirecept.<\/p>","protected":false},"featured_media":53706,"template":"","meta":[],"product_brand":[],"product_cat":[441,347],"product_tag":[],"class_list":{"0":"post-53705","1":"product","2":"type-product","3":"status-publish","4":"has-post-thumbnail","6":"product_cat-441","7":"product_cat-347","9":"first","10":"outofstock","11":"taxable","12":"shipping-taxable","13":"purchasable","14":"product-type-simple"},"_links":{"self":[{"href":"https:\/\/senabel.com\/sv\/wp-json\/wp\/v2\/product\/53705","targetHints":{"allow":["GET"]}}],"collection":[{"href":"https:\/\/senabel.com\/sv\/wp-json\/wp\/v2\/product"}],"about":[{"href":"https:\/\/senabel.com\/sv\/wp-json\/wp\/v2\/types\/product"}],"version-history":[{"count":1,"href":"https:\/\/senabel.com\/sv\/wp-json\/wp\/v2\/product\/53705\/revisions"}],"predecessor-version":[{"id":53707,"href":"https:\/\/senabel.com\/sv\/wp-json\/wp\/v2\/product\/53705\/revisions\/53707"}],"wp:featuredmedia":[{"embeddable":true,"href":"https:\/\/senabel.com\/sv\/wp-json\/wp\/v2\/media\/53706"}],"wp:attachment":[{"href":"https:\/\/senabel.com\/sv\/wp-json\/wp\/v2\/media?parent=53705"}],"wp:term":[{"taxonomy":"product_brand","embeddable":true,"href":"https:\/\/senabel.com\/sv\/wp-json\/wp\/v2\/product_brand?post=53705"},{"taxonomy":"product_cat","embeddable":true,"href":"https:\/\/senabel.com\/sv\/wp-json\/wp\/v2\/product_cat?post=53705"},{"taxonomy":"product_tag","embeddable":true,"href":"https:\/\/senabel.com\/sv\/wp-json\/wp\/v2\/product_tag?post=53705"}],"curies":[{"name":"wp","href":"https:\/\/api.w.org\/{rel}","templated":true}]}}