{"id":53702,"date":"2025-07-16T12:22:35","date_gmt":"2025-07-16T12:22:35","guid":{"rendered":"https:\/\/senabel.com\/?post_type=product&#038;p=53702"},"modified":"2025-09-24T11:03:26","modified_gmt":"2025-09-24T11:03:26","slug":"sesam-tahini","status":"publish","type":"product","link":"https:\/\/senabel.com\/sv\/product\/sesame-tahini\/","title":{"rendered":"Ward's sesam tahini - 800g"},"content":{"rendered":"<p data-start=\"67\" data-end=\"148\">Den autentiska smaken ... fr\u00e5n rena sesamfr\u00f6n.<\/p>\n<p data-start=\"150\" data-end=\"317\">Ward Tahini \u00e4r gjord av rostade sesamfr\u00f6n som har malts noggrant till en rik, kr\u00e4mig konsistens och en j\u00e4mn, smakrik smak. Perfekt f\u00f6r r\u00e4tter som hummus, marinader, dressingar och orientaliska s\u00e5ser.<\/p>\n<p data-start=\"319\" data-end=\"528\"><strong data-start=\"319\" data-end=\"332\">Funktioner:<\/strong><br data-start=\"332\" data-end=\"335\" \/>- 100% Naturlig sesam av h\u00f6g kvalitet<br data-start=\"364\" data-end=\"367\" \/>- Fri fr\u00e5n konserveringsmedel och tillsatt socker<br data-start=\"410\" data-end=\"413\" \/>- Sl\u00e4t, kr\u00e4mig konsistens som \u00e4r l\u00e4tt att blanda och tillreda<br data-start=\"448\" data-end=\"451\" \/>- En rik k\u00e4lla till protein, fibrer och h\u00e4lsosamma fetter<br data-start=\"498\" data-end=\"501\" \/>- Turkiskt tillverkad - p\u00e5litlig kvalitet<\/p>\n<p data-start=\"530\" data-end=\"573\">\u00a0F\u00f6rpackningen: 800g<br data-start=\"550\" data-end=\"553\" \/>\u00a0Land av ursprung: Turkiet<\/p>\n<p data-start=\"575\" data-end=\"618\">\u00a0Perfekt f\u00f6r det orientaliska k\u00f6ket och f\u00f6r den som \u00e4lskar autentiska smaker.<\/p>\n<p data-start=\"620\" data-end=\"662\" data-is-last-node=\"\" data-is-only-node=\"\">\ud83d\uded2 <strong data-start=\"623\" data-end=\"662\" data-is-last-node=\"\">Best\u00e4ll nu och berika dina recept med den finaste tahinin<\/strong><\/p>","protected":false},"excerpt":{"rendered":"<p>Ward Tahini \u00e4r gjord av rostade sesamfr\u00f6n som har malts noggrant till en rik, kr\u00e4mig konsistens och en j\u00e4mn, smakrik smak. Perfekt f\u00f6r r\u00e4tter som hummus, marinader, dressingar och orientaliska s\u00e5ser.<\/p>","protected":false},"featured_media":53703,"template":"","meta":[],"product_brand":[],"product_cat":[374,349],"product_tag":[],"class_list":{"0":"post-53702","1":"product","2":"type-product","3":"status-publish","4":"has-post-thumbnail","6":"product_cat-374","7":"product_cat-349","9":"first","10":"outofstock","11":"taxable","12":"shipping-taxable","13":"purchasable","14":"product-type-simple"},"_links":{"self":[{"href":"https:\/\/senabel.com\/sv\/wp-json\/wp\/v2\/product\/53702","targetHints":{"allow":["GET"]}}],"collection":[{"href":"https:\/\/senabel.com\/sv\/wp-json\/wp\/v2\/product"}],"about":[{"href":"https:\/\/senabel.com\/sv\/wp-json\/wp\/v2\/types\/product"}],"version-history":[{"count":1,"href":"https:\/\/senabel.com\/sv\/wp-json\/wp\/v2\/product\/53702\/revisions"}],"predecessor-version":[{"id":53704,"href":"https:\/\/senabel.com\/sv\/wp-json\/wp\/v2\/product\/53702\/revisions\/53704"}],"wp:featuredmedia":[{"embeddable":true,"href":"https:\/\/senabel.com\/sv\/wp-json\/wp\/v2\/media\/53703"}],"wp:attachment":[{"href":"https:\/\/senabel.com\/sv\/wp-json\/wp\/v2\/media?parent=53702"}],"wp:term":[{"taxonomy":"product_brand","embeddable":true,"href":"https:\/\/senabel.com\/sv\/wp-json\/wp\/v2\/product_brand?post=53702"},{"taxonomy":"product_cat","embeddable":true,"href":"https:\/\/senabel.com\/sv\/wp-json\/wp\/v2\/product_cat?post=53702"},{"taxonomy":"product_tag","embeddable":true,"href":"https:\/\/senabel.com\/sv\/wp-json\/wp\/v2\/product_tag?post=53702"}],"curies":[{"name":"wp","href":"https:\/\/api.w.org\/{rel}","templated":true}]}}