{"id":53696,"date":"2025-07-16T12:23:39","date_gmt":"2025-07-16T12:23:39","guid":{"rendered":"https:\/\/senabel.com\/?post_type=product&#038;p=53696"},"modified":"2026-03-15T10:21:40","modified_gmt":"2026-03-15T10:21:40","slug":"gra-farja-agg","status":"publish","type":"product","link":"https:\/\/senabel.com\/sv\/product\/grey-ferry-eggs\/","title":{"rendered":"Mandel- och chokladgr\u00e5 - 500g"},"content":{"rendered":"<p data-start=\"65\" data-end=\"145\"><strong data-start=\"65\" data-end=\"120\">Frig\u00e5ende \u00e4gg - Mj\u00f6lkchoklad med krispigt \u00f6verdrag<\/strong><br data-start=\"120\" data-end=\"123\" \/>Lyxig smak i en distinkt form<\/p>\n<p data-start=\"147\" data-end=\"310\">Grey Almond &amp; Chocolate Dragee \u00e4r en lyxig mj\u00f6lkchokladkaka \u00f6verdragen med ett knaprigt socker\u00f6verdrag i en elegant gr\u00e5 f\u00e4rg som liknar ett vaktel\u00e4gg, vilket g\u00f6r den perfekt att servera vid evenemang och representation.<\/p>\n<p data-start=\"312\" data-end=\"547\"><strong data-start=\"312\" data-end=\"325\">Funktioner:<\/strong><br data-start=\"325\" data-end=\"328\" \/>- Attraktiv form som liknar naturliga svamp\u00e4gg<br data-start=\"361\" data-end=\"364\" \/>- Len och l\u00e4cker fyllning av mj\u00f6lkchoklad<br data-start=\"400\" data-end=\"403\" \/>- Krispiga f\u00f6rpackningar som g\u00f6r skillnad i smak och utseende<br data-start=\"445\" data-end=\"448\" \/>- Perfekt att servera till kaffet eller som garnering vid representation<br data-start=\"491\" data-end=\"494\" \/>- Ett utm\u00e4rkt val f\u00f6r br\u00f6llop, f\u00f6dslar, h\u00f6gtider och mycket mer<\/p>\n<p data-start=\"549\" data-end=\"608\">\u00a0Storleken \u00e4r l\u00e4mplig f\u00f6r individuell servering eller f\u00f6r anv\u00e4ndning i presentkorgar och korgar.<\/p>\n<p data-start=\"610\" data-end=\"651\" data-is-last-node=\"\" data-is-only-node=\"\">\ud83d\uded2 <strong data-start=\"613\" data-end=\"651\" data-is-last-node=\"\">Best\u00e4ll nu och l\u00e4gg till en unik touch till din g\u00e4stfrihet<\/strong><\/p>","protected":false},"excerpt":{"rendered":"<p>Grey Almond &amp; Chocolate Dragee \u00e4r en lyxig mj\u00f6lkchokladkaka \u00f6verdragen med ett knaprigt socker\u00f6verdrag i en elegant gr\u00e5 f\u00e4rg som liknar ett vaktel\u00e4gg, vilket g\u00f6r den perfekt att servera vid evenemang och representation.<\/p>","protected":false},"featured_media":53699,"template":"","meta":[],"product_brand":[],"product_cat":[347,297],"product_tag":[],"class_list":{"0":"post-53696","1":"product","2":"type-product","3":"status-publish","4":"has-post-thumbnail","6":"product_cat-347","7":"product_cat-297","9":"first","10":"instock","11":"taxable","12":"shipping-taxable","13":"purchasable","14":"product-type-simple"},"_links":{"self":[{"href":"https:\/\/senabel.com\/sv\/wp-json\/wp\/v2\/product\/53696","targetHints":{"allow":["GET"]}}],"collection":[{"href":"https:\/\/senabel.com\/sv\/wp-json\/wp\/v2\/product"}],"about":[{"href":"https:\/\/senabel.com\/sv\/wp-json\/wp\/v2\/types\/product"}],"version-history":[{"count":4,"href":"https:\/\/senabel.com\/sv\/wp-json\/wp\/v2\/product\/53696\/revisions"}],"predecessor-version":[{"id":54153,"href":"https:\/\/senabel.com\/sv\/wp-json\/wp\/v2\/product\/53696\/revisions\/54153"}],"wp:featuredmedia":[{"embeddable":true,"href":"https:\/\/senabel.com\/sv\/wp-json\/wp\/v2\/media\/53699"}],"wp:attachment":[{"href":"https:\/\/senabel.com\/sv\/wp-json\/wp\/v2\/media?parent=53696"}],"wp:term":[{"taxonomy":"product_brand","embeddable":true,"href":"https:\/\/senabel.com\/sv\/wp-json\/wp\/v2\/product_brand?post=53696"},{"taxonomy":"product_cat","embeddable":true,"href":"https:\/\/senabel.com\/sv\/wp-json\/wp\/v2\/product_cat?post=53696"},{"taxonomy":"product_tag","embeddable":true,"href":"https:\/\/senabel.com\/sv\/wp-json\/wp\/v2\/product_tag?post=53696"}],"curies":[{"name":"wp","href":"https:\/\/api.w.org\/{rel}","templated":true}]}}