{"id":53672,"date":"2025-07-16T12:26:36","date_gmt":"2025-07-16T12:26:36","guid":{"rendered":"https:\/\/senabel.com\/?post_type=product&#038;p=53672"},"modified":"2026-02-09T11:20:02","modified_gmt":"2026-02-09T11:20:02","slug":"bla-farja-agg","status":"publish","type":"product","link":"https:\/\/senabel.com\/sv\/product\/blue-ferry-eggs\/","title":{"rendered":"Bl\u00e5 Choklad Mandel Dragia - 500g"},"content":{"rendered":"<p data-start=\"58\" data-end=\"110\">Lyxig smak med ett exceptionellt utseende<\/p>\n<p data-start=\"112\" data-end=\"335\">Blue Chocolate Almond Pheasant \u00e4r en perfekt kombination av smak och form, med ett krispigt lager i en distinkt bl\u00e5 f\u00e4rg med m\u00f6rka prickar som efterliknar formen p\u00e5 ett naturligt \u00e4gg, som d\u00f6ljer en uts\u00f6kt fyllning av rik choklad. Perfekt f\u00f6r tillf\u00e4llen, representation eller som en vacker g\u00e5va i okonventionella f\u00e4rger.<\/p>\n<p data-start=\"337\" data-end=\"507\"><strong data-start=\"337\" data-end=\"350\">Funktioner:<\/strong><br data-start=\"350\" data-end=\"353\" \/>- Attraktiv design som liknar naturliga svamp\u00e4gg<br data-start=\"388\" data-end=\"391\" \/>- Krispig, f\u00e4rgglad bel\u00e4ggning<br data-start=\"417\" data-end=\"420\" \/>- Mjukt chokladhj\u00e4rta och of\u00f6rgl\u00f6mlig smak<br data-start=\"452\" data-end=\"455\" \/>- L\u00e4mplig f\u00f6r Eid giveaways, barnkalas och presentkorgar<\/p>\n<p data-start=\"509\" data-end=\"551\">Prova kombinationen av god smak och unik form<\/p>\n<p data-start=\"553\" data-end=\"610\" data-is-last-node=\"\" data-is-only-node=\"\">\ud83d\uded2 <strong data-start=\"556\" data-end=\"610\" data-is-last-node=\"\">Best\u00e4ll din Blue Chocolate Almond Draghiya nu och sticka ut i m\u00e4ngden.<\/strong><\/p>","protected":false},"excerpt":{"rendered":"<p>Blue Chocolate Almond Pheasant \u00e4r en perfekt kombination av smak och form, med ett krispigt lager i en distinkt bl\u00e5 f\u00e4rg med m\u00f6rka prickar som efterliknar formen p\u00e5 ett naturligt \u00e4gg, som d\u00f6ljer en uts\u00f6kt fyllning av rik choklad. Perfekt f\u00f6r tillf\u00e4llen, representation eller som en vacker g\u00e5va i okonventionella f\u00e4rger.<\/p>","protected":false},"featured_media":53694,"template":"","meta":[],"product_brand":[],"product_cat":[347,297],"product_tag":[],"class_list":{"0":"post-53672","1":"product","2":"type-product","3":"status-publish","4":"has-post-thumbnail","6":"product_cat-347","7":"product_cat-297","9":"first","10":"outofstock","11":"taxable","12":"shipping-taxable","13":"purchasable","14":"product-type-simple"},"_links":{"self":[{"href":"https:\/\/senabel.com\/sv\/wp-json\/wp\/v2\/product\/53672","targetHints":{"allow":["GET"]}}],"collection":[{"href":"https:\/\/senabel.com\/sv\/wp-json\/wp\/v2\/product"}],"about":[{"href":"https:\/\/senabel.com\/sv\/wp-json\/wp\/v2\/types\/product"}],"version-history":[{"count":4,"href":"https:\/\/senabel.com\/sv\/wp-json\/wp\/v2\/product\/53672\/revisions"}],"predecessor-version":[{"id":54148,"href":"https:\/\/senabel.com\/sv\/wp-json\/wp\/v2\/product\/53672\/revisions\/54148"}],"wp:featuredmedia":[{"embeddable":true,"href":"https:\/\/senabel.com\/sv\/wp-json\/wp\/v2\/media\/53694"}],"wp:attachment":[{"href":"https:\/\/senabel.com\/sv\/wp-json\/wp\/v2\/media?parent=53672"}],"wp:term":[{"taxonomy":"product_brand","embeddable":true,"href":"https:\/\/senabel.com\/sv\/wp-json\/wp\/v2\/product_brand?post=53672"},{"taxonomy":"product_cat","embeddable":true,"href":"https:\/\/senabel.com\/sv\/wp-json\/wp\/v2\/product_cat?post=53672"},{"taxonomy":"product_tag","embeddable":true,"href":"https:\/\/senabel.com\/sv\/wp-json\/wp\/v2\/product_tag?post=53672"}],"curies":[{"name":"wp","href":"https:\/\/api.w.org\/{rel}","templated":true}]}}