{"id":53668,"date":"2025-07-16T12:26:25","date_gmt":"2025-07-16T12:26:25","guid":{"rendered":"https:\/\/senabel.com\/?post_type=product&#038;p=53668"},"modified":"2026-04-11T13:16:08","modified_gmt":"2026-04-11T13:16:08","slug":"rosa-farjeagg","status":"publish","type":"product","link":"https:\/\/senabel.com\/sv\/product\/pink-ferry-eggs\/","title":{"rendered":"Rosa Dragia med mandel och choklad - 500g"},"content":{"rendered":"<p data-start=\"57\" data-end=\"290\">Snyggt utseende och oemotst\u00e5ndlig smak<br data-start=\"106\" data-end=\"109\" \/>Pink Chocolate Almond Drageeya \u00e4r en f\u00e4rgstark och glittrig dessert med en krispig fyllning av premiumchoklad i hj\u00e4rtat, vilket g\u00f6r den till ett perfekt val f\u00f6r olika tillf\u00e4llen eller som en snygg present till barn och vuxna.<\/p>\n<p data-start=\"292\" data-end=\"489\"><strong data-start=\"292\" data-end=\"305\">Funktioner:<\/strong><br data-start=\"305\" data-end=\"308\" \/>- F\u00e4rgglad och krispig rosa f\u00e4rgad bel\u00e4ggning<br data-start=\"350\" data-end=\"353\" \/>- Ett rikt hj\u00e4rta av mjuk choklad<br data-start=\"380\" data-end=\"383\" \/>- Den lilla svamp\u00e4ggformen ger en elegant touch till bordet<br data-start=\"429\" data-end=\"432\" data-is-only-node=\"\" \/>- Perfekt f\u00f6r presentreklam, representation eller som ett utm\u00e4rkt komplement till presentkorgar<\/p>\n<p data-start=\"491\" data-end=\"531\">\u00a0Kombinera snyggt utseende med god smak!<\/p>\n<p data-start=\"533\" data-end=\"596\" data-is-last-node=\"\" data-is-only-node=\"\">\ud83d\uded2 <strong data-start=\"536\" data-end=\"596\" data-is-last-node=\"\">Best\u00e4ll Almond and Chocolate Blossom Dragia nu och njut av stunder av s\u00f6tma och gl\u00e4dje<\/strong><\/p>","protected":false},"excerpt":{"rendered":"<p>Pink Chocolate Almond Drageeya \u00e4r en f\u00e4rgstark och glittrig dessert med en krispig fyllning av premiumchoklad i hj\u00e4rtat, vilket g\u00f6r den till ett perfekt val f\u00f6r olika tillf\u00e4llen eller som en snygg present till barn och vuxna.<\/p>","protected":false},"featured_media":53695,"template":"","meta":[],"product_brand":[],"product_cat":[347,297],"product_tag":[],"class_list":{"0":"post-53668","1":"product","2":"type-product","3":"status-publish","4":"has-post-thumbnail","6":"product_cat-347","7":"product_cat-297","9":"first","10":"instock","11":"taxable","12":"shipping-taxable","13":"purchasable","14":"product-type-simple"},"_links":{"self":[{"href":"https:\/\/senabel.com\/sv\/wp-json\/wp\/v2\/product\/53668","targetHints":{"allow":["GET"]}}],"collection":[{"href":"https:\/\/senabel.com\/sv\/wp-json\/wp\/v2\/product"}],"about":[{"href":"https:\/\/senabel.com\/sv\/wp-json\/wp\/v2\/types\/product"}],"version-history":[{"count":4,"href":"https:\/\/senabel.com\/sv\/wp-json\/wp\/v2\/product\/53668\/revisions"}],"predecessor-version":[{"id":54151,"href":"https:\/\/senabel.com\/sv\/wp-json\/wp\/v2\/product\/53668\/revisions\/54151"}],"wp:featuredmedia":[{"embeddable":true,"href":"https:\/\/senabel.com\/sv\/wp-json\/wp\/v2\/media\/53695"}],"wp:attachment":[{"href":"https:\/\/senabel.com\/sv\/wp-json\/wp\/v2\/media?parent=53668"}],"wp:term":[{"taxonomy":"product_brand","embeddable":true,"href":"https:\/\/senabel.com\/sv\/wp-json\/wp\/v2\/product_brand?post=53668"},{"taxonomy":"product_cat","embeddable":true,"href":"https:\/\/senabel.com\/sv\/wp-json\/wp\/v2\/product_cat?post=53668"},{"taxonomy":"product_tag","embeddable":true,"href":"https:\/\/senabel.com\/sv\/wp-json\/wp\/v2\/product_tag?post=53668"}],"curies":[{"name":"wp","href":"https:\/\/api.w.org\/{rel}","templated":true}]}}