{"id":53665,"date":"2025-07-15T12:02:13","date_gmt":"2025-07-15T12:02:13","guid":{"rendered":"https:\/\/senabel.com\/?post_type=product&#038;p=53665"},"modified":"2025-12-02T09:48:33","modified_gmt":"2025-12-02T09:48:33","slug":"saltad-qidama","status":"publish","type":"product","link":"https:\/\/senabel.com\/sv\/product\/salted-qidama\/","title":{"rendered":"Saltst\u00e5ng - 500g"},"content":{"rendered":"<p data-start=\"54\" data-end=\"259\">Traditionell Tasali-m\u00e5ltid med en of\u00f6rgl\u00f6mlig smak<br data-start=\"111\" data-end=\"114\" \/>Malahi Qadama (rostade kik\u00e4rtor med salt) har en krispig konsistens och balanserad smak, passar alla \u00e5ldrar och kan serveras vid familjesammankomster eller som ett mellanm\u00e5l under dagen.<\/p>\n<p data-start=\"261\" data-end=\"408\"><strong data-start=\"261\" data-end=\"274\">Funktioner:<\/strong><br data-start=\"274\" data-end=\"277\" \/>- L\u00e4ckert l\u00e4tt salt smak<br data-start=\"302\" data-end=\"305\" \/>- Rostad utan tillsatt fett<br data-start=\"328\" data-end=\"331\" \/>- Rik p\u00e5 v\u00e4xtprotein och fibrer<br data-start=\"364\" data-end=\"367\" \/>- Perfekt att servera till te eller kaffe<\/p>\n<p data-start=\"410\" data-end=\"552\"><strong data-start=\"410\" data-end=\"425\">F\u00f6rdelar f\u00f6r h\u00e4lsan:<\/strong><br data-start=\"425\" data-end=\"428\" \/>- Ger en k\u00e4nsla av m\u00e4ttnad och bidrar till att minimera intaget av oh\u00e4lsosamma m\u00e5ltider<br data-start=\"489\" data-end=\"492\" \/>- St\u00f6djer matsm\u00e4ltningssystemet<br data-start=\"520\" data-end=\"523\" \/>- Ett bra alternativ f\u00f6r en balanserad kost<\/p>\n<p data-start=\"554\" data-end=\"596\">\u00a0En kombination av autentisk smak och n\u00e4ringsm\u00e4ssiga f\u00f6rdelar<\/p>\n<p data-start=\"598\" data-end=\"659\" data-is-last-node=\"\" data-is-only-node=\"\">\ud83d\uded2 <strong data-start=\"601\" data-end=\"659\" data-is-last-node=\"\">Best\u00e4ll en f\u00e4rsk salt bit nu och njut av dess krispighet varje \u00f6gonblick<\/strong><\/p>","protected":false},"excerpt":{"rendered":"<p>En salt, krispig konsistens och v\u00e4lbalanserad smak, l\u00e4mplig f\u00f6r alla \u00e5ldrar, serveras vid familjesammankomster eller som mellanm\u00e5l under dagen.<\/p>","protected":false},"featured_media":53666,"template":"","meta":[],"product_brand":[],"product_cat":[347,308],"product_tag":[],"class_list":{"0":"post-53665","1":"product","2":"type-product","3":"status-publish","4":"has-post-thumbnail","6":"product_cat-347","7":"product_cat-308","9":"first","10":"instock","11":"taxable","12":"shipping-taxable","13":"purchasable","14":"product-type-simple"},"_links":{"self":[{"href":"https:\/\/senabel.com\/sv\/wp-json\/wp\/v2\/product\/53665","targetHints":{"allow":["GET"]}}],"collection":[{"href":"https:\/\/senabel.com\/sv\/wp-json\/wp\/v2\/product"}],"about":[{"href":"https:\/\/senabel.com\/sv\/wp-json\/wp\/v2\/types\/product"}],"version-history":[{"count":1,"href":"https:\/\/senabel.com\/sv\/wp-json\/wp\/v2\/product\/53665\/revisions"}],"predecessor-version":[{"id":53667,"href":"https:\/\/senabel.com\/sv\/wp-json\/wp\/v2\/product\/53665\/revisions\/53667"}],"wp:featuredmedia":[{"embeddable":true,"href":"https:\/\/senabel.com\/sv\/wp-json\/wp\/v2\/media\/53666"}],"wp:attachment":[{"href":"https:\/\/senabel.com\/sv\/wp-json\/wp\/v2\/media?parent=53665"}],"wp:term":[{"taxonomy":"product_brand","embeddable":true,"href":"https:\/\/senabel.com\/sv\/wp-json\/wp\/v2\/product_brand?post=53665"},{"taxonomy":"product_cat","embeddable":true,"href":"https:\/\/senabel.com\/sv\/wp-json\/wp\/v2\/product_cat?post=53665"},{"taxonomy":"product_tag","embeddable":true,"href":"https:\/\/senabel.com\/sv\/wp-json\/wp\/v2\/product_tag?post=53665"}],"curies":[{"name":"wp","href":"https:\/\/api.w.org\/{rel}","templated":true}]}}