{"id":53661,"date":"2025-07-15T12:02:25","date_gmt":"2025-07-15T12:02:25","guid":{"rendered":"https:\/\/senabel.com\/?post_type=product&#038;p=53661"},"modified":"2025-09-23T13:00:10","modified_gmt":"2025-09-23T13:00:10","slug":"grillad-qidama","status":"publish","type":"product","link":"https:\/\/senabel.com\/sv\/product\/grilled-qidama\/","title":{"rendered":"Grillad stav - 500g"},"content":{"rendered":"<p data-start=\"50\" data-end=\"224\">Krispiga, omsorgsfullt rostade, smakrika och perfekta som ett h\u00e4lsosamt mellanm\u00e5l n\u00e4r som helst p\u00e5 dagen. Tillverkade av kik\u00e4rter av finaste kvalitet, utan konstgjorda tillsatser eller oljor.<\/p>\n<p data-start=\"226\" data-end=\"392\"><strong data-start=\"226\" data-end=\"239\">Funktioner:<\/strong><br data-start=\"239\" data-end=\"242\" \/>- L\u00e4tt f\u00f6r magen och l\u00e4ttsm\u00e4lt<br data-start=\"272\" data-end=\"275\" \/>- Utm\u00e4rkt k\u00e4lla till vegetabiliskt protein och fibrer<br data-start=\"313\" data-end=\"316\" \/>- Fri fr\u00e5n kolesterol och m\u00e4ttat fett<br data-start=\"354\" data-end=\"357\" \/>- Perfekt f\u00f6r g\u00e4stfrihet eller vardagsunderh\u00e5llning<\/p>\n<p data-start=\"394\" data-end=\"516\"><strong data-start=\"394\" data-end=\"409\">F\u00f6rdelar f\u00f6r h\u00e4lsan:<\/strong><br data-start=\"409\" data-end=\"412\" \/>- Hj\u00e4lper dig att k\u00e4nna dig m\u00e4tt l\u00e4ngre<br data-start=\"448\" data-end=\"451\" \/>- Hj\u00e4lper till att reglera blodsockerniv\u00e5n<br data-start=\"489\" data-end=\"492\" \/>- St\u00f6djer matsm\u00e4ltningsh\u00e4lsan<\/p>\n<p data-start=\"518\" data-end=\"567\">\u00a0Idealisk f\u00f6r vegetarianer och veganer<\/p>\n<p data-start=\"569\" data-end=\"635\" data-is-last-node=\"\" data-is-only-node=\"\">\ud83d\uded2 <strong data-start=\"572\" data-end=\"635\" data-is-last-node=\"\">Best\u00e4ll en nygrillad bit nu och njut av den smakrika och n\u00e4ringsrika smaken av en nygrillad bit<\/strong><\/p>","protected":false},"excerpt":{"rendered":"<p>Krispiga, omsorgsfullt rostade, smakrika och perfekta som ett h\u00e4lsosamt mellanm\u00e5l n\u00e4r som helst p\u00e5 dagen. Tillverkade av kik\u00e4rter av finaste kvalitet, utan konstgjorda tillsatser eller oljor.<\/p>","protected":false},"featured_media":53662,"template":"","meta":[],"product_brand":[],"product_cat":[308,347],"product_tag":[],"class_list":{"0":"post-53661","1":"product","2":"type-product","3":"status-publish","4":"has-post-thumbnail","6":"product_cat-308","7":"product_cat-347","9":"first","10":"instock","11":"taxable","12":"shipping-taxable","13":"purchasable","14":"product-type-simple"},"_links":{"self":[{"href":"https:\/\/senabel.com\/sv\/wp-json\/wp\/v2\/product\/53661","targetHints":{"allow":["GET"]}}],"collection":[{"href":"https:\/\/senabel.com\/sv\/wp-json\/wp\/v2\/product"}],"about":[{"href":"https:\/\/senabel.com\/sv\/wp-json\/wp\/v2\/types\/product"}],"version-history":[{"count":2,"href":"https:\/\/senabel.com\/sv\/wp-json\/wp\/v2\/product\/53661\/revisions"}],"predecessor-version":[{"id":53664,"href":"https:\/\/senabel.com\/sv\/wp-json\/wp\/v2\/product\/53661\/revisions\/53664"}],"wp:featuredmedia":[{"embeddable":true,"href":"https:\/\/senabel.com\/sv\/wp-json\/wp\/v2\/media\/53662"}],"wp:attachment":[{"href":"https:\/\/senabel.com\/sv\/wp-json\/wp\/v2\/media?parent=53661"}],"wp:term":[{"taxonomy":"product_brand","embeddable":true,"href":"https:\/\/senabel.com\/sv\/wp-json\/wp\/v2\/product_brand?post=53661"},{"taxonomy":"product_cat","embeddable":true,"href":"https:\/\/senabel.com\/sv\/wp-json\/wp\/v2\/product_cat?post=53661"},{"taxonomy":"product_tag","embeddable":true,"href":"https:\/\/senabel.com\/sv\/wp-json\/wp\/v2\/product_tag?post=53661"}],"curies":[{"name":"wp","href":"https:\/\/api.w.org\/{rel}","templated":true}]}}