{"id":52986,"date":"2025-06-14T09:25:25","date_gmt":"2025-06-14T09:25:25","guid":{"rendered":"https:\/\/senabel.com\/?post_type=product&#038;p=52986"},"modified":"2025-10-06T18:59:00","modified_gmt":"2025-10-06T18:59:00","slug":"rod-timjan-450g","status":"publish","type":"product","link":"https:\/\/senabel.com\/sv\/product\/red-thyme-450g\/","title":{"rendered":"Kunglig timjan - 450g"},"content":{"rendered":"<p data-start=\"95\" data-end=\"155\"><strong data-start=\"95\" data-end=\"155\">Red Arajawi Thyme - en \u00e4kta blandning med en oemotst\u00e5ndlig smak - 450g<\/strong><\/p>\n<p data-start=\"157\" data-end=\"332\">En autentisk levantinsk smak som produceras av Al Arjaoui, ledaren inom timjanblandningar, som kombinerar distinkt smak och h\u00e4lsof\u00f6rdelar, perfekt f\u00f6r Iftar med olja eller f\u00f6r att ge en traditionell touch till bakverk och bakverk.<\/p>\n<p data-start=\"334\" data-end=\"352\"><strong data-start=\"334\" data-end=\"352\">Produktens egenskaper:<\/strong><\/p>\n<ul data-start=\"354\" data-end=\"606\">\n<li data-start=\"354\" data-end=\"391\">\n<p data-start=\"356\" data-end=\"391\">Alarjawi r\u00f6d timjan av h\u00f6g kvalitet<\/p>\n<\/li>\n<li data-start=\"392\" data-end=\"446\">\n<p data-start=\"394\" data-end=\"446\">Balanserad kombination av timjan, sumak, sesam och kryddpeppar<\/p>\n<\/li>\n<li data-start=\"447\" data-end=\"496\">\n<p data-start=\"449\" data-end=\"496\">L\u00e4mplig f\u00f6r frukost, sm\u00f6rg\u00e5sar, sm\u00f6rg\u00e5sar, bakverk<\/p>\n<\/li>\n<li data-start=\"497\" data-end=\"530\">\n<p data-start=\"499\" data-end=\"530\">Rik p\u00e5 n\u00e4rings\u00e4mnen och energi<\/p>\n<\/li>\n<li data-start=\"531\" data-end=\"561\">\n<p data-start=\"533\" data-end=\"561\">F\u00f6rpackningens vikt: 450g<\/p>\n<\/li>\n<li data-start=\"562\" data-end=\"606\">\n<p data-start=\"564\" data-end=\"606\">ISO-certifikat f\u00f6r kvalitet och livsmedelss\u00e4kerhet<\/p>\n<\/li>\n<\/ul>\n<p data-start=\"608\" data-end=\"679\"><strong data-start=\"608\" data-end=\"679\">Njut av smaken av timjan som den ska vara - fr\u00e5n timjanexperter sedan 1990.<\/strong><\/p>","protected":false},"excerpt":{"rendered":"<p>En autentisk levantinsk smak som produceras av Al Arjaoui, ledaren inom timjanblandningar, som kombinerar distinkt smak och h\u00e4lsof\u00f6rdelar, perfekt f\u00f6r Iftar med olja eller f\u00f6r att ge en traditionell touch till bakverk och bakverk.<\/p>","protected":false},"featured_media":52987,"template":"","meta":[],"product_brand":[],"product_cat":[370],"product_tag":[],"class_list":{"0":"post-52986","1":"product","2":"type-product","3":"status-publish","4":"has-post-thumbnail","6":"product_cat-370","8":"first","9":"outofstock","10":"taxable","11":"shipping-taxable","12":"purchasable","13":"product-type-simple"},"_links":{"self":[{"href":"https:\/\/senabel.com\/sv\/wp-json\/wp\/v2\/product\/52986","targetHints":{"allow":["GET"]}}],"collection":[{"href":"https:\/\/senabel.com\/sv\/wp-json\/wp\/v2\/product"}],"about":[{"href":"https:\/\/senabel.com\/sv\/wp-json\/wp\/v2\/types\/product"}],"version-history":[{"count":3,"href":"https:\/\/senabel.com\/sv\/wp-json\/wp\/v2\/product\/52986\/revisions"}],"predecessor-version":[{"id":56103,"href":"https:\/\/senabel.com\/sv\/wp-json\/wp\/v2\/product\/52986\/revisions\/56103"}],"wp:featuredmedia":[{"embeddable":true,"href":"https:\/\/senabel.com\/sv\/wp-json\/wp\/v2\/media\/52987"}],"wp:attachment":[{"href":"https:\/\/senabel.com\/sv\/wp-json\/wp\/v2\/media?parent=52986"}],"wp:term":[{"taxonomy":"product_brand","embeddable":true,"href":"https:\/\/senabel.com\/sv\/wp-json\/wp\/v2\/product_brand?post=52986"},{"taxonomy":"product_cat","embeddable":true,"href":"https:\/\/senabel.com\/sv\/wp-json\/wp\/v2\/product_cat?post=52986"},{"taxonomy":"product_tag","embeddable":true,"href":"https:\/\/senabel.com\/sv\/wp-json\/wp\/v2\/product_tag?post=52986"}],"curies":[{"name":"wp","href":"https:\/\/api.w.org\/{rel}","templated":true}]}}