{"id":52983,"date":"2025-06-14T09:32:19","date_gmt":"2025-06-14T09:32:19","guid":{"rendered":"https:\/\/senabel.com\/?post_type=product&#038;p=52983"},"modified":"2025-09-02T19:47:30","modified_gmt":"2025-09-02T19:47:30","slug":"gele-domo-blandad-barsmak-85g","status":"publish","type":"product","link":"https:\/\/senabel.com\/sv\/product\/jelly-domo-mixed-berry-flavor-85g\/","title":{"rendered":"Jelly Domo - Smak av blandade b\u00e4r - 85 g"},"content":{"rendered":"<p data-start=\"94\" data-end=\"135\"><strong data-start=\"94\" data-end=\"135\">Jelly Domo - Smak av blandade b\u00e4r - 85 g<\/strong><\/p>\n<p data-start=\"137\" data-end=\"235\">En uts\u00f6kt blandning av naturliga b\u00e4rsmaker i vegansk Domo Jelly, f\u00f6r en uppfriskande dessert som \u00e4r l\u00e4tt att f\u00f6rbereda och rolig att servera.<\/p>\n<p data-start=\"237\" data-end=\"255\"><strong data-start=\"237\" data-end=\"255\">Produktens egenskaper:<\/strong><\/p>\n<ul data-start=\"257\" data-end=\"442\">\n<li data-start=\"257\" data-end=\"295\">\n<p data-start=\"259\" data-end=\"295\">Fyllig och uppfriskande smak av blandade b\u00e4r<\/p>\n<\/li>\n<li data-start=\"296\" data-end=\"328\">\n<p data-start=\"298\" data-end=\"328\">100% vegansk - l\u00e4mplig f\u00f6r vegetarianer<\/p>\n<\/li>\n<li data-start=\"329\" data-end=\"337\">\n<p data-start=\"331\" data-end=\"337\">Halal<\/p>\n<\/li>\n<li data-start=\"338\" data-end=\"368\">\n<p data-start=\"340\" data-end=\"368\">Fri fr\u00e5n artificiella f\u00e4rg\u00e4mnen<\/p>\n<\/li>\n<li data-start=\"369\" data-end=\"397\">\n<p data-start=\"371\" data-end=\"397\">Tillred endast med kokande vatten<\/p>\n<\/li>\n<li data-start=\"398\" data-end=\"422\">\n<p data-start=\"400\" data-end=\"422\">F\u00f6rpackning f\u00f6r 4 portioner<\/p>\n<\/li>\n<li data-start=\"423\" data-end=\"442\">\n<p data-start=\"425\" data-end=\"442\">Nettovikt: 85g<\/p>\n<\/li>\n<\/ul>\n<p data-start=\"444\" data-end=\"559\"><strong data-start=\"444\" data-end=\"462\">Metoden f\u00f6r beredning:<\/strong><br data-start=\"462\" data-end=\"465\" \/>Tills\u00e4tt pulvret i kokande vatten, r\u00f6r om tills det \u00e4r helt uppl\u00f6st, h\u00e4ll upp i en form och l\u00e5t svalna och stelna.<\/p>\n<p data-start=\"561\" data-end=\"606\"><strong data-start=\"561\" data-end=\"606\">Domo - vegansk gel\u00e9 med naturlig smak och renhet.<\/strong><\/p>","protected":false},"excerpt":{"rendered":"<p>En uts\u00f6kt blandning av naturliga b\u00e4rsmaker i vegansk Domo Jelly, f\u00f6r en uppfriskande dessert som \u00e4r l\u00e4tt att f\u00f6rbereda och rolig att servera.<\/p>","protected":false},"featured_media":52984,"template":"","meta":[],"product_brand":[],"product_cat":[431],"product_tag":[],"class_list":{"0":"post-52983","1":"product","2":"type-product","3":"status-publish","4":"has-post-thumbnail","6":"product_cat-431","8":"first","9":"outofstock","10":"taxable","11":"shipping-taxable","12":"purchasable","13":"product-type-simple"},"_links":{"self":[{"href":"https:\/\/senabel.com\/sv\/wp-json\/wp\/v2\/product\/52983","targetHints":{"allow":["GET"]}}],"collection":[{"href":"https:\/\/senabel.com\/sv\/wp-json\/wp\/v2\/product"}],"about":[{"href":"https:\/\/senabel.com\/sv\/wp-json\/wp\/v2\/types\/product"}],"version-history":[{"count":1,"href":"https:\/\/senabel.com\/sv\/wp-json\/wp\/v2\/product\/52983\/revisions"}],"predecessor-version":[{"id":52985,"href":"https:\/\/senabel.com\/sv\/wp-json\/wp\/v2\/product\/52983\/revisions\/52985"}],"wp:featuredmedia":[{"embeddable":true,"href":"https:\/\/senabel.com\/sv\/wp-json\/wp\/v2\/media\/52984"}],"wp:attachment":[{"href":"https:\/\/senabel.com\/sv\/wp-json\/wp\/v2\/media?parent=52983"}],"wp:term":[{"taxonomy":"product_brand","embeddable":true,"href":"https:\/\/senabel.com\/sv\/wp-json\/wp\/v2\/product_brand?post=52983"},{"taxonomy":"product_cat","embeddable":true,"href":"https:\/\/senabel.com\/sv\/wp-json\/wp\/v2\/product_cat?post=52983"},{"taxonomy":"product_tag","embeddable":true,"href":"https:\/\/senabel.com\/sv\/wp-json\/wp\/v2\/product_tag?post=52983"}],"curies":[{"name":"wp","href":"https:\/\/api.w.org\/{rel}","templated":true}]}}