{"id":52972,"date":"2025-06-14T09:34:48","date_gmt":"2025-06-14T09:34:48","guid":{"rendered":"https:\/\/senabel.com\/?post_type=product&#038;p=52972"},"modified":"2025-11-14T16:46:11","modified_gmt":"2025-11-14T16:46:11","slug":"domo-vaniljvispad-gradde","status":"publish","type":"product","link":"https:\/\/senabel.com\/sv\/product\/domo-vanilla-whipped-cream\/","title":{"rendered":"Domo vispgr\u00e4dde med vaniljsmak"},"content":{"rendered":"<p data-start=\"96\" data-end=\"146\"><strong data-start=\"96\" data-end=\"146\">Domo vispgr\u00e4dde med vaniljsmak - 72 g (2 kuvert)<\/strong><\/p>\n<p data-start=\"148\" data-end=\"249\">L\u00e4gg till den perfekta touchen p\u00e5 dina desserter med Domos Chantilly Cream, med sin rika vaniljsmak och krispiga, distinkta konsistens.<\/p>\n<p data-start=\"251\" data-end=\"269\"><strong data-start=\"251\" data-end=\"269\">Produktens egenskaper:<\/strong><\/p>\n<ul data-start=\"271\" data-end=\"496\">\n<li data-start=\"271\" data-end=\"299\">\n<p data-start=\"273\" data-end=\"299\">L\u00e4cker naturlig vaniljsmak<\/p>\n<\/li>\n<li data-start=\"300\" data-end=\"326\">\n<p data-start=\"302\" data-end=\"326\">Instant vispningspulver<\/p>\n<\/li>\n<li data-start=\"327\" data-end=\"387\">\n<p data-start=\"329\" data-end=\"387\">Idealisk f\u00f6r att dekorera t\u00e5rtor, cupcakes, kalla desserter och frukter<\/p>\n<\/li>\n<li data-start=\"388\" data-end=\"438\">\n<p data-start=\"390\" data-end=\"438\">F\u00f6rpackning med 2 st - r\u00e4cker till en stor sats<\/p>\n<\/li>\n<li data-start=\"439\" data-end=\"468\">\n<p data-start=\"441\" data-end=\"468\">Inga konstgjorda f\u00e4rg\u00e4mnen<\/p>\n<\/li>\n<li data-start=\"469\" data-end=\"496\">\n<p data-start=\"471\" data-end=\"496\">F\u00f6rpackningens vikt: 72g (2 x 36g)<\/p>\n<\/li>\n<\/ul>\n<p data-start=\"498\" data-end=\"622\"><strong data-start=\"498\" data-end=\"516\">Metoden f\u00f6r beredning:<\/strong><br data-start=\"516\" data-end=\"519\" \/>Vispa inneh\u00e5llet i kuvertet med kall mj\u00f6lk tills det \u00e4r j\u00e4mnt och anv\u00e4nd omedelbart eller kyl f\u00f6re anv\u00e4ndning f\u00f6r extra stabilitet.<\/p>\n<p data-start=\"624\" data-end=\"661\"><strong data-start=\"624\" data-end=\"661\">Domo - en professionell touch fr\u00e5n f\u00f6rsta slaget.<\/strong><\/p>","protected":false},"excerpt":{"rendered":"<p>L\u00e4gg till den perfekta touchen p\u00e5 dina desserter med Domos Chantilly Cream, med sin rika vaniljsmak och krispiga, distinkta konsistens.<\/p>","protected":false},"featured_media":52973,"template":"","meta":[],"product_brand":[],"product_cat":[349,347],"product_tag":[],"class_list":{"0":"post-52972","1":"product","2":"type-product","3":"status-publish","4":"has-post-thumbnail","6":"product_cat-349","7":"product_cat-347","9":"first","10":"outofstock","11":"taxable","12":"shipping-taxable","13":"purchasable","14":"product-type-simple"},"_links":{"self":[{"href":"https:\/\/senabel.com\/sv\/wp-json\/wp\/v2\/product\/52972","targetHints":{"allow":["GET"]}}],"collection":[{"href":"https:\/\/senabel.com\/sv\/wp-json\/wp\/v2\/product"}],"about":[{"href":"https:\/\/senabel.com\/sv\/wp-json\/wp\/v2\/types\/product"}],"version-history":[{"count":3,"href":"https:\/\/senabel.com\/sv\/wp-json\/wp\/v2\/product\/52972\/revisions"}],"predecessor-version":[{"id":53007,"href":"https:\/\/senabel.com\/sv\/wp-json\/wp\/v2\/product\/52972\/revisions\/53007"}],"wp:featuredmedia":[{"embeddable":true,"href":"https:\/\/senabel.com\/sv\/wp-json\/wp\/v2\/media\/52973"}],"wp:attachment":[{"href":"https:\/\/senabel.com\/sv\/wp-json\/wp\/v2\/media?parent=52972"}],"wp:term":[{"taxonomy":"product_brand","embeddable":true,"href":"https:\/\/senabel.com\/sv\/wp-json\/wp\/v2\/product_brand?post=52972"},{"taxonomy":"product_cat","embeddable":true,"href":"https:\/\/senabel.com\/sv\/wp-json\/wp\/v2\/product_cat?post=52972"},{"taxonomy":"product_tag","embeddable":true,"href":"https:\/\/senabel.com\/sv\/wp-json\/wp\/v2\/product_tag?post=52972"}],"curies":[{"name":"wp","href":"https:\/\/api.w.org\/{rel}","templated":true}]}}