{"id":52966,"date":"2025-06-14T09:35:24","date_gmt":"2025-06-14T09:35:24","guid":{"rendered":"https:\/\/senabel.com\/?post_type=product&#038;p=52966"},"modified":"2026-05-02T06:20:37","modified_gmt":"2026-05-02T06:20:37","slug":"snabbkarakte","status":"publish","type":"product","link":"https:\/\/senabel.com\/sv\/product\/instant-karak-tea\/","title":{"rendered":"Instant Karak-te"},"content":{"rendered":"<p data-start=\"125\" data-end=\"178\"><strong data-start=\"125\" data-end=\"178\">Instant Crack Tea - Tea Break | 8 f\u00f6rpackningar x 25g<\/strong><\/p>\n<p data-start=\"180\" data-end=\"262\">Njut av den autentiska smaken av Karak-te, en rik blandning av mj\u00f6lk och kardemumma, utan artificiella smak\u00e4mnen.<\/p>\n<p data-start=\"264\" data-end=\"282\"><strong data-start=\"264\" data-end=\"282\">Produktens egenskaper:<\/strong><\/p>\n<ul data-start=\"284\" data-end=\"555\">\n<li data-start=\"284\" data-end=\"331\">\n<p data-start=\"286\" data-end=\"331\">Traditionellt recept med en modern twist - klart p\u00e5 n\u00e5gra minuter<\/p>\n<\/li>\n<li data-start=\"332\" data-end=\"352\">\n<p data-start=\"334\" data-end=\"352\">Inga tillsatta smak\u00e4mnen<\/p>\n<\/li>\n<li data-start=\"353\" data-end=\"403\">\n<p data-start=\"355\" data-end=\"403\">Inneh\u00e5ller mj\u00f6lkpulver, socker och malet svart te<\/p>\n<\/li>\n<li data-start=\"404\" data-end=\"448\">\n<p data-start=\"406\" data-end=\"448\">F\u00f6rpackade i individuella funktionella f\u00f6rpackningar (8 f\u00f6rpackningar x 25 g)<\/p>\n<\/li>\n<li data-start=\"503\" data-end=\"555\">\n<p data-start=\"505\" data-end=\"555\">En stark och balanserad smak inspirerad av \u00e4kta Gulftee<\/p>\n<\/li>\n<\/ul>\n<p data-start=\"557\" data-end=\"663\"><strong data-start=\"557\" data-end=\"575\">Metoden f\u00f6r beredning:<\/strong><br data-start=\"575\" data-end=\"578\" \/>H\u00e4ll inneh\u00e5llet i kuvertet i en mugg, tills\u00e4tt 150-180 ml varmt vatten, r\u00f6r om v\u00e4l och njut av en rik, varm smak.<\/p>\n<p data-start=\"665\" data-end=\"711\"><strong data-start=\"665\" data-end=\"711\">Tea Break Karak - arabisk smak, internationell komfort.<\/strong><\/p>","protected":false},"excerpt":{"rendered":"<p>Njut av den autentiska smaken av Karak-te, en rik blandning av mj\u00f6lk och kardemumma, utan artificiella smak\u00e4mnen.<\/p>","protected":false},"featured_media":52967,"template":"","meta":[],"product_brand":[],"product_cat":[373,347],"product_tag":[],"class_list":{"0":"post-52966","1":"product","2":"type-product","3":"status-publish","4":"has-post-thumbnail","6":"product_cat-373","7":"product_cat-347","9":"first","10":"instock","11":"taxable","12":"shipping-taxable","13":"purchasable","14":"product-type-simple"},"_links":{"self":[{"href":"https:\/\/senabel.com\/sv\/wp-json\/wp\/v2\/product\/52966","targetHints":{"allow":["GET"]}}],"collection":[{"href":"https:\/\/senabel.com\/sv\/wp-json\/wp\/v2\/product"}],"about":[{"href":"https:\/\/senabel.com\/sv\/wp-json\/wp\/v2\/types\/product"}],"version-history":[{"count":4,"href":"https:\/\/senabel.com\/sv\/wp-json\/wp\/v2\/product\/52966\/revisions"}],"predecessor-version":[{"id":53008,"href":"https:\/\/senabel.com\/sv\/wp-json\/wp\/v2\/product\/52966\/revisions\/53008"}],"wp:featuredmedia":[{"embeddable":true,"href":"https:\/\/senabel.com\/sv\/wp-json\/wp\/v2\/media\/52967"}],"wp:attachment":[{"href":"https:\/\/senabel.com\/sv\/wp-json\/wp\/v2\/media?parent=52966"}],"wp:term":[{"taxonomy":"product_brand","embeddable":true,"href":"https:\/\/senabel.com\/sv\/wp-json\/wp\/v2\/product_brand?post=52966"},{"taxonomy":"product_cat","embeddable":true,"href":"https:\/\/senabel.com\/sv\/wp-json\/wp\/v2\/product_cat?post=52966"},{"taxonomy":"product_tag","embeddable":true,"href":"https:\/\/senabel.com\/sv\/wp-json\/wp\/v2\/product_tag?post=52966"}],"curies":[{"name":"wp","href":"https:\/\/api.w.org\/{rel}","templated":true}]}}