{"id":52951,"date":"2025-06-13T14:16:26","date_gmt":"2025-06-13T14:16:26","guid":{"rendered":"https:\/\/senabel.com\/?post_type=product&#038;p=52951"},"modified":"2026-04-17T03:23:39","modified_gmt":"2026-04-17T03:23:39","slug":"ingefara-al-shami","status":"publish","type":"product","link":"https:\/\/senabel.com\/sv\/product\/ginger-al-shami\/","title":{"rendered":"Ingef\u00e4ra fr\u00e5n Shami"},"content":{"rendered":"<p data-start=\"93\" data-end=\"137\"><strong data-start=\"93\" data-end=\"137\">Levantine Ginger - Specialerbjudande 20% Gratis \u00f6kning<\/strong><\/p>\n<p data-start=\"139\" data-end=\"259\">En naturlig dryck med rent ingef\u00e4rsextrakt, perfekt f\u00f6r vintern, f\u00f6r att st\u00e4rka immunf\u00f6rsvaret och f\u00f6rb\u00e4ttra matsm\u00e4ltningen. Helt fri fr\u00e5n te eller koffein.<\/p>\n<p data-start=\"261\" data-end=\"279\"><strong data-start=\"261\" data-end=\"279\">Produktens egenskaper:<\/strong><\/p>\n<ul data-start=\"281\" data-end=\"445\">\n<li data-start=\"281\" data-end=\"306\">\n<p data-start=\"283\" data-end=\"306\">Ren naturlig ingef\u00e4rsblandning<\/p>\n<\/li>\n<li data-start=\"346\" data-end=\"375\">\n<p data-start=\"348\" data-end=\"375\">Specialerbjudande: 20% Gratis \u00f6kning<\/p>\n<\/li>\n<li data-start=\"376\" data-end=\"403\">\n<p data-start=\"378\" data-end=\"403\">Shami Production - Sedan 1924<\/p>\n<\/li>\n<li data-start=\"404\" data-end=\"445\">\n<p data-start=\"406\" data-end=\"445\">L\u00e4mplig f\u00f6r varm dryck n\u00e4r som helst p\u00e5 dygnet<\/p>\n<\/li>\n<\/ul>\n<p data-start=\"447\" data-end=\"537\"><strong data-start=\"447\" data-end=\"465\">Metoden f\u00f6r beredning:<\/strong><br data-start=\"465\" data-end=\"468\" \/>L\u00e4gg kuvertet i en kopp med kokande vatten och l\u00e5t st\u00e5 i 5 minuter. Honung kan tills\u00e4ttas efter smak.<\/p>\n<p data-start=\"539\" data-end=\"589\"><strong data-start=\"539\" data-end=\"589\">Shami Ginger... en varm och h\u00e4lsosam smak f\u00f6r alla tillf\u00e4llen.<\/strong><\/p>","protected":false},"excerpt":{"rendered":"<p>En naturlig dryck med rent ingef\u00e4rsextrakt, perfekt f\u00f6r vintern, f\u00f6r att st\u00e4rka immunf\u00f6rsvaret och f\u00f6rb\u00e4ttra matsm\u00e4ltningen. Helt fri fr\u00e5n te eller koffein.<\/p>","protected":false},"featured_media":52952,"template":"","meta":[],"product_brand":[],"product_cat":[327],"product_tag":[],"class_list":{"0":"post-52951","1":"product","2":"type-product","3":"status-publish","4":"has-post-thumbnail","6":"product_cat-327","8":"first","9":"instock","10":"taxable","11":"shipping-taxable","12":"purchasable","13":"product-type-simple"},"_links":{"self":[{"href":"https:\/\/senabel.com\/sv\/wp-json\/wp\/v2\/product\/52951","targetHints":{"allow":["GET"]}}],"collection":[{"href":"https:\/\/senabel.com\/sv\/wp-json\/wp\/v2\/product"}],"about":[{"href":"https:\/\/senabel.com\/sv\/wp-json\/wp\/v2\/types\/product"}],"version-history":[{"count":2,"href":"https:\/\/senabel.com\/sv\/wp-json\/wp\/v2\/product\/52951\/revisions"}],"predecessor-version":[{"id":52954,"href":"https:\/\/senabel.com\/sv\/wp-json\/wp\/v2\/product\/52951\/revisions\/52954"}],"wp:featuredmedia":[{"embeddable":true,"href":"https:\/\/senabel.com\/sv\/wp-json\/wp\/v2\/media\/52952"}],"wp:attachment":[{"href":"https:\/\/senabel.com\/sv\/wp-json\/wp\/v2\/media?parent=52951"}],"wp:term":[{"taxonomy":"product_brand","embeddable":true,"href":"https:\/\/senabel.com\/sv\/wp-json\/wp\/v2\/product_brand?post=52951"},{"taxonomy":"product_cat","embeddable":true,"href":"https:\/\/senabel.com\/sv\/wp-json\/wp\/v2\/product_cat?post=52951"},{"taxonomy":"product_tag","embeddable":true,"href":"https:\/\/senabel.com\/sv\/wp-json\/wp\/v2\/product_tag?post=52951"}],"curies":[{"name":"wp","href":"https:\/\/api.w.org\/{rel}","templated":true}]}}