{"id":52947,"date":"2025-06-13T14:16:58","date_gmt":"2025-06-13T14:16:58","guid":{"rendered":"https:\/\/senabel.com\/?post_type=product&#038;p=52947"},"modified":"2025-09-08T22:10:13","modified_gmt":"2025-09-08T22:10:13","slug":"citron-kummin-al-shami","status":"publish","type":"product","link":"https:\/\/senabel.com\/sv\/product\/lemon-cumin-al-shami\/","title":{"rendered":"Shami Citron Kummin"},"content":{"rendered":"<p data-start=\"100\" data-end=\"148\"><strong data-start=\"100\" data-end=\"148\">Shami Lemon Cumin - Specialerbjudande 20% Gratis \u00f6kning<\/strong><\/p>\n<p data-start=\"150\" data-end=\"272\">En naturlig blandning av kummin och citron, en h\u00e4lsosam dryck som fr\u00e4mjar matsm\u00e4ltning och avslappning. En l\u00e4tt och behaglig formula.<\/p>\n<p data-start=\"274\" data-end=\"292\"><strong data-start=\"274\" data-end=\"292\">Produktens egenskaper:<\/strong><\/p>\n<ul data-start=\"294\" data-end=\"452\">\n<li data-start=\"294\" data-end=\"327\">\n<p data-start=\"296\" data-end=\"327\">En naturlig blandning av kummin och citron<\/p>\n<\/li>\n<li data-start=\"372\" data-end=\"394\">\n<p data-start=\"374\" data-end=\"394\">Inget tillsatt socker<\/p>\n<\/li>\n<li data-start=\"395\" data-end=\"424\">\n<p data-start=\"397\" data-end=\"424\">Specialerbjudande: 20% Gratis \u00f6kning<\/p>\n<\/li>\n<li data-start=\"425\" data-end=\"452\">\n<p data-start=\"427\" data-end=\"452\">Shami Production - Sedan 1924<\/p>\n<\/li>\n<\/ul>\n<p data-start=\"454\" data-end=\"571\"><strong data-start=\"454\" data-end=\"472\">Metoden f\u00f6r beredning:<\/strong><br data-start=\"472\" data-end=\"475\" \/>L\u00e4gg kuvertet i en kopp kokande vatten och l\u00e5t det dra i 5 minuter. Drick som den \u00e4r eller med lite honung.<\/p>\n<p data-start=\"573\" data-end=\"628\"><strong data-start=\"573\" data-end=\"628\">Shami Lemon Cumin... en v\u00e4rmande smak och naturliga h\u00e4lsof\u00f6rdelar.<\/strong><\/p>","protected":false},"excerpt":{"rendered":"<p>En naturlig blandning av kummin och citron, en h\u00e4lsosam dryck som fr\u00e4mjar matsm\u00e4ltning och avslappning. En l\u00e4tt och behaglig formula.<\/p>","protected":false},"featured_media":52948,"template":"","meta":[],"product_brand":[],"product_cat":[327],"product_tag":[],"class_list":{"0":"post-52947","1":"product","2":"type-product","3":"status-publish","4":"has-post-thumbnail","6":"product_cat-327","8":"first","9":"outofstock","10":"taxable","11":"shipping-taxable","12":"purchasable","13":"product-type-simple"},"_links":{"self":[{"href":"https:\/\/senabel.com\/sv\/wp-json\/wp\/v2\/product\/52947","targetHints":{"allow":["GET"]}}],"collection":[{"href":"https:\/\/senabel.com\/sv\/wp-json\/wp\/v2\/product"}],"about":[{"href":"https:\/\/senabel.com\/sv\/wp-json\/wp\/v2\/types\/product"}],"version-history":[{"count":2,"href":"https:\/\/senabel.com\/sv\/wp-json\/wp\/v2\/product\/52947\/revisions"}],"predecessor-version":[{"id":52950,"href":"https:\/\/senabel.com\/sv\/wp-json\/wp\/v2\/product\/52947\/revisions\/52950"}],"wp:featuredmedia":[{"embeddable":true,"href":"https:\/\/senabel.com\/sv\/wp-json\/wp\/v2\/media\/52948"}],"wp:attachment":[{"href":"https:\/\/senabel.com\/sv\/wp-json\/wp\/v2\/media?parent=52947"}],"wp:term":[{"taxonomy":"product_brand","embeddable":true,"href":"https:\/\/senabel.com\/sv\/wp-json\/wp\/v2\/product_brand?post=52947"},{"taxonomy":"product_cat","embeddable":true,"href":"https:\/\/senabel.com\/sv\/wp-json\/wp\/v2\/product_cat?post=52947"},{"taxonomy":"product_tag","embeddable":true,"href":"https:\/\/senabel.com\/sv\/wp-json\/wp\/v2\/product_tag?post=52947"}],"curies":[{"name":"wp","href":"https:\/\/api.w.org\/{rel}","templated":true}]}}