{"id":52933,"date":"2025-06-13T14:19:07","date_gmt":"2025-06-13T14:19:07","guid":{"rendered":"https:\/\/senabel.com\/?post_type=product&#038;p=52933"},"modified":"2026-04-23T15:01:19","modified_gmt":"2026-04-23T15:01:19","slug":"shami-tva-appelgront-te","status":"publish","type":"product","link":"https:\/\/senabel.com\/sv\/product\/shami-two-apple-green-tea\/","title":{"rendered":"Shami Gr\u00f6nt Te Tv\u00e5 \u00c4pplen"},"content":{"rendered":"<p data-start=\"131\" data-end=\"183\"><strong data-start=\"131\" data-end=\"183\">Shami Tea - \u00c4pple gr\u00f6nt te - 20% Gratis \u00f6kning<\/strong><\/p>\n<p data-start=\"185\" data-end=\"346\">Kombinera f\u00f6rdelarna med gr\u00f6nt te med den uts\u00f6kta smaken av tv\u00e5 \u00e4pplen i varje kopp. En l\u00e4tt och uppfriskande formel fr\u00e5n det autentiska varum\u00e4rket Shami sedan 1924, med ett specialerbjudande som ger dig 20% extra kvantitet gratis.<\/p>\n<p data-start=\"348\" data-end=\"366\"><strong data-start=\"348\" data-end=\"366\">Produktens egenskaper:<\/strong><\/p>\n<ul data-start=\"368\" data-end=\"515\">\n<li data-start=\"368\" data-end=\"408\">\n<p data-start=\"370\" data-end=\"408\">Naturligt gr\u00f6nt te med \u00e4ppelsmak<\/p>\n<\/li>\n<li data-start=\"409\" data-end=\"445\">\n<p data-start=\"411\" data-end=\"445\">En rik, uppfriskande och tidl\u00f6s smak<\/p>\n<\/li>\n<li data-start=\"446\" data-end=\"485\">\n<p data-start=\"448\" data-end=\"485\">Varum\u00e4rket Chami - sedan 1924<\/p>\n<\/li>\n<li data-start=\"486\" data-end=\"515\">\n<p data-start=\"488\" data-end=\"515\">Specialerbjudande: 20% Gratis \u00f6kning<\/p>\n<\/li>\n<\/ul>\n<p data-start=\"517\" data-end=\"622\"><strong data-start=\"517\" data-end=\"528\">Smaken:<\/strong> (Gr\u00f6nt te, tv\u00e5 \u00e4pplen)<br data-start=\"559\" data-end=\"562\" \/><strong data-start=\"592\" data-end=\"613\">Varum\u00e4rket:<\/strong> Levantinsk<\/p>\n<p data-start=\"624\" data-end=\"738\"><strong data-start=\"624\" data-end=\"642\">Metoden f\u00f6r beredning:<\/strong><br data-start=\"642\" data-end=\"645\" \/>Tills\u00e4tt te-kuvertet i en kopp varmt vatten och l\u00e5t det dra i 3 till 5 minuter. Servera varmt eller kallt enligt \u00f6nskem\u00e5l.<\/p>\n<p data-start=\"740\" data-end=\"790\"><strong data-start=\"740\" data-end=\"790\">Shami-te... naturens blandning av smaker.<\/strong><\/p>","protected":false},"excerpt":{"rendered":"<p>Kombinera f\u00f6rdelarna med gr\u00f6nt te med den uts\u00f6kta smaken av tv\u00e5 \u00e4pplen i varje kopp. En l\u00e4tt och uppfriskande formel fr\u00e5n det autentiska varum\u00e4rket Shami sedan 1924, med ett specialerbjudande som ger dig 20% extra kvantitet gratis.<\/p>","protected":false},"featured_media":52934,"template":"","meta":[],"product_brand":[],"product_cat":[373,327],"product_tag":[],"class_list":{"0":"post-52933","1":"product","2":"type-product","3":"status-publish","4":"has-post-thumbnail","6":"product_cat-373","7":"product_cat-327","9":"first","10":"instock","11":"taxable","12":"shipping-taxable","13":"purchasable","14":"product-type-simple"},"_links":{"self":[{"href":"https:\/\/senabel.com\/sv\/wp-json\/wp\/v2\/product\/52933","targetHints":{"allow":["GET"]}}],"collection":[{"href":"https:\/\/senabel.com\/sv\/wp-json\/wp\/v2\/product"}],"about":[{"href":"https:\/\/senabel.com\/sv\/wp-json\/wp\/v2\/types\/product"}],"version-history":[{"count":2,"href":"https:\/\/senabel.com\/sv\/wp-json\/wp\/v2\/product\/52933\/revisions"}],"predecessor-version":[{"id":52936,"href":"https:\/\/senabel.com\/sv\/wp-json\/wp\/v2\/product\/52933\/revisions\/52936"}],"wp:featuredmedia":[{"embeddable":true,"href":"https:\/\/senabel.com\/sv\/wp-json\/wp\/v2\/media\/52934"}],"wp:attachment":[{"href":"https:\/\/senabel.com\/sv\/wp-json\/wp\/v2\/media?parent=52933"}],"wp:term":[{"taxonomy":"product_brand","embeddable":true,"href":"https:\/\/senabel.com\/sv\/wp-json\/wp\/v2\/product_brand?post=52933"},{"taxonomy":"product_cat","embeddable":true,"href":"https:\/\/senabel.com\/sv\/wp-json\/wp\/v2\/product_cat?post=52933"},{"taxonomy":"product_tag","embeddable":true,"href":"https:\/\/senabel.com\/sv\/wp-json\/wp\/v2\/product_tag?post=52933"}],"curies":[{"name":"wp","href":"https:\/\/api.w.org\/{rel}","templated":true}]}}