{"id":52929,"date":"2025-06-13T14:19:19","date_gmt":"2025-06-13T14:19:19","guid":{"rendered":"https:\/\/senabel.com\/?post_type=product&#038;p=52929"},"modified":"2026-03-14T21:25:36","modified_gmt":"2026-03-14T21:25:36","slug":"shami-gront-te-med-mynta","status":"publish","type":"product","link":"https:\/\/senabel.com\/sv\/product\/shami-green-tea-with-mint\/","title":{"rendered":"Shami Mint Gr\u00f6nt Te"},"content":{"rendered":"<p data-start=\"116\" data-end=\"166\"><strong data-start=\"116\" data-end=\"166\">Shami - Mint gr\u00f6nt te - 20% Gratis \u00f6kning<\/strong><\/p>\n<p data-start=\"168\" data-end=\"394\">Njut av den uppfriskande smaken av gr\u00f6nt te med en naturlig touch av myntablad, fr\u00e5n ett varum\u00e4rke som har funnits sedan 1924. En balanserad formel som kombinerar f\u00f6rdelarna med gr\u00f6nt te med den lugnande effekten av mynta, i en praktisk f\u00f6rpackning med ett specialerbjudande p\u00e5 20% extra kvantitet gratis.<\/p>\n<p data-start=\"396\" data-end=\"414\"><strong data-start=\"396\" data-end=\"414\">Produktens egenskaper:<\/strong><\/p>\n<ul data-start=\"416\" data-end=\"592\">\n<li data-start=\"416\" data-end=\"461\">\n<p data-start=\"418\" data-end=\"461\">En naturlig blandning av gr\u00f6nt te och myntablad<\/p>\n<\/li>\n<li data-start=\"462\" data-end=\"509\">\n<p data-start=\"464\" data-end=\"509\">En uppfriskande smak som \u00e4r perfekt efter m\u00e5ltider eller f\u00f6r avkoppling<\/p>\n<\/li>\n<li data-start=\"510\" data-end=\"562\">\n<p data-start=\"512\" data-end=\"562\">H\u00f6g kvalitet fr\u00e5n ett varum\u00e4rke som har varit erk\u00e4nt sedan 1924<\/p>\n<\/li>\n<li data-start=\"563\" data-end=\"592\">\n<p data-start=\"565\" data-end=\"592\">Specialerbjudande: 20% Gratis \u00f6kning<\/p>\n<\/li>\n<\/ul>\n<p data-start=\"594\" data-end=\"699\"><strong data-start=\"594\" data-end=\"605\">Smaken:<\/strong> Gr\u00f6nt te med mynta<br data-start=\"623\" data-end=\"626\" \/><strong data-start=\"626\" data-end=\"647\">Varum\u00e4rket:<\/strong> Levantinsk<\/p>\n<p data-start=\"701\" data-end=\"797\"><strong data-start=\"701\" data-end=\"719\">Metoden f\u00f6r beredning:<\/strong><br data-start=\"719\" data-end=\"722\" \/>L\u00e4gg te-kuvertet i en kopp varmt vatten och l\u00e5t det dra i 3 till 5 minuter f\u00f6re servering.<\/p>\n<p data-start=\"799\" data-end=\"851\"><strong data-start=\"799\" data-end=\"851\">Shami Green Tea with Mint... en autentisk smak sedan 1924.<\/strong><\/p>","protected":false},"excerpt":{"rendered":"<p>Njut av den uppfriskande smaken av gr\u00f6nt te med en naturlig touch av myntablad, fr\u00e5n ett varum\u00e4rke som har funnits sedan 1924. En balanserad formel som kombinerar f\u00f6rdelarna med gr\u00f6nt te med den lugnande effekten av mynta, i en praktisk f\u00f6rpackning med ett specialerbjudande p\u00e5 20% extra kvantitet gratis.<\/p>","protected":false},"featured_media":52930,"template":"","meta":[],"product_brand":[],"product_cat":[373,327],"product_tag":[],"class_list":{"0":"post-52929","1":"product","2":"type-product","3":"status-publish","4":"has-post-thumbnail","6":"product_cat-373","7":"product_cat-327","9":"first","10":"outofstock","11":"taxable","12":"shipping-taxable","13":"purchasable","14":"product-type-simple"},"_links":{"self":[{"href":"https:\/\/senabel.com\/sv\/wp-json\/wp\/v2\/product\/52929","targetHints":{"allow":["GET"]}}],"collection":[{"href":"https:\/\/senabel.com\/sv\/wp-json\/wp\/v2\/product"}],"about":[{"href":"https:\/\/senabel.com\/sv\/wp-json\/wp\/v2\/types\/product"}],"version-history":[{"count":2,"href":"https:\/\/senabel.com\/sv\/wp-json\/wp\/v2\/product\/52929\/revisions"}],"predecessor-version":[{"id":52932,"href":"https:\/\/senabel.com\/sv\/wp-json\/wp\/v2\/product\/52929\/revisions\/52932"}],"wp:featuredmedia":[{"embeddable":true,"href":"https:\/\/senabel.com\/sv\/wp-json\/wp\/v2\/media\/52930"}],"wp:attachment":[{"href":"https:\/\/senabel.com\/sv\/wp-json\/wp\/v2\/media?parent=52929"}],"wp:term":[{"taxonomy":"product_brand","embeddable":true,"href":"https:\/\/senabel.com\/sv\/wp-json\/wp\/v2\/product_brand?post=52929"},{"taxonomy":"product_cat","embeddable":true,"href":"https:\/\/senabel.com\/sv\/wp-json\/wp\/v2\/product_cat?post=52929"},{"taxonomy":"product_tag","embeddable":true,"href":"https:\/\/senabel.com\/sv\/wp-json\/wp\/v2\/product_tag?post=52929"}],"curies":[{"name":"wp","href":"https:\/\/api.w.org\/{rel}","templated":true}]}}