{"id":52926,"date":"2025-06-13T14:13:00","date_gmt":"2025-06-13T14:13:00","guid":{"rendered":"https:\/\/senabel.com\/?post_type=product&#038;p=52926"},"modified":"2025-07-25T14:53:05","modified_gmt":"2025-07-25T14:53:05","slug":"kakaogradde-ranrulle-150g","status":"publish","type":"product","link":"https:\/\/senabel.com\/sv\/product\/cocoa-cream-wafer-roll-150g\/","title":{"rendered":"Waferrulle med kakaogr\u00e4dde - 150g"},"content":{"rendered":"<p data-start=\"124\" data-end=\"178\"><strong data-start=\"124\" data-end=\"178\">Happy Swing Rullar - Kakaogr\u00e4dde Waferrullar - 150g<\/strong><\/p>\n<p data-start=\"180\" data-end=\"350\">Ett \u00f6gonblick av of\u00f6rgl\u00f6mlig klassisk smak. En krispig och knaprig waferrulle fylld med rik kakaokr\u00e4m, alltid perfekt f\u00f6r dig och din familj. Med Happy Swing kan du njuta av balanserad s\u00f6tma och fantastisk konsistens.<\/p>\n<p data-start=\"352\" data-end=\"370\"><strong data-start=\"352\" data-end=\"370\">Produktens egenskaper:<\/strong><\/p>\n<ul data-start=\"372\" data-end=\"519\">\n<li data-start=\"372\" data-end=\"414\">\n<p data-start=\"374\" data-end=\"414\">Krispig waferrulle fylld med en l\u00e4cker kakaogr\u00e4dde<\/p>\n<\/li>\n<li data-start=\"415\" data-end=\"447\">\n<p data-start=\"417\" data-end=\"447\">Rik smak och l\u00e4mplig f\u00f6r alla \u00e5ldrar<\/p>\n<\/li>\n<li data-start=\"448\" data-end=\"477\">\n<p data-start=\"450\" data-end=\"477\">Perfekt storlek p\u00e5 f\u00f6rpackningen: 150g<\/p>\n<\/li>\n<li data-start=\"478\" data-end=\"519\">\n<p data-start=\"480\" data-end=\"519\">Servera som mellanm\u00e5l eller till te och kaffe<\/p>\n<\/li>\n<\/ul>\n<p data-start=\"521\" data-end=\"575\"><strong data-start=\"521\" data-end=\"538\">Nettovikt:<\/strong> 150 gram<br data-start=\"547\" data-end=\"550\" \/><strong data-start=\"550\" data-end=\"561\">Smaken:<\/strong> Kakao<\/p>\n<p data-start=\"577\" data-end=\"597\"><strong data-start=\"577\" data-end=\"597\">F\u00f6rvaringsanvisningar:<\/strong><\/p>\n<ul data-start=\"599\" data-end=\"680\">\n<li data-start=\"599\" data-end=\"626\">\n<p data-start=\"601\" data-end=\"626\">F\u00f6rvaras p\u00e5 en sval och torr plats<\/p>\n<\/li>\n<li data-start=\"627\" data-end=\"680\">\n<p data-start=\"629\" data-end=\"680\">F\u00f6rslut v\u00e4l efter \u00f6ppnandet f\u00f6r att bevara krispighet och f\u00e4rskhet<\/p>\n<\/li>\n<\/ul>\n<p data-start=\"682\" data-end=\"737\"><strong data-start=\"682\" data-end=\"737\">Happy Swing... den ursprungliga kakaosmaken, i varje rulle.<\/strong><\/p>","protected":false},"excerpt":{"rendered":"<p>Ett \u00f6gonblick av of\u00f6rgl\u00f6mlig klassisk smak. En krispig och knaprig waferrulle fylld med rik kakaokr\u00e4m, alltid perfekt f\u00f6r dig och din familj. Med Happy Swing kan du njuta av balanserad s\u00f6tma och fantastisk konsistens.<\/p>","protected":false},"featured_media":52927,"template":"","meta":[],"product_brand":[],"product_cat":[377],"product_tag":[],"class_list":{"0":"post-52926","1":"product","2":"type-product","3":"status-publish","4":"has-post-thumbnail","6":"product_cat-377","8":"first","9":"outofstock","10":"taxable","11":"shipping-taxable","12":"purchasable","13":"product-type-simple"},"_links":{"self":[{"href":"https:\/\/senabel.com\/sv\/wp-json\/wp\/v2\/product\/52926","targetHints":{"allow":["GET"]}}],"collection":[{"href":"https:\/\/senabel.com\/sv\/wp-json\/wp\/v2\/product"}],"about":[{"href":"https:\/\/senabel.com\/sv\/wp-json\/wp\/v2\/types\/product"}],"version-history":[{"count":2,"href":"https:\/\/senabel.com\/sv\/wp-json\/wp\/v2\/product\/52926\/revisions"}],"predecessor-version":[{"id":52961,"href":"https:\/\/senabel.com\/sv\/wp-json\/wp\/v2\/product\/52926\/revisions\/52961"}],"wp:featuredmedia":[{"embeddable":true,"href":"https:\/\/senabel.com\/sv\/wp-json\/wp\/v2\/media\/52927"}],"wp:attachment":[{"href":"https:\/\/senabel.com\/sv\/wp-json\/wp\/v2\/media?parent=52926"}],"wp:term":[{"taxonomy":"product_brand","embeddable":true,"href":"https:\/\/senabel.com\/sv\/wp-json\/wp\/v2\/product_brand?post=52926"},{"taxonomy":"product_cat","embeddable":true,"href":"https:\/\/senabel.com\/sv\/wp-json\/wp\/v2\/product_cat?post=52926"},{"taxonomy":"product_tag","embeddable":true,"href":"https:\/\/senabel.com\/sv\/wp-json\/wp\/v2\/product_tag?post=52926"}],"curies":[{"name":"wp","href":"https:\/\/api.w.org\/{rel}","templated":true}]}}