{"id":52922,"date":"2025-06-13T14:13:00","date_gmt":"2025-06-13T14:13:00","guid":{"rendered":"https:\/\/senabel.com\/?post_type=product&#038;p=52922"},"modified":"2025-10-09T07:46:50","modified_gmt":"2025-10-09T07:46:50","slug":"salted-caramel-cream-wafer-roll-150g","status":"publish","type":"product","link":"https:\/\/senabel.com\/sv\/product\/salted-caramel-cream-wafer-roll-150g\/","title":{"rendered":"Waferrulle med saltad karamellkr\u00e4m - 150g"},"content":{"rendered":"<p data-start=\"140\" data-end=\"202\"><strong data-start=\"140\" data-end=\"202\">Happy Swing Rullar - Rullar med saltad karamellkr\u00e4m - 150g<\/strong><\/p>\n<p data-start=\"204\" data-end=\"401\">Njut av den perfekta kombinationen av s\u00f6tt och salt med Happy Swing-rullar fyllda med salt karamellkr\u00e4m. Den krispiga konsistensen och den rika smaken skapar en unik balans mellan mjukhet och krispighet.<\/p>\n<p data-start=\"403\" data-end=\"421\"><strong data-start=\"403\" data-end=\"421\">Produktens egenskaper:<\/strong><\/p>\n<ul data-start=\"423\" data-end=\"576\">\n<li data-start=\"423\" data-end=\"466\">\n<p data-start=\"425\" data-end=\"466\">Krispig waferrulle fylld med salt karamellkr\u00e4m<\/p>\n<\/li>\n<li data-start=\"467\" data-end=\"511\">\n<p data-start=\"469\" data-end=\"511\">En innovativ och tilltalande smak f\u00f6r \u00e4lskare av balanserade smaker<\/p>\n<\/li>\n<li data-start=\"512\" data-end=\"534\">\n<p data-start=\"514\" data-end=\"534\">Praktisk storlek: 150g<\/p>\n<\/li>\n<li data-start=\"535\" data-end=\"576\">\n<p data-start=\"537\" data-end=\"576\">Passar till kaffe, te eller som mellanm\u00e5l<\/p>\n<\/li>\n<\/ul>\n<p data-start=\"578\" data-end=\"646\"><strong data-start=\"578\" data-end=\"595\">Nettovikt:<\/strong> 150 gram<br data-start=\"604\" data-end=\"607\" \/><strong data-start=\"607\" data-end=\"618\">Smaken:<\/strong> Salt karamell<\/p>\n<p data-start=\"648\" data-end=\"668\"><strong data-start=\"648\" data-end=\"668\">F\u00f6rvaringsanvisningar:<\/strong><\/p>\n<ul data-start=\"670\" data-end=\"747\">\n<li data-start=\"670\" data-end=\"697\">\n<p data-start=\"672\" data-end=\"697\">F\u00f6rvaras p\u00e5 en sval och torr plats<\/p>\n<\/li>\n<li data-start=\"698\" data-end=\"747\">\n<p data-start=\"700\" data-end=\"747\">F\u00f6rslut t\u00e4tt efter \u00f6ppnandet f\u00f6r att bevara den krispiga konsistensen<\/p>\n<\/li>\n<\/ul>\n<p data-start=\"749\" data-end=\"810\"><strong data-start=\"749\" data-end=\"810\">Happy Swing... en smakrik karamell som ger en dj\u00e4rv twist till din vardagliga dessert.<\/strong><\/p>","protected":false},"excerpt":{"rendered":"<p>Njut av den perfekta kombinationen av s\u00f6tt och salt med Happy Swing-rullar fyllda med salt karamellkr\u00e4m. Den krispiga konsistensen och den rika smaken skapar en unik balans mellan mjukhet och krispighet.<\/p>","protected":false},"featured_media":52923,"template":"","meta":[],"product_brand":[],"product_cat":[377],"product_tag":[],"class_list":{"0":"post-52922","1":"product","2":"type-product","3":"status-publish","4":"has-post-thumbnail","6":"product_cat-377","8":"first","9":"outofstock","10":"taxable","11":"shipping-taxable","12":"purchasable","13":"product-type-simple"},"_links":{"self":[{"href":"https:\/\/senabel.com\/sv\/wp-json\/wp\/v2\/product\/52922","targetHints":{"allow":["GET"]}}],"collection":[{"href":"https:\/\/senabel.com\/sv\/wp-json\/wp\/v2\/product"}],"about":[{"href":"https:\/\/senabel.com\/sv\/wp-json\/wp\/v2\/types\/product"}],"version-history":[{"count":3,"href":"https:\/\/senabel.com\/sv\/wp-json\/wp\/v2\/product\/52922\/revisions"}],"predecessor-version":[{"id":52962,"href":"https:\/\/senabel.com\/sv\/wp-json\/wp\/v2\/product\/52922\/revisions\/52962"}],"wp:featuredmedia":[{"embeddable":true,"href":"https:\/\/senabel.com\/sv\/wp-json\/wp\/v2\/media\/52923"}],"wp:attachment":[{"href":"https:\/\/senabel.com\/sv\/wp-json\/wp\/v2\/media?parent=52922"}],"wp:term":[{"taxonomy":"product_brand","embeddable":true,"href":"https:\/\/senabel.com\/sv\/wp-json\/wp\/v2\/product_brand?post=52922"},{"taxonomy":"product_cat","embeddable":true,"href":"https:\/\/senabel.com\/sv\/wp-json\/wp\/v2\/product_cat?post=52922"},{"taxonomy":"product_tag","embeddable":true,"href":"https:\/\/senabel.com\/sv\/wp-json\/wp\/v2\/product_tag?post=52922"}],"curies":[{"name":"wp","href":"https:\/\/api.w.org\/{rel}","templated":true}]}}