{"id":52919,"date":"2025-06-13T14:13:00","date_gmt":"2025-06-13T14:13:00","guid":{"rendered":"https:\/\/senabel.com\/?post_type=product&#038;p=52919"},"modified":"2025-10-09T12:29:42","modified_gmt":"2025-10-09T12:29:42","slug":"waffelrulle-fylld-med-hasselnotskram-150g","status":"publish","type":"product","link":"https:\/\/senabel.com\/sv\/product\/wafer-roll-filled-with-hazelnut-cream-150g\/","title":{"rendered":"Waferrulle fylld med hasseln\u00f6tskr\u00e4m - 150g"},"content":{"rendered":"<p data-start=\"134\" data-end=\"192\"><strong data-start=\"134\" data-end=\"192\">Happy Swing Rolls - Hasseln\u00f6tskr\u00e4mfyllda waferrullar - 150g<\/strong><\/p>\n<p data-start=\"194\" data-end=\"386\">Lyxig hasseln\u00f6tssmak m\u00f6ter krispig konsistens i Happy Swing Rolls. L\u00e4tta waferrullar fyllda med len hasseln\u00f6tskr\u00e4m g\u00f6r varje tugga till en oemotst\u00e5ndlig upplevelse, perfekt till en kopp kaffe eller som mellanm\u00e5l f\u00f6r b\u00e5de barn och vuxna.<\/p>\n<p data-start=\"388\" data-end=\"406\"><strong data-start=\"388\" data-end=\"406\">Produktens egenskaper:<\/strong><\/p>\n<ul data-start=\"408\" data-end=\"565\">\n<li data-start=\"408\" data-end=\"447\">\n<p data-start=\"410\" data-end=\"447\">En krispig waferrulle fylld med en lyxig hasseln\u00f6tskr\u00e4m<\/p>\n<\/li>\n<li data-start=\"448\" data-end=\"488\">\n<p data-start=\"450\" data-end=\"488\">En naturlig, kornig smak som passar alla smaker<\/p>\n<\/li>\n<li data-start=\"489\" data-end=\"520\">\n<p data-start=\"491\" data-end=\"520\">150 g ekonomif\u00f6rpackning<\/p>\n<\/li>\n<li data-start=\"521\" data-end=\"565\">\n<p data-start=\"523\" data-end=\"565\">Perfekt f\u00f6r servering eller vardagliga mellanm\u00e5l<\/p>\n<\/li>\n<\/ul>\n<p data-start=\"567\" data-end=\"618\"><strong data-start=\"567\" data-end=\"584\">Nettovikt:<\/strong> 150 gram<br data-start=\"593\" data-end=\"596\" \/><strong data-start=\"596\" data-end=\"607\">Smaken:<\/strong> Hasseln\u00f6t (n\u00f6t)<\/p>\n<p data-start=\"620\" data-end=\"640\"><strong data-start=\"620\" data-end=\"640\">F\u00f6rvaringsanvisningar:<\/strong><\/p>\n<ul data-start=\"642\" data-end=\"723\">\n<li data-start=\"642\" data-end=\"669\">\n<p data-start=\"644\" data-end=\"669\">F\u00f6rvaras p\u00e5 en sval och torr plats<\/p>\n<\/li>\n<li data-start=\"670\" data-end=\"723\">\n<p data-start=\"672\" data-end=\"723\">F\u00f6rslut v\u00e4l efter \u00f6ppnandet f\u00f6r att bevara krispighet och f\u00e4rskhet<\/p>\n<\/li>\n<\/ul>\n<p data-start=\"725\" data-end=\"778\"><strong data-start=\"725\" data-end=\"778\">Happy Swing... Originalsmakande hasseln\u00f6tter i en glad gunga.<\/strong><\/p>","protected":false},"excerpt":{"rendered":"<p>Lyxig hasseln\u00f6tssmak m\u00f6ter krispig konsistens i Happy Swing Rolls. L\u00e4tta waferrullar fyllda med len hasseln\u00f6tskr\u00e4m g\u00f6r varje tugga till en oemotst\u00e5ndlig upplevelse, perfekt till en kopp kaffe eller som mellanm\u00e5l f\u00f6r b\u00e5de barn och vuxna.<\/p>","protected":false},"featured_media":52920,"template":"","meta":[],"product_brand":[],"product_cat":[377],"product_tag":[],"class_list":{"0":"post-52919","1":"product","2":"type-product","3":"status-publish","4":"has-post-thumbnail","6":"product_cat-377","8":"first","9":"outofstock","10":"taxable","11":"shipping-taxable","12":"purchasable","13":"product-type-simple"},"_links":{"self":[{"href":"https:\/\/senabel.com\/sv\/wp-json\/wp\/v2\/product\/52919","targetHints":{"allow":["GET"]}}],"collection":[{"href":"https:\/\/senabel.com\/sv\/wp-json\/wp\/v2\/product"}],"about":[{"href":"https:\/\/senabel.com\/sv\/wp-json\/wp\/v2\/types\/product"}],"version-history":[{"count":1,"href":"https:\/\/senabel.com\/sv\/wp-json\/wp\/v2\/product\/52919\/revisions"}],"predecessor-version":[{"id":52921,"href":"https:\/\/senabel.com\/sv\/wp-json\/wp\/v2\/product\/52919\/revisions\/52921"}],"wp:featuredmedia":[{"embeddable":true,"href":"https:\/\/senabel.com\/sv\/wp-json\/wp\/v2\/media\/52920"}],"wp:attachment":[{"href":"https:\/\/senabel.com\/sv\/wp-json\/wp\/v2\/media?parent=52919"}],"wp:term":[{"taxonomy":"product_brand","embeddable":true,"href":"https:\/\/senabel.com\/sv\/wp-json\/wp\/v2\/product_brand?post=52919"},{"taxonomy":"product_cat","embeddable":true,"href":"https:\/\/senabel.com\/sv\/wp-json\/wp\/v2\/product_cat?post=52919"},{"taxonomy":"product_tag","embeddable":true,"href":"https:\/\/senabel.com\/sv\/wp-json\/wp\/v2\/product_tag?post=52919"}],"curies":[{"name":"wp","href":"https:\/\/api.w.org\/{rel}","templated":true}]}}