{"id":52915,"date":"2025-06-13T14:13:12","date_gmt":"2025-06-13T14:13:12","guid":{"rendered":"https:\/\/senabel.com\/?post_type=product&#038;p=52915"},"modified":"2025-10-06T10:21:08","modified_gmt":"2025-10-06T10:21:08","slug":"vaniljkram-ranrulle-150g","status":"publish","type":"product","link":"https:\/\/senabel.com\/sv\/product\/vanilla-cream-wafer-roll-150g\/","title":{"rendered":"Vaniljkr\u00e4m Wafer Roll - 150g"},"content":{"rendered":"<p data-start=\"150\" data-end=\"205\"><strong data-start=\"150\" data-end=\"205\">Happy Swing Rullar - Vaniljkr\u00e4msrullar - 150g<\/strong><\/p>\n<p data-start=\"207\" data-end=\"361\">Njut av \u00f6gonblick av l\u00e4tt s\u00f6tma med Happy Swing Rolls, knapriga rullformade kex fyllda med len vaniljkr\u00e4m. Perfekt till kaffet eller som ett mellanm\u00e5l hela dagen.<\/p>\n<p data-start=\"363\" data-end=\"381\"><strong data-start=\"363\" data-end=\"381\">Produktens egenskaper:<\/strong><\/p>\n<ul data-start=\"383\" data-end=\"522\">\n<li data-start=\"383\" data-end=\"425\">\n<p data-start=\"385\" data-end=\"425\">En krispig waferrulle fylld med mjuk vaniljfrosting<\/p>\n<\/li>\n<li data-start=\"426\" data-end=\"459\">\n<p data-start=\"428\" data-end=\"459\">Smaken \u00e4r balanserad mellan s\u00f6tma och l\u00e4tthet<\/p>\n<\/li>\n<li data-start=\"460\" data-end=\"496\">\n<p data-start=\"462\" data-end=\"496\">L\u00e4mplig att servera eller \u00e4ta direkt<\/p>\n<\/li>\n<li data-start=\"497\" data-end=\"522\">\n<p data-start=\"499\" data-end=\"522\">Ekonomisk vikt: 150g<\/p>\n<\/li>\n<\/ul>\n<p data-start=\"524\" data-end=\"611\"><strong data-start=\"524\" data-end=\"541\">Nettovikt:<\/strong> 150 gram<br data-start=\"550\" data-end=\"553\" \/><strong data-start=\"553\" data-end=\"564\">Smaken:<\/strong> Vanilj<br data-start=\"571\" data-end=\"574\" \/><strong data-start=\"574\" data-end=\"589\">Ursprungsland:<\/strong> Enligt f\u00f6rpackningen<\/p>\n<p data-start=\"613\" data-end=\"633\"><strong data-start=\"613\" data-end=\"633\">F\u00f6rvaringsanvisningar:<\/strong><\/p>\n<ul data-start=\"635\" data-end=\"707\">\n<li data-start=\"635\" data-end=\"662\">\n<p data-start=\"637\" data-end=\"662\">F\u00f6rvaras p\u00e5 en sval och torr plats<\/p>\n<\/li>\n<li data-start=\"663\" data-end=\"707\">\n<p data-start=\"665\" data-end=\"707\">F\u00f6rslut v\u00e4l efter \u00f6ppnandet f\u00f6r att bevara krispigheten<\/p>\n<\/li>\n<\/ul>\n<p data-start=\"709\" data-end=\"748\"><strong data-start=\"709\" data-end=\"748\">Happy Swing... en lycklig rulle med varje tugga.<\/strong><\/p>","protected":false},"excerpt":{"rendered":"<p>Njut av \u00f6gonblick av l\u00e4tt s\u00f6tma med Happy Swing Rolls, knapriga rullformade kex fyllda med len vaniljkr\u00e4m. Perfekt till kaffet eller som ett mellanm\u00e5l hela dagen.<\/p>","protected":false},"featured_media":52916,"template":"","meta":[],"product_brand":[],"product_cat":[377],"product_tag":[],"class_list":{"0":"post-52915","1":"product","2":"type-product","3":"status-publish","4":"has-post-thumbnail","6":"product_cat-377","8":"first","9":"outofstock","10":"taxable","11":"shipping-taxable","12":"purchasable","13":"product-type-simple"},"_links":{"self":[{"href":"https:\/\/senabel.com\/sv\/wp-json\/wp\/v2\/product\/52915","targetHints":{"allow":["GET"]}}],"collection":[{"href":"https:\/\/senabel.com\/sv\/wp-json\/wp\/v2\/product"}],"about":[{"href":"https:\/\/senabel.com\/sv\/wp-json\/wp\/v2\/types\/product"}],"version-history":[{"count":2,"href":"https:\/\/senabel.com\/sv\/wp-json\/wp\/v2\/product\/52915\/revisions"}],"predecessor-version":[{"id":52918,"href":"https:\/\/senabel.com\/sv\/wp-json\/wp\/v2\/product\/52915\/revisions\/52918"}],"wp:featuredmedia":[{"embeddable":true,"href":"https:\/\/senabel.com\/sv\/wp-json\/wp\/v2\/media\/52916"}],"wp:attachment":[{"href":"https:\/\/senabel.com\/sv\/wp-json\/wp\/v2\/media?parent=52915"}],"wp:term":[{"taxonomy":"product_brand","embeddable":true,"href":"https:\/\/senabel.com\/sv\/wp-json\/wp\/v2\/product_brand?post=52915"},{"taxonomy":"product_cat","embeddable":true,"href":"https:\/\/senabel.com\/sv\/wp-json\/wp\/v2\/product_cat?post=52915"},{"taxonomy":"product_tag","embeddable":true,"href":"https:\/\/senabel.com\/sv\/wp-json\/wp\/v2\/product_tag?post=52915"}],"curies":[{"name":"wp","href":"https:\/\/api.w.org\/{rel}","templated":true}]}}