{"id":52900,"date":"2025-06-12T20:47:24","date_gmt":"2025-06-12T20:47:24","guid":{"rendered":"https:\/\/senabel.com\/?post_type=product&#038;p=52900"},"modified":"2025-08-03T03:58:56","modified_gmt":"2025-08-03T03:58:56","slug":"pressa-citron-och-myntajuice-12-pasar","status":"publish","type":"product","link":"https:\/\/senabel.com\/sv\/product\/squeeze-lemon-mint-juice-12-sachets\/","title":{"rendered":"Squeeze citron- och myntajuice - 12 f\u00f6rpackningar"},"content":{"rendered":"<p data-start=\"144\" data-end=\"189\"><strong data-start=\"144\" data-end=\"189\">Squeeze Squeeze - Citron- och myntajuice - 12 f\u00f6rpackningar<\/strong><\/p>\n<p data-start=\"191\" data-end=\"381\">Den verkliga f\u00f6rfriskningen b\u00f6rjar med den f\u00f6rsta klunken! Squeeze \u00e4r smaksatt med naturlig citron och \u00e4kta mynta, med bitar av torkad mynta, f\u00f6r att skapa en uppfriskande dryck med en autentisk orientalisk karakt\u00e4r, i en f\u00f6rpackning med 12 kuvert f\u00f6r att g\u00f6ra 12 liter juice.<\/p>\n<p data-start=\"383\" data-end=\"401\"><strong data-start=\"383\" data-end=\"401\">Produktens egenskaper:<\/strong><\/p>\n<ul data-start=\"403\" data-end=\"554\">\n<li data-start=\"403\" data-end=\"437\">\n<p data-start=\"405\" data-end=\"437\">Uppfriskande citronsmak med naturlig mynta<\/p>\n<\/li>\n<li data-start=\"438\" data-end=\"467\">\n<p data-start=\"440\" data-end=\"467\">Inneh\u00e5ller \u00e4kta mintbitar<\/p>\n<\/li>\n<li data-start=\"468\" data-end=\"505\">\n<p data-start=\"470\" data-end=\"505\">12 kuvert med koncentrat - varje kuvert ger 1 liter<\/p>\n<\/li>\n<li data-start=\"506\" data-end=\"554\">\n<p data-start=\"508\" data-end=\"554\">L\u00e4mplig att servera under varma dagar eller till m\u00e5ltider<\/p>\n<\/li>\n<\/ul>\n<p data-start=\"556\" data-end=\"621\"><strong data-start=\"556\" data-end=\"573\">Nettovikt:<\/strong> 360g (12 x 30g)<br data-start=\"593\" data-end=\"596\" \/><strong data-start=\"596\" data-end=\"607\">Smaken:<\/strong> Citron med mynta<\/p>\n<p data-start=\"623\" data-end=\"722\"><strong data-start=\"623\" data-end=\"641\">Metoden f\u00f6r beredning:<\/strong><br data-start=\"641\" data-end=\"644\" \/>Tills\u00e4tt inneh\u00e5llet i kuvertet till 1 liter kallt vatten, r\u00f6r om och njut av den uppfriskande smaken.<\/p>\n<p data-start=\"724\" data-end=\"773\"><strong data-start=\"724\" data-end=\"773\">Squeeze Lemon &amp; Mint... en naturlig smak som fr\u00e4schar upp dig hela tiden.<\/strong><\/p>","protected":false},"excerpt":{"rendered":"<p>Den verkliga f\u00f6rfriskningen b\u00f6rjar med den f\u00f6rsta klunken! Squeeze \u00e4r smaksatt med naturlig citron och \u00e4kta mynta, med bitar av torkad mynta, f\u00f6r att skapa en uppfriskande dryck med en autentisk orientalisk karakt\u00e4r, i en f\u00f6rpackning med 12 kuvert f\u00f6r att g\u00f6ra 12 liter juice.<\/p>","protected":false},"featured_media":52901,"template":"","meta":[],"product_brand":[],"product_cat":[430,347],"product_tag":[],"class_list":{"0":"post-52900","1":"product","2":"type-product","3":"status-publish","4":"has-post-thumbnail","6":"product_cat-430","7":"product_cat-347","9":"first","10":"outofstock","11":"taxable","12":"shipping-taxable","13":"purchasable","14":"product-type-simple"},"_links":{"self":[{"href":"https:\/\/senabel.com\/sv\/wp-json\/wp\/v2\/product\/52900","targetHints":{"allow":["GET"]}}],"collection":[{"href":"https:\/\/senabel.com\/sv\/wp-json\/wp\/v2\/product"}],"about":[{"href":"https:\/\/senabel.com\/sv\/wp-json\/wp\/v2\/types\/product"}],"version-history":[{"count":2,"href":"https:\/\/senabel.com\/sv\/wp-json\/wp\/v2\/product\/52900\/revisions"}],"predecessor-version":[{"id":52903,"href":"https:\/\/senabel.com\/sv\/wp-json\/wp\/v2\/product\/52900\/revisions\/52903"}],"wp:featuredmedia":[{"embeddable":true,"href":"https:\/\/senabel.com\/sv\/wp-json\/wp\/v2\/media\/52901"}],"wp:attachment":[{"href":"https:\/\/senabel.com\/sv\/wp-json\/wp\/v2\/media?parent=52900"}],"wp:term":[{"taxonomy":"product_brand","embeddable":true,"href":"https:\/\/senabel.com\/sv\/wp-json\/wp\/v2\/product_brand?post=52900"},{"taxonomy":"product_cat","embeddable":true,"href":"https:\/\/senabel.com\/sv\/wp-json\/wp\/v2\/product_cat?post=52900"},{"taxonomy":"product_tag","embeddable":true,"href":"https:\/\/senabel.com\/sv\/wp-json\/wp\/v2\/product_tag?post=52900"}],"curies":[{"name":"wp","href":"https:\/\/api.w.org\/{rel}","templated":true}]}}